{"id":67339,"date":"2025-04-25T09:06:31","date_gmt":"2025-04-25T09:06:31","guid":{"rendered":"https:\/\/e.kosmolat.eu\/product\/lk-balz-maska-pret-matu-izkr-ar-olivellu-un-dizdadza-ellu-plan-ret-un-novaj-mat-370-ml\/"},"modified":"2026-04-24T05:56:46","modified_gmt":"2026-04-24T05:56:46","slug":"lk-balz-maska-pret-matu-izkr-ar-olivellu-un-dizdadza-ellu-plan-ret-un-novaj-mat-370-ml","status":"publish","type":"product","link":"https:\/\/e.kosmolat.eu\/lv\/product\/lk-balz-maska-pret-matu-izkr-ar-olivellu-un-dizdadza-ellu-plan-ret-un-novaj-mat-370-ml\/","title":{"rendered":"LK Balz.-maska pret matu izkr. ar ol\u012bve\u013clu un di\u017edad\u017ea e\u013clu pl\u0101n., ret. un nov\u0101j. mat., 370 ml"},"content":{"rendered":"<p>Balzams-maska ir paredz\u0113ta pl\u0101nu, nov\u0101jin\u0101tu matu kop\u0161anai ar tendenci uz izkri\u0161anu. Di\u017edad\u017ea un kalmes e\u013c\u013cas stiprina matu saknes, nov\u0113r\u0161ot to izkri\u0161anu; ol\u012bve\u013c\u013ca un kukur\u016bzas prote\u012bni mitrina un baro matus, uzlabojot to st\u0101vokli. Lins\u0113klas pie\u0161\u0137ir m\u012bkstumu un z\u012bdain\u012bbu, piepildot nov\u0101jin\u0101tus matus ar dabisku sp\u0113ku un veicinot to aug\u0161anu.<\/p>\n<p>Lieto\u0161ana: uzkl\u0101jiet balzamu-masku uz t\u012briem, mitriem matiem, sadaliet vis\u0101 matu garum\u0101, atst\u0101jiet uz 2-3 min\u016bt\u0113m un noskalojiet ar siltu \u016bdeni.<\/p>\n<p>Piesardz\u012bbas pas\u0101kumi: tikai \u0101r\u012bgai lieto\u0161anai. Ja produkts iek\u013c\u016bst ac\u012bs, r\u016bp\u012bgi izskalojiet t\u0101s ar \u016bdeni, ja nepiecie\u0161ams, konsult\u0113jieties ar \u0101rstu.<\/p>\n<p>Br\u012bdin\u0101jums: iesp\u0113jama individu\u0101la paaugstin\u0101ta jut\u012bba pret atsevi\u0161\u0137\u0101m sast\u0101vda\u013c\u0101m.<\/p>\n<p>Uzglab\u0101t temperat\u016br\u0101 no +5 \u00b0C l\u012bdz +25\u00b0C, sarg\u0101jot no tie\u0161iem saules stariem. Uzglab\u0101t vismaz 0,5 m att\u0101lum\u0101 no apkures ier\u012bc\u0113m.<\/p>\n<p>Der\u012bguma termi\u0146\u0161: 24 m\u0113ne\u0161i no izgatavo\u0161anas datuma.<\/p>\n","protected":false},"excerpt":{"rendered":"<p>Balzams-maska ir paredz\u0113ta pl\u0101nu, nov\u0101jin\u0101tu matu kop\u0161anai ar tendenci uz izkri\u0161anu. Di\u017edad\u017ea un kalmes e\u013c\u013cas stiprina matu saknes, nov\u0113r\u0161ot to izkri\u0161anu; ol\u012bve\u013c\u013ca un kukur\u016bzas prote\u012bni mitrina un baro matus, uzlabojot to st\u0101vokli. Lins\u0113klas pie\u0161\u0137ir m\u012bkstumu un z\u012bdain\u012bbu, piepildot nov\u0101jin\u0101tus matus ar dabisku sp\u0113ku un veicinot to aug\u0161anu. Lieto\u0161ana: uzkl\u0101jiet balzamu-masku uz t\u012briem, mitriem matiem, sadaliet [&#8230;]\n","protected":false},"featured_media":96866,"template":"","meta":[],"product_cat":[1254],"product_tag":[],"class_list":{"0":"post-67339","1":"product","2":"type-product","3":"status-publish","4":"has-post-thumbnail","6":"product_brand-aljans-krasoti_ua","7":"product_cat-maskas-matiem","9":"first","10":"instock","11":"taxable","12":"shipping-taxable","13":"product-type-simple"},"_links":{"self":[{"href":"https:\/\/e.kosmolat.eu\/lv\/wp-json\/wp\/v2\/product\/67339","targetHints":{"allow":["GET"]}}],"collection":[{"href":"https:\/\/e.kosmolat.eu\/lv\/wp-json\/wp\/v2\/product"}],"about":[{"href":"https:\/\/e.kosmolat.eu\/lv\/wp-json\/wp\/v2\/types\/product"}],"wp:featuredmedia":[{"embeddable":true,"href":"https:\/\/e.kosmolat.eu\/lv\/wp-json\/wp\/v2\/media\/96866"}],"wp:attachment":[{"href":"https:\/\/e.kosmolat.eu\/lv\/wp-json\/wp\/v2\/media?parent=67339"}],"wp:term":[{"taxonomy":"product_cat","embeddable":true,"href":"https:\/\/e.kosmolat.eu\/lv\/wp-json\/wp\/v2\/product_cat?post=67339"},{"taxonomy":"product_tag","embeddable":true,"href":"https:\/\/e.kosmolat.eu\/lv\/wp-json\/wp\/v2\/product_tag?post=67339"}],"curies":[{"name":"wp","href":"https:\/\/api.w.org\/{rel}","templated":true}]}}