{"id":67331,"date":"2025-04-25T06:16:43","date_gmt":"2025-04-25T06:16:43","guid":{"rendered":"https:\/\/e.kosmolat.eu\/product\/viorica-vannas-perles-adas-mikstin-ar-urinvielu-525-g\/"},"modified":"2026-03-30T17:31:45","modified_gmt":"2026-03-30T17:31:45","slug":"viorica-vannas-perles-adas-mikstin-ar-urinvielu-525-g","status":"publish","type":"product","link":"https:\/\/e.kosmolat.eu\/lv\/product\/viorica-vannas-perles-adas-mikstin-ar-urinvielu-525-g\/","title":{"rendered":"VIORICA Vannas p\u0113rles \u0101das m\u012bkstin. ar ur\u012bnvielu, 525 g"},"content":{"rendered":"<p>\u0160is koncentr\u0113tais l\u012bdzeklis ir paredz\u0113ts kompleksai roku, k\u0101ju un \u0137erme\u0146a \u0101das kop\u0161anai. To var izmantot gan \u0101das un nagu sagatavo\u0161anai manik\u012bram un\/vai pedik\u012bram, gan ar\u012b vannas baud\u012b\u0161anai. Iz\u0161\u0137\u012bdinot silt\u0101 \u016bden\u012b, ur\u012bnviela akt\u012bvi c\u012bn\u0101s ar sausumu un lob\u012b\u0161anos, veicina dzi\u013cu \u0101das mitrin\u0101\u0161anu. E vitam\u012bns un avokado e\u013c\u013ca uzlabo \u0101das elast\u012bbu un pie\u0161\u0137ir maigumu, savuk\u0101rt kumel\u012b\u0161u ekstrakts nodro\u0161ina nomierino\u0161u iedarb\u012bbu.<\/p>\n<p>Lieto\u0161ana: roku un k\u0101ju vanni\u0146\u0101m: iz\u0161\u0137\u012bdiniet pusi v\u0101ci\u0146a (20\u201325 g) l\u012bdzek\u013ca 3\u20134 litros silta \u016bdens. Proced\u016bras ilgums \u2014 10\u201315 min\u016btes. P\u0113c tam noskalojiet rokas un k\u0101jas ar \u016bdeni un r\u016bp\u012bgi nosusiniet. Vannai: iz\u0161\u0137\u012bdiniet veselu v\u0101ci\u0146u (50\u201370 g) l\u012bdzek\u013ca silt\u0101 \u016bden\u012b vid\u0113ja izm\u0113ra vannai.<\/p>\n<p>Uzglab\u0101t temperat\u016br\u0101 no +5 \u00b0C l\u012bdz +25 \u00b0C, sarg\u0101jot no tie\u0161iem saules stariem. <\/p>\n<p>Der\u012bguma termi\u0146\u0161: 36 m\u0113ne\u0161i.<\/p>\n","protected":false},"excerpt":{"rendered":"<p>\u0160is koncentr\u0113tais l\u012bdzeklis ir paredz\u0113ts kompleksai roku, k\u0101ju un \u0137erme\u0146a \u0101das kop\u0161anai. To var izmantot gan \u0101das un nagu sagatavo\u0161anai manik\u012bram un\/vai pedik\u012bram, gan ar\u012b vannas baud\u012b\u0161anai. Iz\u0161\u0137\u012bdinot silt\u0101 \u016bden\u012b, ur\u012bnviela akt\u012bvi c\u012bn\u0101s ar sausumu un lob\u012b\u0161anos, veicina dzi\u013cu \u0101das mitrin\u0101\u0161anu. E vitam\u012bns un avokado e\u013c\u013ca uzlabo \u0101das elast\u012bbu un pie\u0161\u0137ir maigumu, savuk\u0101rt kumel\u012b\u0161u ekstrakts [&#8230;]\n","protected":false},"featured_media":94070,"template":"","meta":[],"product_cat":[1610],"product_tag":[],"class_list":{"0":"post-67331","1":"product","2":"type-product","3":"status-publish","4":"has-post-thumbnail","6":"product_brand-viorica-cosmeplant_bg","7":"product_cat-vannas-putas-sali-bumbas","9":"first","10":"outofstock","11":"taxable","12":"shipping-taxable","13":"product-type-simple"},"_links":{"self":[{"href":"https:\/\/e.kosmolat.eu\/lv\/wp-json\/wp\/v2\/product\/67331","targetHints":{"allow":["GET"]}}],"collection":[{"href":"https:\/\/e.kosmolat.eu\/lv\/wp-json\/wp\/v2\/product"}],"about":[{"href":"https:\/\/e.kosmolat.eu\/lv\/wp-json\/wp\/v2\/types\/product"}],"wp:featuredmedia":[{"embeddable":true,"href":"https:\/\/e.kosmolat.eu\/lv\/wp-json\/wp\/v2\/media\/94070"}],"wp:attachment":[{"href":"https:\/\/e.kosmolat.eu\/lv\/wp-json\/wp\/v2\/media?parent=67331"}],"wp:term":[{"taxonomy":"product_cat","embeddable":true,"href":"https:\/\/e.kosmolat.eu\/lv\/wp-json\/wp\/v2\/product_cat?post=67331"},{"taxonomy":"product_tag","embeddable":true,"href":"https:\/\/e.kosmolat.eu\/lv\/wp-json\/wp\/v2\/product_tag?post=67331"}],"curies":[{"name":"wp","href":"https:\/\/api.w.org\/{rel}","templated":true}]}}