{"id":67323,"date":"2025-04-25T06:16:28","date_gmt":"2025-04-25T06:16:28","guid":{"rendered":"https:\/\/e.kosmolat.eu\/product\/viorica-eksfoliejosa-dusas-zel-krems-250-ml\/"},"modified":"2026-04-16T10:00:11","modified_gmt":"2026-04-16T10:00:11","slug":"viorica-eksfoliejosa-dusas-zel-krems-250-ml","status":"publish","type":"product","link":"https:\/\/e.kosmolat.eu\/lv\/product\/viorica-eksfoliejosa-dusas-zel-krems-250-ml\/","title":{"rendered":"VIORICA Eksfoli\u0113jo\u0161a du\u0161as \u017eel.-kr\u0113ms, 250 ml"},"content":{"rendered":"<p>Izstr\u0101d\u0101ta maigiem \u0101das kop\u0161anas ritu\u0101liem. Kremveida tekst\u016bra k\u016bst un p\u0101rv\u0113r\u0161as viegl\u0101s put\u0101s, ap\u0146emot \u0101du ar maigu apriko\u017eu arom\u0101tu. Apriko\u017eu kauli\u0146u p\u016bderis nodro\u0161ina maigu att\u012br\u012b\u0161anu un eksfoliaciju, savuk\u0101rt apriko\u017eu e\u013c\u013ca mitrina \u0101du, padarot to m\u012bkstu un gludu. <\/p>\n<p>Lieto\u0161ana: uzkl\u0101jiet uz mitras \u0101das un viegli iemas\u0113jiet, p\u0113c tam noskalojiet ar \u016bdeni. Lietojiet 1\u20133 reizes ned\u0113\u013c\u0101. <\/p>\n<p>Uzglab\u0101t temperat\u016br\u0101 no +5 \u00b0C l\u012bdz +25 \u00b0C, sarg\u0101jot no tie\u0161iem saules stariem. <\/p>\n<p>Der\u012bguma termi\u0146\u0161: 30 m\u0113ne\u0161i.<\/p>\n","protected":false},"excerpt":{"rendered":"<p>Izstr\u0101d\u0101ta maigiem \u0101das kop\u0161anas ritu\u0101liem. Kremveida tekst\u016bra k\u016bst un p\u0101rv\u0113r\u0161as viegl\u0101s put\u0101s, ap\u0146emot \u0101du ar maigu apriko\u017eu arom\u0101tu. Apriko\u017eu kauli\u0146u p\u016bderis nodro\u0161ina maigu att\u012br\u012b\u0161anu un eksfoliaciju, savuk\u0101rt apriko\u017eu e\u013c\u013ca mitrina \u0101du, padarot to m\u012bkstu un gludu. Lieto\u0161ana: uzkl\u0101jiet uz mitras \u0101das un viegli iemas\u0113jiet, p\u0113c tam noskalojiet ar \u016bdeni. Lietojiet 1\u20133 reizes ned\u0113\u013c\u0101. Uzglab\u0101t temperat\u016br\u0101 [&#8230;]\n","protected":false},"featured_media":94066,"template":"","meta":[],"product_cat":[2181],"product_tag":[],"class_list":{"0":"post-67323","1":"product","2":"type-product","3":"status-publish","4":"has-post-thumbnail","6":"product_brand-viorica-cosmeplant_bg","7":"product_cat-bez-kategorijas-lt","9":"first","10":"instock","11":"taxable","12":"shipping-taxable","13":"product-type-simple"},"_links":{"self":[{"href":"https:\/\/e.kosmolat.eu\/lv\/wp-json\/wp\/v2\/product\/67323","targetHints":{"allow":["GET"]}}],"collection":[{"href":"https:\/\/e.kosmolat.eu\/lv\/wp-json\/wp\/v2\/product"}],"about":[{"href":"https:\/\/e.kosmolat.eu\/lv\/wp-json\/wp\/v2\/types\/product"}],"wp:featuredmedia":[{"embeddable":true,"href":"https:\/\/e.kosmolat.eu\/lv\/wp-json\/wp\/v2\/media\/94066"}],"wp:attachment":[{"href":"https:\/\/e.kosmolat.eu\/lv\/wp-json\/wp\/v2\/media?parent=67323"}],"wp:term":[{"taxonomy":"product_cat","embeddable":true,"href":"https:\/\/e.kosmolat.eu\/lv\/wp-json\/wp\/v2\/product_cat?post=67323"},{"taxonomy":"product_tag","embeddable":true,"href":"https:\/\/e.kosmolat.eu\/lv\/wp-json\/wp\/v2\/product_tag?post=67323"}],"curies":[{"name":"wp","href":"https:\/\/api.w.org\/{rel}","templated":true}]}}