{"id":67307,"date":"2025-04-24T13:20:43","date_gmt":"2025-04-24T13:20:43","guid":{"rendered":"https:\/\/e.kosmolat.eu\/product\/claire-collagen-active-pro-dienas-kr-65-visiem-ad-tip-50-ml-2\/"},"modified":"2026-05-09T05:58:24","modified_gmt":"2026-05-09T05:58:24","slug":"claire-collagen-active-pro-dienas-kr-65-visiem-ad-tip-50-ml-2","status":"publish","type":"product","link":"https:\/\/e.kosmolat.eu\/lv\/product\/claire-collagen-active-pro-dienas-kr-65-visiem-ad-tip-50-ml-2\/","title":{"rendered":"CLAIRE Collagen Active Pro Dienas kr. 65+ visiem \u0101d. tip., 50 ml"},"content":{"rendered":"<p>Izl\u012bdzina grumbas, dzi\u013ci mitrina, palielina \u0101das tvirtumu un elast\u012bbu. <\/p>\n<p>Lieto\u0161ana: uzkl\u0101jiet kr\u0113mu no r\u012bta uz att\u012br\u012btas sejas \u0101das, kakla un dekolt\u0113 zonas pa mas\u0101\u017eas l\u012bnij\u0101m. Lai sasniegtu maksim\u0101lu efektu, ieteicams pirms kr\u0113ma uzkl\u0101\u0161anas mitrin\u0101t \u0101du ar COLLAGEN ACTIVE PRO toniku. Kr\u0113mu var izmantot k\u0101 grima b\u0101zi.<\/p>\n<p>Uzglab\u0101\u0161anas temperat\u016bra: +5 \u00b0\u0421 &#8211; +25 \u00b0\u0421.<\/p>\n","protected":false},"excerpt":{"rendered":"<p>Izl\u012bdzina grumbas, dzi\u013ci mitrina, palielina \u0101das tvirtumu un elast\u012bbu. Lieto\u0161ana: uzkl\u0101jiet kr\u0113mu no r\u012bta uz att\u012br\u012btas sejas \u0101das, kakla un dekolt\u0113 zonas pa mas\u0101\u017eas l\u012bnij\u0101m. Lai sasniegtu maksim\u0101lu efektu, ieteicams pirms kr\u0113ma uzkl\u0101\u0161anas mitrin\u0101t \u0101du ar COLLAGEN ACTIVE PRO toniku. Kr\u0113mu var izmantot k\u0101 grima b\u0101zi. Uzglab\u0101\u0161anas temperat\u016bra: +5 \u00b0\u0421 &#8211; +25 \u00b0\u0421.<\/p>\n","protected":false},"featured_media":94054,"template":"","meta":[],"product_cat":[1323],"product_tag":[],"class_list":{"0":"post-67307","1":"product","2":"type-product","3":"status-publish","4":"has-post-thumbnail","6":"product_brand-private-label","7":"product_cat-1323","9":"first","10":"instock","11":"taxable","12":"shipping-taxable","13":"product-type-simple"},"_links":{"self":[{"href":"https:\/\/e.kosmolat.eu\/lv\/wp-json\/wp\/v2\/product\/67307","targetHints":{"allow":["GET"]}}],"collection":[{"href":"https:\/\/e.kosmolat.eu\/lv\/wp-json\/wp\/v2\/product"}],"about":[{"href":"https:\/\/e.kosmolat.eu\/lv\/wp-json\/wp\/v2\/types\/product"}],"wp:featuredmedia":[{"embeddable":true,"href":"https:\/\/e.kosmolat.eu\/lv\/wp-json\/wp\/v2\/media\/94054"}],"wp:attachment":[{"href":"https:\/\/e.kosmolat.eu\/lv\/wp-json\/wp\/v2\/media?parent=67307"}],"wp:term":[{"taxonomy":"product_cat","embeddable":true,"href":"https:\/\/e.kosmolat.eu\/lv\/wp-json\/wp\/v2\/product_cat?post=67307"},{"taxonomy":"product_tag","embeddable":true,"href":"https:\/\/e.kosmolat.eu\/lv\/wp-json\/wp\/v2\/product_tag?post=67307"}],"curies":[{"name":"wp","href":"https:\/\/api.w.org\/{rel}","templated":true}]}}