{"id":66672,"date":"2025-03-28T09:37:08","date_gmt":"2025-03-28T09:37:08","guid":{"rendered":"https:\/\/e.kosmolat.eu\/product\/inopharm-renu-reconstructing-shampoo\/"},"modified":"2026-04-21T09:43:37","modified_gmt":"2026-04-21T09:43:37","slug":"ip-renu-atjaun-sampuns-bojatiem-matiem-250-ml","status":"publish","type":"product","link":"https:\/\/e.kosmolat.eu\/lv\/product\/ip-renu-atjaun-sampuns-bojatiem-matiem-250-ml\/","title":{"rendered":"IP Renu Atjaun. \u0161amp\u016bns boj\u0101tiem matiem, 250 ml"},"content":{"rendered":"<p>Inovat\u012bv\u0101 Bond Re-Plex tehnolo\u0123ija tie\u0161i ietekm\u0113 kerat\u012bna saites un matu mikrostrukt\u016bru. Samazina matu l\u016b\u0161anu un iev\u0113rojami uzlabo to iztur\u012bbu. Ekspertu risin\u0101jums nov\u0101jin\u0101tiem matiem.<\/p>\n<p>Lieto\u0161ana: Uzkl\u0101t nelielu daudzumu \u0161amp\u016bna uz mitriem matiem un galvas \u0101das, iemas\u0113t, l\u012bdz veidojas putas, p\u0113c tam r\u016bp\u012bgi izskalot.<\/p>\n<p>Br\u012bdin\u0101jumi: Tikai \u0101r\u012bgai lieto\u0161anai. Izvair\u012bties no saskares ar ac\u012bm. Ja produkts nok\u013c\u016bst ac\u012bs, r\u016bp\u012bgi izskalot t\u0101s ar \u016bdeni.<\/p>\n","protected":false},"excerpt":{"rendered":"<p>Inovat\u012bv\u0101 Bond Re-Plex tehnolo\u0123ija tie\u0161i ietekm\u0113 kerat\u012bna saites un matu mikrostrukt\u016bru. Samazina matu l\u016b\u0161anu un iev\u0113rojami uzlabo to iztur\u012bbu. Ekspertu risin\u0101jums nov\u0101jin\u0101tiem matiem. Lieto\u0161ana: Uzkl\u0101t nelielu daudzumu \u0161amp\u016bna uz mitriem matiem un galvas \u0101das, iemas\u0113t, l\u012bdz veidojas putas, p\u0113c tam r\u016bp\u012bgi izskalot. Br\u012bdin\u0101jumi: Tikai \u0101r\u012bgai lieto\u0161anai. Izvair\u012bties no saskares ar ac\u012bm. Ja produkts nok\u013c\u016bst ac\u012bs, [&#8230;]\n","protected":false},"featured_media":93986,"template":"","meta":[],"product_cat":[1248],"product_tag":[],"class_list":{"0":"post-66672","1":"product","2":"type-product","3":"status-publish","4":"has-post-thumbnail","6":"product_brand-rubella-bg","7":"product_cat-sampuni","9":"first","10":"instock","11":"taxable","12":"shipping-taxable","13":"product-type-simple"},"_links":{"self":[{"href":"https:\/\/e.kosmolat.eu\/lv\/wp-json\/wp\/v2\/product\/66672","targetHints":{"allow":["GET"]}}],"collection":[{"href":"https:\/\/e.kosmolat.eu\/lv\/wp-json\/wp\/v2\/product"}],"about":[{"href":"https:\/\/e.kosmolat.eu\/lv\/wp-json\/wp\/v2\/types\/product"}],"wp:featuredmedia":[{"embeddable":true,"href":"https:\/\/e.kosmolat.eu\/lv\/wp-json\/wp\/v2\/media\/93986"}],"wp:attachment":[{"href":"https:\/\/e.kosmolat.eu\/lv\/wp-json\/wp\/v2\/media?parent=66672"}],"wp:term":[{"taxonomy":"product_cat","embeddable":true,"href":"https:\/\/e.kosmolat.eu\/lv\/wp-json\/wp\/v2\/product_cat?post=66672"},{"taxonomy":"product_tag","embeddable":true,"href":"https:\/\/e.kosmolat.eu\/lv\/wp-json\/wp\/v2\/product_tag?post=66672"}],"curies":[{"name":"wp","href":"https:\/\/api.w.org\/{rel}","templated":true}]}}