{"id":66668,"date":"2025-03-28T09:36:56","date_gmt":"2025-03-28T09:36:56","guid":{"rendered":"https:\/\/e.kosmolat.eu\/product\/inopharm-renu-reconstructing-conditioner\/"},"modified":"2026-04-01T14:23:25","modified_gmt":"2026-04-01T14:23:25","slug":"ip-renu-atjaun-kondic-bojatiem-matiem-250-ml","status":"publish","type":"product","link":"https:\/\/e.kosmolat.eu\/lv\/product\/ip-renu-atjaun-kondic-bojatiem-matiem-250-ml\/","title":{"rendered":"IP Renu Atjaun. kondic. boj\u0101tiem matiem, 250 ml"},"content":{"rendered":"<p>Inovat\u012bv\u0101 Bond Re-Plex tehnolo\u0123ija tie\u0161i ietekm\u0113 kerat\u012bna saites un matu mikrostrukt\u016bru. Samazina matu l\u016b\u0161anu un iev\u0113rojami uzlabo to iztur\u012bbu. Ekspertu risin\u0101jums nov\u0101jin\u0101tiem matiem.<\/p>\n<p>Lieto\u0161ana: P\u0113c matu mazg\u0101\u0161anas ar \u0161amp\u016bnu uzkl\u0101jiet nelielu daudzumu kondicioniera uz mitriem matiem, izvairoties no galvas \u0101das. Atst\u0101jiet iedarboties uz 3 min\u016bt\u0113m, p\u0113c tam r\u016bp\u012bgi izskalojiet. Lai sasniegtu optim\u0101lu rezult\u0101tu, lietojiet kop\u0101 ar citiem InoPharm Renu s\u0113rijas produktiem.<\/p>\n<p>Br\u012bdin\u0101jumi: Tikai \u0101r\u012bgai lieto\u0161anai. Izvair\u012bties no saskares ar ac\u012bm. Ja produkts nok\u013c\u016bst ac\u012bs, r\u016bp\u012bgi izskalot t\u0101s ar \u016bdeni.<\/p>\n","protected":false},"excerpt":{"rendered":"<p>Inovat\u012bv\u0101 Bond Re-Plex tehnolo\u0123ija tie\u0161i ietekm\u0113 kerat\u012bna saites un matu mikrostrukt\u016bru. Samazina matu l\u016b\u0161anu un iev\u0113rojami uzlabo to iztur\u012bbu. Ekspertu risin\u0101jums nov\u0101jin\u0101tiem matiem. Lieto\u0161ana: P\u0113c matu mazg\u0101\u0161anas ar \u0161amp\u016bnu uzkl\u0101jiet nelielu daudzumu kondicioniera uz mitriem matiem, izvairoties no galvas \u0101das. Atst\u0101jiet iedarboties uz 3 min\u016bt\u0113m, p\u0113c tam r\u016bp\u012bgi izskalojiet. Lai sasniegtu optim\u0101lu rezult\u0101tu, lietojiet kop\u0101 [&#8230;]\n","protected":false},"featured_media":93982,"template":"","meta":[],"product_cat":[1999],"product_tag":[],"class_list":{"0":"post-66668","1":"product","2":"type-product","3":"status-publish","4":"has-post-thumbnail","6":"product_brand-rubella-bg","7":"product_cat-bez-kategorijas","9":"first","10":"instock","11":"taxable","12":"shipping-taxable","13":"product-type-simple"},"_links":{"self":[{"href":"https:\/\/e.kosmolat.eu\/lv\/wp-json\/wp\/v2\/product\/66668","targetHints":{"allow":["GET"]}}],"collection":[{"href":"https:\/\/e.kosmolat.eu\/lv\/wp-json\/wp\/v2\/product"}],"about":[{"href":"https:\/\/e.kosmolat.eu\/lv\/wp-json\/wp\/v2\/types\/product"}],"wp:featuredmedia":[{"embeddable":true,"href":"https:\/\/e.kosmolat.eu\/lv\/wp-json\/wp\/v2\/media\/93982"}],"wp:attachment":[{"href":"https:\/\/e.kosmolat.eu\/lv\/wp-json\/wp\/v2\/media?parent=66668"}],"wp:term":[{"taxonomy":"product_cat","embeddable":true,"href":"https:\/\/e.kosmolat.eu\/lv\/wp-json\/wp\/v2\/product_cat?post=66668"},{"taxonomy":"product_tag","embeddable":true,"href":"https:\/\/e.kosmolat.eu\/lv\/wp-json\/wp\/v2\/product_tag?post=66668"}],"curies":[{"name":"wp","href":"https:\/\/api.w.org\/{rel}","templated":true}]}}