{"id":66552,"date":"2025-03-27T08:36:54","date_gmt":"2025-03-27T08:36:54","guid":{"rendered":"https:\/\/e.kosmolat.eu\/product\/detergent-brill-for-limescale-and-rust-500ml\/"},"modified":"2026-04-17T13:12:57","modified_gmt":"2026-04-17T13:12:57","slug":"brill-universals-lidz-pret-kalkakmeni-un-rusu-500-ml","status":"publish","type":"product","link":"https:\/\/e.kosmolat.eu\/lv\/product\/brill-universals-lidz-pret-kalkakmeni-un-rusu-500-ml\/","title":{"rendered":"BRILL Univers\u0101ls l\u012bdz. pret ka\u013ckakmeni un r\u016bsu, 500 ml"},"content":{"rendered":"<p>Jaun\u0101s paaudzes univers\u0101lais l\u012bdzeklis Brill satur akt\u012bv\u0101s molekulas pret ka\u013c\u0137akmeni un r\u016bsu, nov\u0113r&scaron;ot to veido&scaron;anos uz ilgu laiku.<\/p>\n<p><strong>Lieto&scaron;ana:<\/strong> Uzkl\u0101t l\u012bdzekli uz net\u012br\u0101s virsmas un atst\u0101t uz k\u0101du laiku. P\u0113c tam no\u0146emt l\u012bdzekli ar mitru dr\u0101nu. \u012apa&scaron;i gr\u016bti not\u012br\u0101m\u0101s viet\u0101s atk\u0101rtot proced\u016bru. Uzglab\u0101t tikai plastmasas iepakojum\u0101.<\/p>\n<p><strong>Br\u012bdin\u0101jumi:<\/strong> Iepaz\u012bties ar nor\u0101d\u012bjumiem uz produkta iepakojuma. Nelietot uz met\u0101la, emalj\u0113t\u0101m, k\u0101 ar\u012b uz virsm\u0101m ar zelta vai hroma p\u0101rkl\u0101jumu. Izvair\u012bties no saskares ar audumu, m\u0113bel\u0113m, polster\u0113jumu un pakl\u0101jiem &ndash; iesp\u0113jams boj\u0101jums. Nelietot kop\u0101 ar citiem l\u012bdzek\u013ciem. Uzglab\u0101t vertik\u0101l\u0101 st\u0101vokl\u012b.<\/p>\n<p><strong>Uzglab\u0101&scaron;anas noteikumi:<\/strong> Uzglab\u0101t saus\u0101 viet\u0101, sarg\u0101jot no tie&scaron;iem saules stariem, temperat\u016br\u0101 no +5&deg;C l\u012bdz +25&deg;C.<\/p>\n<p><strong>Der\u012bguma termi\u0146&scaron;:<\/strong> 18 m\u0113ne&scaron;i no izgatavo&scaron;anas datuma.<\/p>\n<p><strong>Sast\u0101v\u0101:<\/strong> 5 % un vair\u0101k, bet maz\u0101k nek\u0101 15 % citronsk\u0101bi, maz\u0101k par 5 % &nbsp;hlor\u016bde\u0146ra\u017esk\u0101bi 35 %, maz\u0101k par 5 % nejonu virsmakt\u012bvo vielu. Smar\u017eas un arom\u0101tisk\u0101s kompoz\u012bcijas.<\/p>\n<p>&nbsp;<\/p>\n<p><img decoding=\"async\" alt=\"\" src=\"data:image\/png;base64,iVBORw0KGgoAAAANSUhEUgAAAD0AAAA6CAYAAAF0YGHHAAAAAXNSR0IArs4c6QAAAARnQU1BAACxjwv8YQUAAAAJcEhZcwAAFxEAABcRAcom8z8AAA+ESURBVFhH3ZkJcFRVuoCpeTD1yueUlr55U\/PeSJWgMBqfIIsEkiZ7upPudGcjexoCSSAbYYdIZCtQBERWYQRRcGQphBlE8gQ1AZ4OkUVGIiCghj0g6X25t+\/t7n\/O\/\/fpLGQhCQnD+FV1dfc9+z3nX0+vTmEcPQQQ1\/vvBPBHjRiGDaRCP6650xfxItZy6LP8sY\/Kykr6lsem1lAF58rXYcmSJfRB3n33XfoG5SigCohZG+57yJFVwW5e1Ihx+B+pUIgPP80ftcQ1PmUx\/9kFsHvj8OcaJ+bnxuzJfWlwjnHowMZKQuHYPHxYW1tLhUhBQQFYklS+Si5lkKfpO8jJyYHFixeDfPZMYy+iJryaSjnCxjUt5+EYEzsVC83+rlvDXJDRj\/\/sGMaQoWAMfAFMAI\/zR\/eGzaI3Nrob4+BnQFy6JJFXa4lUmBNs5Gdq06ZNEBUVBbm5uVBcXAzDhw+nV4eYwoaDu2TCR7wZW3xWwvumyEAqRL788kvQ6XT8n4\/XXnsNnn76aerQj33OFBBmlWzl3bAZxCpu2Yon8OK2cR3YB96okW2\/aTE+aouJy05TbNMLwaULt\/Jq98aclqAyDO4PpohAEFI0e\/njzuHKzazkPzuHlBh1zZqfBRA7uu21toYUM9rlWL6I1uw+fxagvZfVFIhRgPjxHmrox2M0gBw+vP0OICYY5NMneJO7kCRwsKPMqzYHIkeA5+fbYDabYcOGDaBWq6lNWloahIWFgV6vp\/+WuztwsSmB2w0ejwdu3boFTqeTKvrRarWwbNkyOHr0KP03+TuwsvPblE8++YT\/amTAgAFQVFREHz9mfwdGxWD49ty5BvWJH1QbfpRKJfzwww8wd+5c+o8K0l4+dRA1Royhw6jgXhgCA8CydeuTvFkjKILtYQwe3P52WcNf5lWbgxqHV2kfIYJ14JZ5M59S4EUdwxsVCB5DPdjYTPijzoEHh\/\/sXgRtRA294LgwXNmv+eOeRdSEWtDa2+fNovcpHz9G5wZUQeCtqvgDr9a9uONCwTjqRXBuXk+D3o372hVmNvqDN2IEOFcuUfBmXcdUWvo4KIPAOCIAXIc\/58O0j1dwApolkQmNtPjVQt5VxzGWzXgRFaDxpWdpReeY6J45c4bEdvz48TBz5kz44IMPSPug6Tpw4AAsWLAAysrK4O2334aPPvqIJoJG1c7kQ5xR\/CfedduIeZlaNzviaDy8FjN1gFgsFvjwww\/5v7bBekh4eDjs3r0bZs+eTf\/NymAwhQ4FOT\/zMB+qEXt2\/DwnU4vGkf9LlZuCuvTQoUPUmUaj4U9bx2g0wtmzZyE\/P79BfTbFMj6dNIWUmXCVD40WgO0r0zvO9\/5ElTZu3Ijy2fAJDQ2FwMDAZs+akpCQQPp6zpw59D8rixm+VnBfriU3D5jHwfpojkulcBhQjOZO49U7j9fr5b8akU5wcWTe8a2yst\/x4VpHUodeMrHTah03hjfvGuL2rWAMGkTm33vw4H\/w7juGUxtZYWFazMTErTPYF8wBVESO6FEi76rryEmq1+xMwaPv3h7WvEx2qpl868Ku8KbdhyVFrZeYBjMOGQBel8iHZKLEXquZvSExOeYYr9pz3MlOGwbRgUyJBICdDWpPUa\/mRQ+G63OKnpSbRogPAlv5rACIHgnWkCEgzix+mz\/uWawFOSFe5hwYRzwPZm0EWJi6lCbn7eHFPYMpJzlZZhqJzKXN6jtgqmAws1Mt52cf5dW6F2mifqILxWvIM6i2aFA\/5kQV09HDwD0hzRfwdxdSVmI5GhkTGZmWqhJBeUYDIWfprvFm94eYoV1rR8vGvJV7YSud6LNOY+IsvHnXELLid1vChrHgr3VnuTXs8+eAQfESiElKmXfTOVjDI3hozElK3mXHcW5YRSbYq4tsaRrbwxEfdRZdXku6ljo6cuQI7Nixg2wxBmKvvPIKuUqZmZlw4cIFWL58OXkk6EIdPHgQbv58B8QP3vVZK5\/b3Id33TZSkvIq7pN1YjYNiqSnp8PmzZsp1xAXF0dBHPpgGE6NGzeOosOAgABQqVTkLGDUiEgV+8g\/A3UI3Dl\/\/jd8iJa4NaH15Ge\/OpMa+omMjASXy8X\/tc5XX33FQlmJVo\/R5hdffAGiKIJ8ohqMLzMLx+TdsWvX\/\/ChGpHVCsE4+iWwL13Au2IiYvUpidTUVPq+c+cOfbdGdXU1pKSkQE1NDVRUVNBW+JFr\/s7cY+aZMA\/XtXPbC3xI9no1Id7WnPstW7aQi9u3b1+IiIi456rLy8vJY8VXXV9fz5\/68FypBcOQZwGYhNg2rfpdLwxXjOz4S1WHeJXmPProo\/TdngeKwTyeg+zsbBg4cCA5koWFhfDTTz\/xGj68bAuMo5gS0oRCL0eycjl5Giyy8MNeQsPnscceo0F79+7d8CwkJITXZHJrt0NGRgYsWrSITvhbb70Fp06d4qXNseZnU7xrz0pcw\/phZi4pdioGxJQ9k6VmiYHWPtu3b+dd+cC9f+qpp8gFvnLlCuzbtw\/y8vLg2rVrvAbzuZNjfJm3+IhqGtSPLUWdKaG5w324x162B+ZR7sYcoyC\/TEyK+RsfrjlypibCw8Ic40vPgKf+Z97s\/jAxXw2zAlKqehcfpnXM2Uk+n2roAHD\/eJE37xqoPGzs9TpT4jrml93O0\/cHJYsqWVQgf\/ct76YTsNeN58XODIxlbPJS3m3HuFlS8ltQjQID86ul\/\/dl9jsE01Y4YYkdVmF82iTeXee4MX\/+IxjsGZgDIO7ZwXtuG6\/JQG6RzPbVMkmv5d10jfkAv6JIk1kagVmctvBcvUwSgYlL25S8SN78\/pGUwR6DYjA4Vr7Oh2rEff5cQ5ToLSt5njfpPqSYIDtZLxak+ZG\/\/groKoj52fXzZ\/VMpgiR1Io6tNe2mSUgVR4ikcEsHin+noZZswtGJp\/o3oB6NNw4efIRXtTzyLqwY+zV3388\/KAQ5s\/p506LPQbs9Hs0YeCaXbqcHZVf8eJfFuai8cPkxKgLKACYWce4D9WDlcV96A8Kk\/P\/fN7rbdsn\/FfCPqNQJWnD6yjAZYvF\/KJtegF4HXaQvzxCxhMF04yLj2H+aIH+kP3Ekd\/z5v9aWHLS9ZIuzC5h5MfUHtpLx8Iy8DIzdjfyyWowJ0STKsQEKUSPAjkv86R4YO8A3t3DjZSRMFWKGe1BR9LAtBx6NRjQNb1laQv3Tz+w2E1Hvjjec2Fu1J2TclHavHEY7\/7hAU24PC7ldTyemAozMFnFtJjw5y18OZ3DU3eTYkg8HWifPOy0uDN0dcJbK5R8yH8eNz7++BEpLW4L2iy8eDQw5YQyKh74K5\/+\/eE1GcFePoNu91FEJOZOulNirfZli\/R8Cg8O665dv3WNUVag\/4O5ZwPzhfDCQmKy2SPIMjiWLiRRwahTwIuR+Ei3OG\/2TD6lnuP2jBn9xTGaajQ7GCOh44dJG\/e5Gj67lmD24Pz583TNhFdO77zzDhw7dozK8KJlypQpsHTpUti2bRvs2bOHympra1uNzRBh03owMW1vDHqRbthBFwH2mZPfrALozafZPTim5A+T4iMu0WLZQBjvWSfqwX25MSavqTkDCoUCVq1aBevXr6cot6qqihZss9komsXFXLx4ESZNmgRvvvkmFBcXw7p16yghcfnyZYp+L126RHWvX78Ohw8fhv3798OKFSsgOTkZbt68yUdjse7He8A0iukOFodYcfGaUJCm5m+7DfAon3bXEIpzIt3Mxnq4jcXF2krzmt3jNQWzYn369IFBgwZRmgYzJitXrqSJ42LwOq2tHXQ4HHD79m345ptv6CW88cYbdCEZFRUFTzzxBJSWlvKaPuysPvYkff5\/pEcMTHFightiFeAu0B+A77\/\/T76MjuEcm5wpacMcEou4MXGJx9hONlbwjdgKJ06coATK1q1b+ZOug6cAM3tFRUX0H9NTOp2Odj83N5duYktKSqjMj3zyazDrIpnG\/6PP1jN9487N\/FqoqOjvW1UbOPRJU12q4OY2duNqpkZb7o4gCJT3\/PZbX3CPx3by5MmUA\/vss8+o7NNPP6WyziIzxbV27VpKca5Zs4Z+BwUFUWYxOjqanrUF2fo0LV1n4elEWy+PS77g2L61ua13jEtd4bexGDZhrkzYtpl30zY\/\/vgj9OvXj66e8UiijOr1ekqhoax2lePHj9OOYi5v586dpNzwuGNG7OrVq7xW+3huXgdrwTh2Sp8jpQtMRF2T89b5FpyqeR\/dPiuzgZhuNUWNBHH\/X3jTRr777jvK76GiWr16NX38SgtzgHhNjlRWVtJONK2HH1RGe\/fupTp343a7qR2maHEnUZtjohoz6qjtMd2LShDBjCpqfcy0Y9KzPbz1d8A2rZAuQNCPwIyfmJuxlhaOWBNV8yRVsNeJSVDc7ZefA+e6lbw5wIYNGxoSn1394BFtDbwxP336NIwZMwZGjhxJ2fuxY8fScfZr7Lq6uoZUMyZbccdR+bWGh1kVSwZ3Z3GXowLBHh91xTZ90n+xebRESFPnSbFBggujH7bzqLHtS17F7eBd9iy4MBQNVGLz5s2DhQsXkhWYNm0aafD33nuPrjDQDOLLaop86jiYE5XkvuJ1NEZ2YrKy2lo+6zm+vPYRM7VaOVZR70ZzxewgvjXbrBLwsCPzsCEd+RxMeE0a+Dx5iBCjAFti9D7HG\/P\/my+nczgzkxSSOuQq5YHRVjONbpmQDp7bdXzIfx6uT\/4KJhTFkS\/4FqsKBiFDu4t5Rd3jnRn1SS861CFnyStDLc923pwaB+6L3\/MpPDiEzcwVZZ4YuqKog1xMETsy41ewon\/j0+1ebuRn9xU04UcwCY9ygwrPHBcG0t+O+mbUQ3iZrDuWL6aTZmARl8gW61GHgKhPLuVT63lqS0sfF3SRu\/2RFl57oV\/uqjzIp9k9eJnCwqtS1CkYXoosthZjQxz2idl5fCoPnqqq+b3FJOVavGykOz8mX3QfsHMbn3bX8NyqA+skfUMiAZPbojrkplAyQcWHfjgQk2PL5Zimtv55cK5ntv4u09Ie7iu1YMlKJFNJbiRbrJQQVWvKzRjMh3k4EVI0E10qhctn64eAYfAz4Fi2qN27T\/nvp3w2FmN0Ji5e1lZOVH1tLZve\/Zc0PYk1XZckxI62kK0fzeLwoc+C\/ZWp4LXb+FKZjT1a6UsDj+A2loWGjkTlftuSsp6\/p+lJrOnxIS614prXb+txgTmpYI4NpZy3z8YGgZCp21FVW\/vvvNkvA5s+LUDQhNb40k3DycaK0aO8ruxEvNrpw6v9MrlelP2kmKaptI9NnsUfPUB69foHCSiy68vTY+4AAAAASUVORK5CYII=\" \/><strong>GHS05 B\u012bstami<\/strong><\/p>\n<p><strong>H314<\/strong> Izraisa smagus \u0101das apdegumus un acu boj\u0101jumus.<\/p>\n<p><img decoding=\"async\" alt=\"\" src=\"data:image\/png;base64,iVBORw0KGgoAAAANSUhEUgAAAEAAAABCCAYAAAGQpuBDAAAAAXNSR0IArs4c6QAAAARnQU1BAACxjwv8YQUAAAAJcEhZcwAAFxEAABcRAcom8z8AABRISURBVGhDzVsJeFRVsm5BH3sg+wrZSQghbLLJKrLvMCCg80DgiYIbM48BYUZGcXyu8yKiPBUVdARnEIcRGREdEFQWZRHHSfftJens+wZZe0tNVZ17e++kEwLf+790+t5zzz2nqk6dOlV1TqvADS1Wi3wl4FJBOygGrNWV8p2AvYKUPoC\/jblGaC7M5msCV9BmxPENITQmkr\/rz5zgb1XVu6\/zhYJeQf3kKwD92HTRQsWul7iAcEfP7vwtTcjgbzsNxb96GFrka+P8SfKVGxd5K+dDwcP32ysSXCp4g0sF5zcVuFSo+XAfaIcnyncCXIHeLH3paairq8MrG+hSI6iYoaKHhVs2ipuut\/E3QZMQxN8qzaBoviDsen23fCVaLVy3HLtoaQH1QNHkwxse5m8sgrwVs\/laEIkFmoz+4rLFBvrJI\/iaYOfChq\/pJwxBLuLlEgEXNr3BZwUikjjRjhgoCnzAowEiRUoMhsr33pBLAEzGHNANTZDvXOHgwWYDdXIYlO7cKpcAdO8XAJGxgnlC3eXzoEmJchlSlRV71I5IhMIH7xPyc8LMObMgKCJMvpOBVWqOfATq+BCs3oIU4L+aP+0FdUIIDrIrqMKly5fkOwEq041Og6IN\/yk3IIN4L312G2gGhmMngpLtO54C1e1d+NrWYgXjtDGQPX8yv6jAU4goi8INq7GXFK5In\/xVi0GLs5Y6cYfPYaTKxqUzQR0X6PVFBT4boJ6r\/vIOvuwuGVd4bwBfvv6P42xPCh9fJxd6h0cD1HP9jxeR5xi+V6dFQeET67ncGzwaaLz0PUhoAxUQA+qEQCh\/5VlR4AZ7AzR0zXoJdCOS5BKAU1+fAovFwoOqSQyDyn177EOswN6A2aAH7TCHvn\/66d9YjfuFBsslNLlCoPaTD+U7AW7AUl4Cujs9Z11U7ADY9rvt8p1gJwutR\/23X4kChMpafw2kkcnyrSuIglNffy3fOaBOiYCGq9\/ztUpKjYSGK+f5xh3UgMlslu8csNZWgnSn6JRZ0AyOgsarF7lAAQ3bq5mZHsNnMzeB1oliboB40w6OAVOhkW7t6BcRClqtVr7DnnGeSG4Wyj4KBLI6psI8+Q4fqlRQWFQk32EnJGiLK0suDRBIfa211fKdA9qRqfKVKzwaIEijBoK1xtGIdkQy2OppXfGE1wYI+hFoD5oa0M4nu+meK3w2QNCPzwBzZZl85x2tNuAP2t0A6QWxVPvlUTbEBevv5\/LWrFZr8JsAap70re70P9BwR4CEa1DNgXdYNXQjU6Bw8yNcr71okwCF44bz36KvFgUSqln1B3vtA2tFk2vON4ImPhCkoXFQuu0J8cBPibRKAHHcLGWh\/xHGvmDlay9yuUfT1Bn+mUoLUTphoB0SC+WZz3nW8wKvBNCLphwtSGjOSY1LX35GPJCh1mhA1eU26BbQG7r26AZTZ86Qn5AuoFVX\/wjqAf2ADFXNR\/vkJ97hQgB1bC4pRDHH4oxOgOItj4lyN1bKy8t5wSZrF9E\/GqbNmik\/EVAMWMP336H0InF4QuD6l595lQgTQC9YaqpAhy6m9s4UKCC3gR\/7RkRsDBv84KhwOHT4sFzqCWqn9ugh9LhwGFF53U23ymQ0gG7sYPykoYPk\/5TavGULEtAf+oYFgyHbIJd6B7mlhJqD+3DGJENWTB9ouHiWy1T0qArXOU1yOLp34UjhBX7QFo787QgEhIVAt1495BLfIAJsuPJph8bzWlK06UH5iX0IBIUVezJxcYoGdWwgmHSaNofh8+PHQSNJ8p0nxPsYGIxH3xsNOvloBGfPwOssKHvhaZxKcaBJjQJTWTFPR3eEREVCNOpASHQEHP7kE7lUgDxJ6iJ7ygheFHKXzcRg0CoeusErATaaS4jirZuE2FAq5KYrULTcYHAde4WznIV3gxaXNAO6swSlvjd4JUCB8lrxpvUowiR0fZLBcv0aNig\/kNFiE9zlLp2OjlkK6Mel8frpu1sHWiVAgcJB\/tpl6FMgIeMHg62ulssIhf+1kr0cGjaq2RrH7vCLAAY2qjRrXDwdRZwCBlyvdaNS2WO01V3HJ\/53rMB\/ApygcKgfnw7m0iI2vx1Fhwiw4pibivOh7ruT4F23\/Ue7CVC4103MAG1qNJgrythytmfcndE+ArAP6iZ76ig03YPYuEjxwWDKxynawWHwmwCyDWSQDGhcdKNTIXfJLDRYO0BCzdcmhoKpBA1WG\/GgN\/hFgNKwYdJI1v7sScPB1tzMZQUbV4M0PAkdlhicCXU8HO1B2wTIKm6cP4U7pwjQ1lCPY+7gtujRB3AZxyEZngDWqgqasaQs4mEb8EsClPHSj0lFfyEJWiwmr40XblyFK10KDskAsFYSETdIgCJK47JZbGwk5J7grWGlLH\/VEpQCDsdwER9RIqYteCVA6Tx\/7XI0vYmgwYiUxpzCOwKlQwoKCuDvn38OtdeESaYyQt6y2UJPJqbjO02ouK0T4VMCRb\/GBQhdNCkuCCzYiTPn965YDrf37A49+gbAbd3ugPMXhBOjGOtcJIJmin7CULCZhLL6glcCitFjIc3WoENpacRVzU2Ud44dA1FxA9gpDY2OhH3798tPHDAumgZaJMIwIQNazM0+dcJOgCL24qd+jYoUD1JKJFipcy51xb33rYTo+Fgmok9wIJw7d05+ItAizxzDrPE8HDlzJqH9NnvVCSZAKS59aQdo02Mx5kOx11Z69YQIm5\/cytwTEbf36g41NTUeHLJO4FTNnjGGU2c5sybirWeLdglU7H4JO4+DrLhAaM7Wtqo6r+\/ZA0GR4SyBrj27yaWeoDYoL2+YMgr0GENmL5zm0S4TUL7nFYxiotAzDoMmXRY\/aA3nzp6F7n17c2yQlCIyJr7GmEptSIT+7pHskucunyPK5fqqin1vgiYplC1ck\/SzoJof+UZjYyNHRqHokK5et1Yu9Q3qrKWxAbJnjgfdmEGQv2YpWK\/V8DNVzj2jQTsmDafOLKrJhf7gti5dOKO7d9+7cknroJar3s4UhioJJf3zFS5X2dBdJvFo0afLQXtP8CVOZyQMTIaegQFoA7xnydxR8VYmSIMHgCYxBEx5Tjst1BX5c4bJw3HKDIS8FXP5QVtEXP3pJ8jMzASTCdcGH1AMU8X+NzEuxCAVpzYNM0NunpWQXCxbbS3oxqWj3acxWsYPW6OhsKgQPv\/iuHznBfLLNUf+zKlwyhs0\/Pi9h345DBE+Il9eNw4DVZwyuetWyE88UYGrXZeuXaF3SBDcu3K5XOoMwXvNV8dAkxaDRi0C6r856dWu2AlQQKsYBZC6YYmQLyeg3Idj1+7X2A6QIVIS+86gjq6dOMrbb2oUe\/0ZR37WHR4EUFeWonxe1ylfUPCEyJo7E1FWVgaqrirOZW7f8Tu5VPBNtepOHENrGgzSoGi4joS0Bg8CCOT\/mdHH06ZFo31IhuJtm8QDmQaFGErV2IFl3Pm5b3j51qRGQO0nB5VXfMIrAQTqg\/KlGpLEsHgoeeq\/fa4NBHrW9K+rHN5rUPRVf3q3zc4JPglQYCkvRVFGgg6935Kdcv7dTSdolWu6ehE06f05W1z9wdvyk7bRJgEkbtqOyIruzXqh7K1SOdFBpDT+cI4zatKQWKh+R2zQKktyW2iTAAJx2KxXi2QkTqvKfY7tveasqywhDX4q\/+81IXaizE\/4RQCBxphyh1pUMAkNS82B\/RgRGVFHYtiHKN\/1Yqs64gt+E6Bw1Zh1GdQYjukpRhhNsUASlL4iEpntYNwO\/wmQQX3UXzwL6v59ROfP75DLO9A7ot0EEKir2qMfs9vO3Xasb0aHCOhM3DICaIhISUlY144cxKU\/GfLuW8AZdrsAb0CSHcXNFQAypERshOu4Rhmmj4as+CDQ35XBy4w6MRSKnlgPzXli049k4L743kx0ugAEA4IJvsZP7dlToJ8xDjS4QOvR6dNjwJaNrjDl2MSOEyV6AqF480b0Fh2CUPK1NxOdrwHy6NH\/hqsXIGfGWPTJotDHS2HnQj9pOFS+j0sl1rPU1uDorwUJ7bgG3S8JNUKLbnPJ1sfAUuV6iulmodMEQCOunMxqvHIBjAumsguuHZnE8Sad1ak++B7YMDpSQEKij7mkCAofR0HgakqxiTQEfYph6Hs8vRWsGC7QJOrIIucPblgANMcVTW248C3kLZ3Nqk7xjW5IPBgwKq\/et8e+8+3QDwHn+W5Cn6fosQdBSg7n9yn9qBscA2U7nwRrudi\/ponlnJy7UXRIAESyE9044j9A3v0L+GAFEU57K4aRKVC++2Xe1BX18b\/zS26g50rKu8kgQf5D94MWBUHxupQRz2FS+f\/+ASxlxVzH3uYNov0CID7ky2adBvJXLWJ\/jAyZfnB\/JDgBSl99wS+VdV4hFDgz1WTUQe7K+aDG4EI3Em1EOsYG44dAxZuZIk0r17sR+C0AIkwht1mLjGO8qEGCaFNbRx901ctfexGscsKS4E7g6TNnYMmypZA0MBliEuIgJj4Or5NgwuRJcOjQx2A2iaMp7iPbiBqR+8tFvKHKxhRDPf3EYVDx9qt8PoQg6xlftwdtCoAyakqzjT9fhYLH1mLQE4uMJ6ChSuSzDKWv7ARzVYVcyztohzctfTB06XYH9GfmY1kAFFgHhodCr8AAeHe\/5w6\/sywafroIufehRiQEgY5sRGoMGKaMxujvLbQxtFcmhNeeqeFTAM5NmHFtLtn6OOgo4huWwKqoRQtfsuM3YJEP3VL91jq+dOkSny6gbKKS3I2M6w8RA6JZAGlDM+DoZ5\/JtT0hGBP9NJz\/BnKXzEAnKoRtDp2SpOX22rGPXU4J+6bGAQ8B0EuKVTeXFuNS9BuQMCaXMmjEEzjNUbT9CVyeav3qQAEx8NAjG0F1m4oFQJ9o\/IT3j4Ye\/frAA+vWemxAe4MiBPrUnT8NhjkTOT6kqaFOjoCcuZOg\/sujqLn+7SLaBUAZciWDbakog9KXd7KKU5itp+2XuCDhqZU5jpS1Fzufew669+kNYTFRfOSDBEBb\/zQt3tjzRqsa5BPI6PWT6GLPuIvzjjqMMehsk2HOJKg7\/SW2ics0VfOxdPKRWKVja00lGrLneenRolHToxOjiQ2CvEdXQ6Ne5K3FOtwBQhGfHPkrDBs1krcVSAA0BYIiwyAA72nHR0F72le01WZqgpqjhyF7+jiQWBCpPDWMi6ZD42WxhUFVqW3n9kVytqkRKt7axX65JhW9MVR1StbnoaWns1MEeqeDfNthzDHCL1evYjtANiAcNSEwIhSmTp8GV66IdHVHoSSBaGus+tAHYJg0jKcG2YgsFEjuirnQ+M8fuI4zVGV\/fJZPpJHa6HBpodNFtDPZpHdK+nUinn\/hBc5o0qGjkKhw6BMaDL\/9\/Q7O93YGlEEiG1D94V7Q06GooQnsP2SF9wQjTo36S45NLRWl5mtPHQfD7LvQqgaBFl+QBseCcd4UnkPYEquON6elI9j\/\/vvQLyQYQtH49Q0Ngu69e8KJr8SPLm4EpNbKTh8d+yz\/4062B5Tnpp06TRxGm0\/9Cm1YIbSYHVsKKoUxClKqD7yHDkYGzh20qrTODowE48J7oDnrMtchuM8hf6G8k2PMgVVr17AW0GfewgWQm+c4u9sekD2iIVfIabGY+ci2Fr1GsmHEvBQfAgWProFmg9BoqupiA+RvtpL8EF3MagxXtWPTOIyVRg8C9QA0hCvmQaPmJ1G5AwJoCx0SqhABf6oOvMPHjzVJEaAfgd\/oNeatuReapH9yXYK3Hhx+AD7l0ZWrWTF6K38rk0+maNLQAcKoTtM\/AArWLufsDdVqT75CYVCtVsMG9AdogzE4IhwWL\/0FXLp8GcxeDp17BdEpe6c0aNe+OMIHH+lHNjpUdSkxFIz3zYP6H5227lqh06snSGunQjAFHTSf9LisUFxPQQ\/tquatWgLWqlJRBz8+llkXHDh4EJIGpUBP+s3LAPQC0RAGoB3o1qdXq14ggehRjgTS9bUzJ9DA4VKHkSdFirTxmbd8LtR\/9zUSpAioFc5leBWAM5QTGhaMx0v\/sB0NpHCHyUmi7YD8h1aCuayE67SFv1I8MCwD\/iOgp\/2oAR0\/7dG3Nxw9dkyu1Tqunfwc7dQQPldJ3h+t9dnzJkPdyeNIrPj5hjJ4\/qBNAShQ1N1SUsSZGikVJT88EZ0mdEExOCl58jGwFBVwHW8EKGXZOTmw45nfw8JFC2HOvLmwZfuTUFXt+dsDAYpAxQDUnT0NxtkT0CMN5EMglG3Kno7+\/xefcr2Owm8BEAPiI+6tFeX8Az\/6yRI7Tmh5\/4XLaNHmR8BSLNxldxvh18hgHVqZqCZ9Gn+6jIyOEYEPMk6Cz7lnFNT8+QOuTmC65Ov2wm8B2IE9iTSY6NJaWwP5G1aBhGExpbk1GCpLdyZB6XPb0ZDKIar9n29Qc84Col0349LpnCQl11yDMYmEhrhq725cx83Cv5en542g\/QJwApFLARR9mwryoBAFQVuIdFiKVg4yThWv\/g\/YrjuSJL6gsN748xXIe2Aph9uUJZbQ1tAOcfX+N+1ZIH8Mrr+4IQHYIYaPL5t0Wshf\/QtcKUhl0TqjIGgnsfLtXfZskTLS9K1EoM2o6gVrlmFEF8yZZIpCSaMq92TaT52J95RP56BzBIAg4pS5S2hEzytv6SxQU3CF1pqmiGFiOjpZOJLXxdQgUF6xYP1yfB4DdESPzgSQTSl7foe9LWq781h2RacJQAERakXrp2hpE87lvMXT+PevdPKSPDTjwqlQ+9F7UEqn8yj0pmAFmaYfvpS9+AzYcI5TO94OuHU2Ol0ALkAulJFruPgd5CyeLjbXxwwCCZnWjhzIH3VCKPoY2\/i3NARlitwK3FwBMMTyqYCOvOcsuBs00QG8pBX\/dhOYahXGby3zhFsgAAG2ETJzdPSm9thh\/jFRi\/zjW39PtXQ2bpkA\/n8C4N87AXB7lidMUgAAAABJRU5ErkJggg==\" \/><strong>GHS07 Br\u012bdin\u0101jums<\/strong><\/p>\n<p><strong>H335 <\/strong>Var izrais\u012bt elpce\u013cu kairin\u0101jumu.<\/p>\n<p><img decoding=\"async\" alt=\"\" src=\"data:image\/png;base64,iVBORw0KGgoAAAANSUhEUgAAADsAAAA9CAYAAAFkeyE4AAAAAXNSR0IArs4c6QAAAARnQU1BAACxjwv8YQUAAAAJcEhZcwAAFxEAABcRAcom8z8AAA1bSURBVFhH3ZkJdFRFFoYDqBxcBtAzOjpHx3WOIgFFWYKgCaAYQFEHBUVHEXAFBceoOKIj4kISwr4kKmhwCAoMeyRADIuExUHZEXQQRMAMJL2kl6Q76Tv3v6+q08vrTncW5sx853S\/9+pV1a1b71bVrVsJVAtBGco6t6WqH75XTwb+DJYubcnpdMq9Z91quQLJYLntJnlo07YtnT59Wu5dOTPkGiQiISGBirdsoYWLFsmzfcjA4AzNW7SgC1q1oqZnn03WfimS5s\/gq3CrOxZ5+y3qLkRE9ckTZElqp54MgjJ49+1WdwY11duscrV0bS9XYLysrqJDhw\/LLbD0SpKrv+Tdqam0Mj9fPRHZHuxLCZZuN6vHYJzp442Slq7tKLVPH2rZujWde8EFVLEoTzL4q0WfA++Ob+QK\/C+B5fYO6s4g6GUg0indO3DHJKqUcMIK+9xufxM03h3bg7peE9wsVgy8PW4cHT9+nJ4cOlSeNVBUf1wghc26K6FJE6qqqpJ7bVcadGOQ+WgjBKc4c9fu3WnxkiXkcDjorHPOIavV+LwwTHwgEKwzf2YLjwEzYPL6s2vCOgzAiDCQAAZToDEFYlpYE2qioTROYRgHjATGEgnTwtCx6pAxcUB3PZBCCSsMSwo0boBWwPJCCSqMT+EpLCB3RQVVV1erVANLF7Zx\/pSB+AvD7GB+TpeLMrOy6JPcXPWmBm2+GikMi9FTGizqq\/Xr6cZ27eihQYMkLZBAS0yAjcJWQ2nevLm6I1pdUKDuDPRYiFj4jzfcINdK1v\/AgQNyr\/EXxl9gs8Fjjz9O2Tk5VMAS0159lZo0a6behDRbXf0dlrdgAbXv0IFaXXihTFbnt2xJzc89l\/Z+DxuPMt3Kpypaq56CkXk60qfSWO64VaadQDAtBa4GmrDCIMw87Ta5D8W0MEAz0avVJ+IcGJp6jedIVB\/9SdTBD\/d1IS7B1f8uMbqCO7\/656Pyw3yJNLyLh5gE+8rt0u8Q4t0b3oVIkwZwHuSNhaiCfV4vWVI6iYbezRtUamQ8X2+Q6QZlfB6PSjUnomDrXd1kBFWuXKpSiLrx2nXy5EnKyMwkn88XNkFoUAYTprV3d5USTphgW\/87ZUy4581RKQaO8nIZ1u+9\/z4tX7GCSn79VdL\/Pn++XM1AHagLdYbiF2wbfL9MLq5pE1VKDaWlpfTtzp0iGE5fM16pW110EZ2IMtYCQZ2oGzI0CY6\/jZG1xTbwHpUUDlxQTGr\/YBcBfsYll11GS5cvpy8WLqTFixfT62+8QSUlJTQrO1tmzEhABmRBZkwaa7BuwR+G8AkZGeJdf8c9ofnk00\/VXTCmGqurn0jfWGOz2WjAwIH0O9Z6c3GxTOXoenyCP1x9Nb02ZozKGeM3DgUWGWrVseJZtVwmFWvvbiolnIiCgYzjZGMce2IYx5WbimQYWZI7StloRBWs8c9cmEj27FKpNTT4zBVK2Fx9DHP1jfJJGmWuDuWMr06BOF5\/Sd3FT52Elo8YLq4zrnUhbqGOl0eKQLhnMCJH2kj1JnbiEuoY+woLvJk1NPZy5SOHseCbJD0eYhbqGP+maGYf\/qhKMbA\/9ZihMb+PlZiEOjPfFY3sjz+kUoKx\/\/lBeY98sVCrUNf0LGMif7i\/SjHHNqi\/CHbNyFIpkYkq1D03x5hXB6SqlOjY\/pRqLCJzZqsUcyIKdS\/IlRnHdm8veZ7P663ehvvk3xzrPT2loSgfCVOhFUsXikNm7ZusUojWFRZS71RDY7gyGRMjr8nW1GSZMlGPGWFCK1evMLr0zq6skqETPAdEK27p1EmesU08duyY3JvC5VAe9aC+UIKEetavEw0tPboQqdCI5uW0NPEmQEovo8st3N3wJE3h8paeXaQ+1BuIX6hny9eGQN6G+SorVarBrNmz6d333pPt6ILPP6c+fftSzkcf0RNDhqgc5qAe1CeCuX6NCEVAAN8A0xuZBAJOnTpFw55+2u874Tp9Rs0WNyoIaSEOhnVZBR4SvPv3GgKxGEfYG2o+njOHmvKeeexbb6mUGrZt20b7QzbjGtSL+kUwy0so69iGynhsVf14SGUJ5ujPP9PnX3wh7uiQoUNFy6nTponLirTczz6T9+XstMOqV61apUoGg\/ohB\/Li0jRr0iQReuhQTQMhWDOb\/WIdEA4kTFMk1vZNNX9hC25y1ll0fZs2YrWYMDS7d++mQz\/8oJ4CMPum8s9Es17wLu91Xhw9WnxeTBQz2aK9PCzy8\/OpU1KS9MBTzzyjchtEtV5NtHGqWbFyJZ3TogU9+\/zzNHPWLBEGJxy\/pNtukziTgHHK9UDDiONUEzojWSwWemHUKOrM2rTmjRWizb\/hHwI5Lc4\/X6LtCOjgHr\/Lr7xS6ol5RtLI3AvBAXNvPFj7YO5NjH3u1YSuMrEiqwyWt\/nmGy0QUSjQ66ltQB+VEp2a9TRbpZgTVSiAJyCew6B7VYo58CxkGzpzkkqJTK1CgTPrA6kQvpAZ8J3ER5r4vkqJTkxCgd8bZO8vEHiHaFCDe4Maxxtpht\/L\/i4oH8mePjfEMTZNnmMlLqFAPHwWZO3XwxD4ygvqTezELRSc8b2M5ozv2upK1eEfyf7sECrr1EaueD6TnBFlETEoH\/2ssYhheeVRZiyziZKO92eCRlUWoRDHa6N4FmcleZCVsXLYSnu2buYBOIKfDWcJSiNfvKGTeGkUZX1lpRKdxNJjKNOWzfYJNttgZ0rM+rkn5b3k4\/woh\/KNQYMq67PZyPnB24aZ4teZlXzyYao6sE\/lMKfq4H7JJ8ExKM1lUQ\/qa0gaRFmci7qmZPgbii9le\/QBqtq5Q+WIDeS3DX7ACEGiHq7PNTmdfC6XylE\/6qWsr6KC3NnTJahuKJlItof6kXf7FpWjbni2FctxqJg36mUXHnIgrz7UTdnqaiOu3qOzMS7xJe+7iyrXF5KXvfZqFUuoL56NRVxvb+lEkZPSidy5H4v8uhCfsqyEe1GesZWAcOwO+qVQZUG+ykASKBn10kuyr508ZQodPHhQ0nHipU9DkCdwG1oblQWrDLeJ5WFjAPnuhXnSnniIWVkcclj73GH0sjqOC9zGeLxe+tfhw+qJ6J7+\/SmpWzdyqvE2dfp0msj7bRz5IJ5Srjd+cVCxdJFx6IKlDG3g9sRz+FKrspVrv+Qtk+7V9mTtlUTuvHk8m4Sb0t59+2jQI4\/QvffdRw8PHiyHawVr1sg7BBGw+Vy2bJk8a9AZZgGFiLBcyEc7\/NbF7UM7ayOisp5NPF4euNvoRVR6R0dy8XattlMhN8\/MOKjNzMqiZs2a0f0DBsgBH4KNXbvzV+FdOHCxkuPGj6c5c+fK+3hBO1xzs6VdhtI8OXJ70e5IhCnr\/WYrWXFsGTATumZO4ZkwcmQGrFm7Vr7qby++WGIV11x3HV1y6aUSQrjq2mvlELF9hw70+yuukPc3JiZKUKy+oF1onwRd1LKH9kOPUPzKend9R7bHHjTGJG9JUdCVNYF8zvjHlpd7Pf\/LLym5Rw8JOSJAg2uL886jabGGHuME7UR7RWG0H8sg6wO9NAnefXvIPuxROWUT5zy5IzknvBPzmSLweDxkt9vlSLiMzRRRJ5jppMmT\/fHVK666irZt306VlZWS115ebvz4HmMWE1ZxcTHNz8ujovXrKT0jQ0wcY35nwJl2baDdzvTxogf0gV7QD3qGK8tjwJken7IYc2gwGo7QKZRFB2RkZoqiWtkdO3b4OwaKIq+VOwjLFMKuFcppQJ7iLVtoK5s5wnl79uyR9FgwlH3HGMuhyqo8DWrGmgn8dbSyl11+OW3mLxfIsV9+oU9yc6m0NNzxR1Q2d948Ono0tu1fTGasrn7qOkFp8JV385cY+eKLdF7LloayTZtSS152rrv+ekru2ZPGvvkm5Xz4Ia1ZFxxQPcKK4VwjsV07GjJsGJWU1L7lq9MEFUpdlx6YIhqpTfLwTz\/Rxk2bZA0eOnw4TUhPpxMnTsg7jN\/nRoygVq1b+y0AHdOEl6xbO3akbO6Q48ePmy5NsvRwe+q19IQSj1OBSenIkSO0a9cuWVamTJ1Kt6ekSAhdFFGTFX6tEOnmr60VTGAFg34q3y2s9IyZM8lqNdbnRnEqQvG7i\/KlWUCAu1jOSmIywVoLHxjXtWyiXxUV0YaNG2nDhg1UxPeFhYXyQzryYKbVv\/zVq2llfr6Ux7KFiWnZ8uW0ZOlSWs112R1O8qxYYriLXbkN3I4GdxeDwEaAHfDQjYAnYCPQGKB+\/0YAMht7IxAEjyFstWSLh9mbp3ds8Ty8xWtIarZ4PFlCUZaHrWWkU6faqJuyCtm858wI3rzzptuzteacrC4Eb97ZgthBcOfw5j3KYWIs1EtZjYRlpmbyIq7DMqx0HcIy3m\/\/KeX8yx7CMlMy6q2kpkGU1fjg+iHghvGMxsJ7QcDt4H6VwxwE5IyAGyuJOBaOiz4YRz6bVeVoGBpUWY2EUsf9VWZtaTx\/KSOUGnwCUBNKhdfG+XhcSii19LTK0bA0irIa0yD5yyOMIHnaSCpDuvJ6HGNG\/28GyUPxH39oM1XjEc\/\/N8cfofx3D7aI\/gP55nU0dczHNQAAAABJRU5ErkJggg==\" \/><strong>GHS09<\/strong><\/p>\n<p><strong>H411<\/strong> Toksisks \u016bdens organismiem ar ilgsto&scaron;\u0101m sek\u0101m.<\/p>\n<p>Dro&scaron;\u012bbas pras\u012bbu apz\u012bm\u0113jumi:<\/p>\n<p>P102 Sarg\u0101t no b\u0113rniem.<\/p>\n<p>P103 Pirms izmanto&scaron;anas izlas\u012bt eti\u0137eti.<\/p>\n<p>\u0420260 Neieelpot smidzin\u0101jumu.<\/p>\n<p>P261 Izvair\u012bties ieelpot putek\u013cus.<\/p>\n<p>P264 P\u0113c izmanto&scaron;anas rokas k\u0101rt\u012bgi nomazg\u0101t.<\/p>\n<p>P271 Izmantot tikai \u0101r\u0101 vai labi v\u0113din\u0101m\u0101s telp\u0101s.<\/p>\n<p>P273 Izvair\u012bties no izplat\u012b&scaron;anas apk\u0101rt\u0113j\u0101 vid\u0113.<\/p>\n<p>P280 Izmantot aizsargcimdus\/acu aizsargus\/sejas aizsargus.<\/p>\n<p>P305+P351+P338 SASKAR\u0112 AR AC\u012aM: Uzman\u012bgi izskalot ar \u016bdeni vair\u0101kas min\u016btes. Iz\u0146emt kontaktl\u0113cas, ja t\u0101s ir ievietotas un ja to var vienk\u0101r&scaron;i izdar\u012bt. Turpin\u0101t skalot.<\/p>\n<p>P301+P330+P331 NOR\u012a&Scaron;ANAS GAD\u012aJUM\u0100: Izskalot muti. NEIZRAIS\u012aT vem&scaron;anu.<\/p>\n<p>P303+P361+P353 SASKAR\u0112 AR \u0100DU (vai matiem): Nekav\u0113joties novilkt visu pies\u0101r\u0146oto ap\u0123\u0113rbu. Noskalot \u0101du ar \u016bdeni [vai iet du&scaron;\u0101].<\/p>\n<p>P304+P340 IEELPO&Scaron;ANAS GAD\u012aJUM\u0100: nog\u0101d\u0101t cietu&scaron;o svaig\u0101 gais\u0101 un nodro&scaron;in\u0101t netrauc\u0113tu elpo&scaron;anu.<\/p>\n<p>P310 Nekav\u0113joties sazinieties ar SAIND\u0112&Scaron;AN\u0100S INFORM\u0100CIJAS CENTRU\/\u0101rstu ja jums ir slikta pa&scaron;saj\u016bta.<\/p>\n<p>P391 Sav\u0101kt iz&scaron;\u013cakst\u012bto &scaron;\u0137idrumu.<\/p>\n<p>P403+P233 Glab\u0101t labi v\u0113din\u0101m\u0101s telp\u0101s. Tvertni tur\u0113t cie&scaron;i nosl\u0113gtu.<\/p>\n<p>P405 Glab\u0101t sl\u0113gt\u0101 veid\u0101.<\/p>\n<p>P501 Atbr\u012bvoties no satura\/tvertnes\/iepakojuma saska\u0146\u0101 ar valsts noteikumiem.<\/p>\n","protected":false},"excerpt":{"rendered":"<p>Jaun\u0101s paaudzes univers\u0101lais l\u012bdzeklis Brill satur akt\u012bv\u0101s molekulas pret ka\u013c\u0137akmeni un r\u016bsu, nov\u0113r&scaron;ot to veido&scaron;anos uz ilgu laiku. Lieto&scaron;ana: Uzkl\u0101t l\u012bdzekli uz net\u012br\u0101s virsmas un atst\u0101t uz k\u0101du laiku. P\u0113c tam no\u0146emt l\u012bdzekli ar mitru dr\u0101nu. \u012apa&scaron;i gr\u016bti not\u012br\u0101m\u0101s viet\u0101s atk\u0101rtot proced\u016bru. Uzglab\u0101t tikai plastmasas iepakojum\u0101. Br\u012bdin\u0101jumi: Iepaz\u012bties ar nor\u0101d\u012bjumiem uz produkta iepakojuma. Nelietot uz [&#8230;]\n","protected":false},"featured_media":98603,"template":"","meta":[],"product_cat":[1451],"product_tag":[],"class_list":{"0":"post-66552","1":"product","2":"type-product","3":"status-publish","4":"has-post-thumbnail","6":"product_brand-uzhcity_ua","7":"product_cat-vannas-istabai-un-tualetei","9":"first","10":"instock","11":"taxable","12":"shipping-taxable","13":"product-type-simple"},"_links":{"self":[{"href":"https:\/\/e.kosmolat.eu\/lv\/wp-json\/wp\/v2\/product\/66552","targetHints":{"allow":["GET"]}}],"collection":[{"href":"https:\/\/e.kosmolat.eu\/lv\/wp-json\/wp\/v2\/product"}],"about":[{"href":"https:\/\/e.kosmolat.eu\/lv\/wp-json\/wp\/v2\/types\/product"}],"wp:featuredmedia":[{"embeddable":true,"href":"https:\/\/e.kosmolat.eu\/lv\/wp-json\/wp\/v2\/media\/98603"}],"wp:attachment":[{"href":"https:\/\/e.kosmolat.eu\/lv\/wp-json\/wp\/v2\/media?parent=66552"}],"wp:term":[{"taxonomy":"product_cat","embeddable":true,"href":"https:\/\/e.kosmolat.eu\/lv\/wp-json\/wp\/v2\/product_cat?post=66552"},{"taxonomy":"product_tag","embeddable":true,"href":"https:\/\/e.kosmolat.eu\/lv\/wp-json\/wp\/v2\/product_tag?post=66552"}],"curies":[{"name":"wp","href":"https:\/\/api.w.org\/{rel}","templated":true}]}}