{"id":66331,"date":"2025-03-25T05:25:25","date_gmt":"2025-03-25T05:25:25","guid":{"rendered":"https:\/\/e.kosmolat.eu\/product\/famirel-essence-no-5-kermena-sprejs-refreshing-mood-150-ml\/"},"modified":"2026-03-01T10:06:34","modified_gmt":"2026-03-01T10:06:34","slug":"famirel-essence-no-5-kermena-sprejs-refreshing-mood-150-ml","status":"publish","type":"product","link":"https:\/\/e.kosmolat.eu\/lv\/product\/famirel-essence-no-5-kermena-sprejs-refreshing-mood-150-ml\/","title":{"rendered":"Famirel Essence No 5 \u0136erme\u0146a sprejs Refreshing Mood, 150 ml"},"content":{"rendered":"<p>Atsvaidzino\u0161s \u0137erme\u0146a sprejs ar kumel\u012b\u0161u un za\u013c\u0101s t\u0113jas ekstraktiem, B5 vitam\u012bnu, kivi un a\u013c\u0123u ekstraktiem r\u016bp\u0113jas par \u0101das dabisk\u0101 mitruma saglab\u0101\u0161anu. Tikai vien\u0101 sol\u012b \u2014 j\u016bsu \u0101da, iet\u012bta spilgt\u0101 un notur\u012bg\u0101 arom\u0101t\u0101, mirdz\u0113s.<\/p>\n<p>Lieto\u0161ana: Izsmidziniet uz \u0101das. Piem\u0113rots ikdienas lieto\u0161anai. Lai nodro\u0161in\u0101tu notur\u012bgu arom\u0101tu, pirms lieto\u0161anas izmantojiet \u0137erme\u0146a losjonu ar atbilsto\u0161u arom\u0101tu.<\/p>\n<p>Piesardz\u012bbas pas\u0101kumi:<br \/>\n\u2022 Lietot saska\u0146\u0101 ar nor\u0101d\u012bjumiem.<br \/>\n\u2022 Nenor\u012bt.<br \/>\n\u2022 Izvair\u012bties no saskares ar ac\u012bm.<br \/>\n\u2022 Glab\u0101t b\u0113rniem nepieejam\u0101 viet\u0101.<br \/>\n\u2022 Nelietot, ja ir paaugstin\u0101ta individu\u0101la jut\u012bba pret k\u0101du no sast\u0101vda\u013c\u0101m.<br \/>\n\u2022 Nekav\u0113joties p\u0101rtraukt lieto\u0161anu, ja rodas kairin\u0101jums.<br \/>\n\u2022 Nesatur parab\u0113nus.<\/p>\n<p>Uzglab\u0101\u0161anas noteikumi: Uzglab\u0101t temperat\u016br\u0101 no +5 l\u012bdz +39 \u00b0C un relat\u012bvaj\u0101 gaisa mitrum\u0101 no 55% l\u012bdz 70%.<\/p>\n","protected":false},"excerpt":{"rendered":"<p>Atsvaidzino\u0161s \u0137erme\u0146a sprejs ar kumel\u012b\u0161u un za\u013c\u0101s t\u0113jas ekstraktiem, B5 vitam\u012bnu, kivi un a\u013c\u0123u ekstraktiem r\u016bp\u0113jas par \u0101das dabisk\u0101 mitruma saglab\u0101\u0161anu. Tikai vien\u0101 sol\u012b \u2014 j\u016bsu \u0101da, iet\u012bta spilgt\u0101 un notur\u012bg\u0101 arom\u0101t\u0101, mirdz\u0113s. Lieto\u0161ana: Izsmidziniet uz \u0101das. Piem\u0113rots ikdienas lieto\u0161anai. Lai nodro\u0161in\u0101tu notur\u012bgu arom\u0101tu, pirms lieto\u0161anas izmantojiet \u0137erme\u0146a losjonu ar atbilsto\u0161u arom\u0101tu. Piesardz\u012bbas pas\u0101kumi: \u2022 [&#8230;]\n","protected":false},"featured_media":101486,"template":"","meta":[],"product_cat":[1376],"product_tag":[],"class_list":{"0":"post-66331","1":"product","2":"type-product","3":"status-publish","4":"has-post-thumbnail","6":"product_brand-famirel-il","7":"product_cat-kermena-spreji","9":"first","10":"instock","11":"taxable","12":"shipping-taxable","13":"product-type-simple"},"_links":{"self":[{"href":"https:\/\/e.kosmolat.eu\/lv\/wp-json\/wp\/v2\/product\/66331","targetHints":{"allow":["GET"]}}],"collection":[{"href":"https:\/\/e.kosmolat.eu\/lv\/wp-json\/wp\/v2\/product"}],"about":[{"href":"https:\/\/e.kosmolat.eu\/lv\/wp-json\/wp\/v2\/types\/product"}],"wp:featuredmedia":[{"embeddable":true,"href":"https:\/\/e.kosmolat.eu\/lv\/wp-json\/wp\/v2\/media\/101486"}],"wp:attachment":[{"href":"https:\/\/e.kosmolat.eu\/lv\/wp-json\/wp\/v2\/media?parent=66331"}],"wp:term":[{"taxonomy":"product_cat","embeddable":true,"href":"https:\/\/e.kosmolat.eu\/lv\/wp-json\/wp\/v2\/product_cat?post=66331"},{"taxonomy":"product_tag","embeddable":true,"href":"https:\/\/e.kosmolat.eu\/lv\/wp-json\/wp\/v2\/product_tag?post=66331"}],"curies":[{"name":"wp","href":"https:\/\/api.w.org\/{rel}","templated":true}]}}