{"id":66315,"date":"2025-03-25T05:24:48","date_gmt":"2025-03-25T05:24:48","guid":{"rendered":"https:\/\/e.kosmolat.eu\/product\/famirel-essence-no-5-parf-kermena-dusas-zel-intens-mitrin-300-ml\/"},"modified":"2026-04-06T07:50:58","modified_gmt":"2026-04-06T07:50:58","slug":"famirel-essence-no-5-parf-kermena-dusas-zel-intens-mitrin-300-ml","status":"publish","type":"product","link":"https:\/\/e.kosmolat.eu\/lv\/product\/famirel-essence-no-5-parf-kermena-dusas-zel-intens-mitrin-300-ml\/","title":{"rendered":"Famirel Essence No 5 Parf. \u0137erme\u0146a du\u0161as \u017eel. Intens. mitrin., 300 ml"},"content":{"rendered":"<p>Parfim\u0113ta mitrino\u0161a du\u0161as \u017eeleja maigi att\u012bra un baro \u0101du. Unik\u0101ls arom\u0101ts pavad\u012bs j\u016bs visu dienu, sniedzot svaigumu un p\u0101rliec\u012bbu par sevi.<\/p>\n<p>Lieto\u0161ana: Uzkl\u0101jiet uz mitras \u0101das vai s\u016bk\u013ca, pamas\u0113jiet \u0137ermeni un noskalojiet ar \u016bdeni.<\/p>\n<p>Piesardz\u012bbas pas\u0101kumi:<br \/>\n\u2022 Lietot saska\u0146\u0101 ar nor\u0101d\u012bjumiem.<br \/>\n\u2022 Nenor\u012bt.<br \/>\n\u2022 Izvair\u012bties no saskares ar ac\u012bm.<br \/>\n\u2022 Glab\u0101t b\u0113rniem nepieejam\u0101 viet\u0101.<br \/>\n\u2022 Nelietot, ja ir paaugstin\u0101ta individu\u0101la jut\u012bba pret k\u0101du no sast\u0101vda\u013c\u0101m.<br \/>\n\u2022 Nekav\u0113joties p\u0101rtraukt lieto\u0161anu, ja rodas kairin\u0101jums.<br \/>\n\u2022 Nesatur parab\u0113nus.<br \/>\n\u2022 Nesatur SLS.<\/p>\n<p>Uzglab\u0101\u0161anas noteikumi: Uzglab\u0101t temperat\u016br\u0101 no +5 l\u012bdz +39 \u00b0C un relat\u012bvaj\u0101 gaisa mitrum\u0101 no 55% l\u012bdz 70%.<\/p>\n","protected":false},"excerpt":{"rendered":"<p>Parfim\u0113ta mitrino\u0161a du\u0161as \u017eeleja maigi att\u012bra un baro \u0101du. Unik\u0101ls arom\u0101ts pavad\u012bs j\u016bs visu dienu, sniedzot svaigumu un p\u0101rliec\u012bbu par sevi. Lieto\u0161ana: Uzkl\u0101jiet uz mitras \u0101das vai s\u016bk\u013ca, pamas\u0113jiet \u0137ermeni un noskalojiet ar \u016bdeni. Piesardz\u012bbas pas\u0101kumi: \u2022 Lietot saska\u0146\u0101 ar nor\u0101d\u012bjumiem. \u2022 Nenor\u012bt. \u2022 Izvair\u012bties no saskares ar ac\u012bm. \u2022 Glab\u0101t b\u0113rniem nepieejam\u0101 viet\u0101. \u2022 [&#8230;]\n","protected":false},"featured_media":101250,"template":"","meta":[],"product_cat":[1999],"product_tag":[],"class_list":{"0":"post-66315","1":"product","2":"type-product","3":"status-publish","4":"has-post-thumbnail","6":"product_brand-famirel-il","7":"product_cat-bez-kategorijas","9":"first","10":"instock","11":"taxable","12":"shipping-taxable","13":"product-type-simple"},"_links":{"self":[{"href":"https:\/\/e.kosmolat.eu\/lv\/wp-json\/wp\/v2\/product\/66315","targetHints":{"allow":["GET"]}}],"collection":[{"href":"https:\/\/e.kosmolat.eu\/lv\/wp-json\/wp\/v2\/product"}],"about":[{"href":"https:\/\/e.kosmolat.eu\/lv\/wp-json\/wp\/v2\/types\/product"}],"wp:featuredmedia":[{"embeddable":true,"href":"https:\/\/e.kosmolat.eu\/lv\/wp-json\/wp\/v2\/media\/101250"}],"wp:attachment":[{"href":"https:\/\/e.kosmolat.eu\/lv\/wp-json\/wp\/v2\/media?parent=66315"}],"wp:term":[{"taxonomy":"product_cat","embeddable":true,"href":"https:\/\/e.kosmolat.eu\/lv\/wp-json\/wp\/v2\/product_cat?post=66315"},{"taxonomy":"product_tag","embeddable":true,"href":"https:\/\/e.kosmolat.eu\/lv\/wp-json\/wp\/v2\/product_tag?post=66315"}],"curies":[{"name":"wp","href":"https:\/\/api.w.org\/{rel}","templated":true}]}}