{"id":66259,"date":"2025-03-25T05:22:56","date_gmt":"2025-03-25T05:22:56","guid":{"rendered":"https:\/\/e.kosmolat.eu\/product\/famirel-marula-oil-dusas-zel-ar-marulas-ellu-ingveru-un-bergamoti-500-ml\/"},"modified":"2026-04-14T06:13:37","modified_gmt":"2026-04-14T06:13:37","slug":"famirel-marula-oil-dusas-zel-ar-marulas-ellu-ingveru-un-bergamoti-500-ml","status":"publish","type":"product","link":"https:\/\/e.kosmolat.eu\/lv\/product\/famirel-marula-oil-dusas-zel-ar-marulas-ellu-ingveru-un-bergamoti-500-ml\/","title":{"rendered":"Famirel Marula Oil Du\u0161as \u017eel. ar marulas e\u013clu, ingveru un bergamoti, 500 ml"},"content":{"rendered":"<p>\u012apa\u0161i mitrino\u0161a du\u0161as \u017eeleja, bag\u0101tin\u0101ta ar marulas e\u013c\u013cu, N\u0101ves j\u016bras miner\u0101liem un augu ekstraktiem. T\u0101 bag\u0101t\u012bg\u0101, samtain\u0101 formula pal\u012bdz mitrin\u0101t \u0101du, atst\u0101jot m\u012bkstuma un gluduma saj\u016btu visas dienas garum\u0101.<\/p>\n<p>Lieto\u0161ana: Uzkl\u0101jiet uz mitras \u0101das vai s\u016bk\u013ca, iemas\u0113jiet \u0137ermen\u012b, p\u0113c tam noskalojiet ar \u016bdeni.<\/p>\n<p>Piesardz\u012bbas pas\u0101kumi:<br \/>\n\u2022 Lietot saska\u0146\u0101 ar nor\u0101d\u012bjumiem.<br \/>\n\u2022 Nenor\u012bt.<br \/>\n\u2022 Izvair\u012bties no saskares ar ac\u012bm.<br \/>\n\u2022 Glab\u0101t b\u0113rniem nepieejam\u0101 viet\u0101.<br \/>\n\u2022 Nelietot, ja ir paaugstin\u0101ta individu\u0101la jut\u012bba pret k\u0101du no sast\u0101vda\u013c\u0101m.<br \/>\n\u2022 Nekav\u0113joties p\u0101rtraukt lieto\u0161anu, ja rodas kairin\u0101jums.<br \/>\n\u2022 Nesatur parab\u0113nus.<br \/>\n\u2022 Nesatur SLS.<\/p>\n<p>Uzglab\u0101\u0161anas noteikumi: Uzglab\u0101t temperat\u016br\u0101 no +5 l\u012bdz +39 \u00b0C un relat\u012bvaj\u0101 gaisa mitrum\u0101 no 55% l\u012bdz 70%.<\/p>\n","protected":false},"excerpt":{"rendered":"<p>\u012apa\u0161i mitrino\u0161a du\u0161as \u017eeleja, bag\u0101tin\u0101ta ar marulas e\u013c\u013cu, N\u0101ves j\u016bras miner\u0101liem un augu ekstraktiem. T\u0101 bag\u0101t\u012bg\u0101, samtain\u0101 formula pal\u012bdz mitrin\u0101t \u0101du, atst\u0101jot m\u012bkstuma un gluduma saj\u016btu visas dienas garum\u0101. Lieto\u0161ana: Uzkl\u0101jiet uz mitras \u0101das vai s\u016bk\u013ca, iemas\u0113jiet \u0137ermen\u012b, p\u0113c tam noskalojiet ar \u016bdeni. Piesardz\u012bbas pas\u0101kumi: \u2022 Lietot saska\u0146\u0101 ar nor\u0101d\u012bjumiem. \u2022 Nenor\u012bt. \u2022 Izvair\u012bties no [&#8230;]\n","protected":false},"featured_media":101242,"template":"","meta":[],"product_cat":[1280],"product_tag":[],"class_list":{"0":"post-66259","1":"product","2":"type-product","3":"status-publish","4":"has-post-thumbnail","6":"product_brand-famirel-il","7":"product_cat-dusas-zelejas-un-dusas-ellas","9":"first","10":"instock","11":"taxable","12":"shipping-taxable","13":"product-type-simple"},"_links":{"self":[{"href":"https:\/\/e.kosmolat.eu\/lv\/wp-json\/wp\/v2\/product\/66259","targetHints":{"allow":["GET"]}}],"collection":[{"href":"https:\/\/e.kosmolat.eu\/lv\/wp-json\/wp\/v2\/product"}],"about":[{"href":"https:\/\/e.kosmolat.eu\/lv\/wp-json\/wp\/v2\/types\/product"}],"wp:featuredmedia":[{"embeddable":true,"href":"https:\/\/e.kosmolat.eu\/lv\/wp-json\/wp\/v2\/media\/101242"}],"wp:attachment":[{"href":"https:\/\/e.kosmolat.eu\/lv\/wp-json\/wp\/v2\/media?parent=66259"}],"wp:term":[{"taxonomy":"product_cat","embeddable":true,"href":"https:\/\/e.kosmolat.eu\/lv\/wp-json\/wp\/v2\/product_cat?post=66259"},{"taxonomy":"product_tag","embeddable":true,"href":"https:\/\/e.kosmolat.eu\/lv\/wp-json\/wp\/v2\/product_tag?post=66259"}],"curies":[{"name":"wp","href":"https:\/\/api.w.org\/{rel}","templated":true}]}}