{"id":66235,"date":"2025-03-25T05:22:06","date_gmt":"2025-03-25T05:22:06","guid":{"rendered":"https:\/\/e.kosmolat.eu\/product\/famirel-marula-oil-matu-maska-ar-marulas-ellu-250-ml\/"},"modified":"2026-04-22T05:56:10","modified_gmt":"2026-04-22T05:56:10","slug":"famirel-marula-oil-matu-maska-ar-marulas-ellu-250-ml","status":"publish","type":"product","link":"https:\/\/e.kosmolat.eu\/lv\/product\/famirel-marula-oil-matu-maska-ar-marulas-ellu-250-ml\/","title":{"rendered":"Famirel Marula Oil Matu maska ar marulas e\u013clu, 250 ml"},"content":{"rendered":"<p>Matu maska ar marulas e\u013c\u013cu ir bag\u0101ta ar tauksk\u0101b\u0113m, kas pal\u012bdz saglab\u0101t matu biezumu un vesel\u012bbu, k\u0101 ar\u012b iev\u0113rojami uzlabo matu aug\u0161anu un galvas \u0101das st\u0101vokli.<\/p>\n<p>Lieto\u0161ana: Uzkl\u0101jiet uz t\u012briem, mitriem matiem. Atst\u0101jiet uz 3-5 min\u016bt\u0113m, p\u0113c tam r\u016bp\u012bgi izskalojiet. Lietojiet 1-2 reizes ned\u0113\u013c\u0101.<\/p>\n<p>Piesardz\u012bbas pas\u0101kumi:<br \/>\n\u2022 Lietot saska\u0146\u0101 ar nor\u0101d\u012bjumiem.<br \/>\n\u2022 Nenor\u012bt.<br \/>\n\u2022 Izvair\u012bties no saskares ar ac\u012bm.<br \/>\n\u2022 Glab\u0101t b\u0113rniem nepieejam\u0101 viet\u0101.<br \/>\n\u2022 Nelietot, ja ir paaugstin\u0101ta individu\u0101la jut\u012bba pret k\u0101du no sast\u0101vda\u013c\u0101m.<br \/>\n\u2022 Nekav\u0113joties p\u0101rtraukt lieto\u0161anu, ja rodas kairin\u0101jums.<br \/>\n\u2022 Nesatur parab\u0113nus.<\/p>\n<p>Uzglab\u0101\u0161anas noteikumi: Uzglab\u0101t temperat\u016br\u0101 no +5 l\u012bdz +39 \u00b0C un relat\u012bvaj\u0101 gaisa mitrum\u0101 no 55% l\u012bdz 70%.<\/p>\n","protected":false},"excerpt":{"rendered":"<p>Matu maska ar marulas e\u013c\u013cu ir bag\u0101ta ar tauksk\u0101b\u0113m, kas pal\u012bdz saglab\u0101t matu biezumu un vesel\u012bbu, k\u0101 ar\u012b iev\u0113rojami uzlabo matu aug\u0161anu un galvas \u0101das st\u0101vokli. Lieto\u0161ana: Uzkl\u0101jiet uz t\u012briem, mitriem matiem. Atst\u0101jiet uz 3-5 min\u016bt\u0113m, p\u0113c tam r\u016bp\u012bgi izskalojiet. Lietojiet 1-2 reizes ned\u0113\u013c\u0101. Piesardz\u012bbas pas\u0101kumi: \u2022 Lietot saska\u0146\u0101 ar nor\u0101d\u012bjumiem. \u2022 Nenor\u012bt. \u2022 Izvair\u012bties [&#8230;]\n","protected":false},"featured_media":101478,"template":"","meta":[],"product_cat":[1254],"product_tag":[],"class_list":{"0":"post-66235","1":"product","2":"type-product","3":"status-publish","4":"has-post-thumbnail","6":"product_brand-famirel-il","7":"product_cat-maskas-matiem","9":"first","10":"instock","11":"taxable","12":"shipping-taxable","13":"product-type-simple"},"_links":{"self":[{"href":"https:\/\/e.kosmolat.eu\/lv\/wp-json\/wp\/v2\/product\/66235","targetHints":{"allow":["GET"]}}],"collection":[{"href":"https:\/\/e.kosmolat.eu\/lv\/wp-json\/wp\/v2\/product"}],"about":[{"href":"https:\/\/e.kosmolat.eu\/lv\/wp-json\/wp\/v2\/types\/product"}],"wp:featuredmedia":[{"embeddable":true,"href":"https:\/\/e.kosmolat.eu\/lv\/wp-json\/wp\/v2\/media\/101478"}],"wp:attachment":[{"href":"https:\/\/e.kosmolat.eu\/lv\/wp-json\/wp\/v2\/media?parent=66235"}],"wp:term":[{"taxonomy":"product_cat","embeddable":true,"href":"https:\/\/e.kosmolat.eu\/lv\/wp-json\/wp\/v2\/product_cat?post=66235"},{"taxonomy":"product_tag","embeddable":true,"href":"https:\/\/e.kosmolat.eu\/lv\/wp-json\/wp\/v2\/product_tag?post=66235"}],"curies":[{"name":"wp","href":"https:\/\/api.w.org\/{rel}","templated":true}]}}