{"id":66227,"date":"2025-03-25T05:21:48","date_gmt":"2025-03-25T05:21:48","guid":{"rendered":"https:\/\/e.kosmolat.eu\/product\/famirel-marula-oil-matu-kondic-ar-marulas-un-linseklu-ellam-500-ml\/"},"modified":"2026-04-20T11:34:17","modified_gmt":"2026-04-20T11:34:17","slug":"famirel-marula-oil-matu-kondic-ar-marulas-un-linseklu-ellam-500-ml","status":"publish","type":"product","link":"https:\/\/e.kosmolat.eu\/lv\/product\/famirel-marula-oil-matu-kondic-ar-marulas-un-linseklu-ellam-500-ml\/","title":{"rendered":"Famirel Marula Oil Matu kondic. ar marulas un lins\u0113klu e\u013cl\u0101m, 500 ml"},"content":{"rendered":"<p>Kondicionieris ar marulas e\u013c\u013cu atjauno boj\u0101tus matus p\u0113c \u0137\u012bmisk\u0101s, termisk\u0101s apstr\u0101des, vai kr\u0101so\u0161anas. Tas ir bag\u0101tin\u0101ts ar lins\u0113klu e\u013c\u013cu, B5 vitam\u012bnu un kerat\u012bnu, kas veicina matu aug\u0161anu un samazina to l\u016b\u0161anu. Kondicionieris ar\u012b pal\u012bdz samazin\u0101t \u0161\u0137eltos matu galus, padarot matus gludus, z\u012bdainus un sp\u012bd\u012bgus.<\/p>\n<p>Lieto\u0161ana: Uzkl\u0101jiet uz mitriem matiem p\u0113c \u0161amp\u016bna lieto\u0161anas. Sadaliet pa matu galiem, atst\u0101jiet uz 3-5 min\u016bt\u0113m, p\u0113c tam r\u016bp\u012bgi izskalojiet. <\/p>\n<p>Piesardz\u012bbas pas\u0101kumi:<br \/>\n\u2022 Lietot saska\u0146\u0101 ar nor\u0101d\u012bjumiem.<br \/>\n\u2022 Nenor\u012bt.<br \/>\n\u2022 Izvair\u012bties no saskares ar ac\u012bm.<br \/>\n\u2022 Glab\u0101t b\u0113rniem nepieejam\u0101 viet\u0101.<br \/>\n\u2022 Nelietot, ja ir paaugstin\u0101ta individu\u0101la jut\u012bba pret k\u0101du no sast\u0101vda\u013c\u0101m.<br \/>\n\u2022 Nekav\u0113joties p\u0101rtraukt lieto\u0161anu, ja rodas kairin\u0101jums.<br \/>\n\u2022 Nesatur parab\u0113nus.<\/p>\n<p>Uzglab\u0101\u0161anas noteikumi: Uzglab\u0101t temperat\u016br\u0101 no +5 l\u012bdz +39 \u00b0C un relat\u012bvaj\u0101 gaisa mitrum\u0101 no 55% l\u012bdz 70%.<\/p>\n","protected":false},"excerpt":{"rendered":"<p>Kondicionieris ar marulas e\u013c\u013cu atjauno boj\u0101tus matus p\u0113c \u0137\u012bmisk\u0101s, termisk\u0101s apstr\u0101des, vai kr\u0101so\u0161anas. Tas ir bag\u0101tin\u0101ts ar lins\u0113klu e\u013c\u013cu, B5 vitam\u012bnu un kerat\u012bnu, kas veicina matu aug\u0161anu un samazina to l\u016b\u0161anu. Kondicionieris ar\u012b pal\u012bdz samazin\u0101t \u0161\u0137eltos matu galus, padarot matus gludus, z\u012bdainus un sp\u012bd\u012bgus. Lieto\u0161ana: Uzkl\u0101jiet uz mitriem matiem p\u0113c \u0161amp\u016bna lieto\u0161anas. Sadaliet pa matu [&#8230;]\n","protected":false},"featured_media":102239,"template":"","meta":[],"product_cat":[1638],"product_tag":[],"class_list":{"0":"post-66227","1":"product","2":"type-product","3":"status-publish","4":"has-post-thumbnail","6":"product_brand-famirel-il","7":"product_cat-balzami","9":"first","10":"instock","11":"taxable","12":"shipping-taxable","13":"product-type-simple"},"_links":{"self":[{"href":"https:\/\/e.kosmolat.eu\/lv\/wp-json\/wp\/v2\/product\/66227","targetHints":{"allow":["GET"]}}],"collection":[{"href":"https:\/\/e.kosmolat.eu\/lv\/wp-json\/wp\/v2\/product"}],"about":[{"href":"https:\/\/e.kosmolat.eu\/lv\/wp-json\/wp\/v2\/types\/product"}],"wp:featuredmedia":[{"embeddable":true,"href":"https:\/\/e.kosmolat.eu\/lv\/wp-json\/wp\/v2\/media\/102239"}],"wp:attachment":[{"href":"https:\/\/e.kosmolat.eu\/lv\/wp-json\/wp\/v2\/media?parent=66227"}],"wp:term":[{"taxonomy":"product_cat","embeddable":true,"href":"https:\/\/e.kosmolat.eu\/lv\/wp-json\/wp\/v2\/product_cat?post=66227"},{"taxonomy":"product_tag","embeddable":true,"href":"https:\/\/e.kosmolat.eu\/lv\/wp-json\/wp\/v2\/product_tag?post=66227"}],"curies":[{"name":"wp","href":"https:\/\/api.w.org\/{rel}","templated":true}]}}