{"id":66219,"date":"2025-03-25T05:21:30","date_gmt":"2025-03-25T05:21:30","guid":{"rendered":"https:\/\/e.kosmolat.eu\/product\/famirel-marula-oil-samp-normaiem-matiem-ar-marulas-ell-un-az-cent-ekst-500-ml\/"},"modified":"2026-03-04T14:41:33","modified_gmt":"2026-03-04T14:41:33","slug":"famirel-marula-oil-samp-normaiem-matiem-ar-marulas-ell-un-az-cent-ekst-500-ml","status":"publish","type":"product","link":"https:\/\/e.kosmolat.eu\/lv\/product\/famirel-marula-oil-samp-normaiem-matiem-ar-marulas-ell-un-az-cent-ekst-500-ml\/","title":{"rendered":"Famirel Marula Oil \u0161amp. norm\u0101iem matiem ar marulas e\u013cl un \u0100z. cent. ekst., 500 ml"},"content":{"rendered":"<p>Att\u012bra un mitrina matus un galvas \u0101du. Satur marulas e\u013c\u013cu un \u0100zijas cent\u012blijas ekstraktu, kas nodro\u0161ina papildu mitrin\u0101\u0161anu un aizsarg\u0101 matus no apk\u0101rt\u0113j\u0101s vides faktoriem.<\/p>\n<p>Lieto\u0161ana: Pa\u0146emiet nelielu daudzumu \u0161amp\u016bna un maigi iemas\u0113jiet mitros matos un galvas \u0101d\u0101. Sadaliet to vis\u0101 matu garum\u0101. R\u016bp\u012bgi izskalojiet matus un galvas \u0101du ar \u016bdeni.<\/p>\n<p>Piesardz\u012bbas pas\u0101kumi:<br \/>\n\u2022 Lietot saska\u0146\u0101 ar nor\u0101d\u012bjumiem.<br \/>\n\u2022 Nenor\u012bt.<br \/>\n\u2022 Izvair\u012bties no saskares ar ac\u012bm.<br \/>\n\u2022 Glab\u0101t b\u0113rniem nepieejam\u0101 viet\u0101.<br \/>\n\u2022 Nelietot, ja ir paaugstin\u0101ta individu\u0101la jut\u012bba pret k\u0101du no sast\u0101vda\u013c\u0101m.<br \/>\n\u2022 Nekav\u0113joties p\u0101rtraukt lieto\u0161anu, ja rodas kairin\u0101jums.<br \/>\n\u2022 Nesatur parab\u0113nus.<\/p>\n<p>Uzglab\u0101\u0161anas noteikumi: Uzglab\u0101t temperat\u016br\u0101 no +5 l\u012bdz +39 \u00b0C un relat\u012bvaj\u0101 gaisa mitrum\u0101 no 55% l\u012bdz 70%.<\/p>\n","protected":false},"excerpt":{"rendered":"<p>Att\u012bra un mitrina matus un galvas \u0101du. Satur marulas e\u013c\u013cu un \u0100zijas cent\u012blijas ekstraktu, kas nodro\u0161ina papildu mitrin\u0101\u0161anu un aizsarg\u0101 matus no apk\u0101rt\u0113j\u0101s vides faktoriem. Lieto\u0161ana: Pa\u0146emiet nelielu daudzumu \u0161amp\u016bna un maigi iemas\u0113jiet mitros matos un galvas \u0101d\u0101. Sadaliet to vis\u0101 matu garum\u0101. R\u016bp\u012bgi izskalojiet matus un galvas \u0101du ar \u016bdeni. Piesardz\u012bbas pas\u0101kumi: \u2022 Lietot [&#8230;]\n","protected":false},"featured_media":101458,"template":"","meta":[],"product_cat":[1248],"product_tag":[],"class_list":{"0":"post-66219","1":"product","2":"type-product","3":"status-publish","4":"has-post-thumbnail","6":"product_brand-famirel-il","7":"product_cat-sampuni","9":"first","10":"instock","11":"taxable","12":"shipping-taxable","13":"product-type-simple"},"_links":{"self":[{"href":"https:\/\/e.kosmolat.eu\/lv\/wp-json\/wp\/v2\/product\/66219","targetHints":{"allow":["GET"]}}],"collection":[{"href":"https:\/\/e.kosmolat.eu\/lv\/wp-json\/wp\/v2\/product"}],"about":[{"href":"https:\/\/e.kosmolat.eu\/lv\/wp-json\/wp\/v2\/types\/product"}],"wp:featuredmedia":[{"embeddable":true,"href":"https:\/\/e.kosmolat.eu\/lv\/wp-json\/wp\/v2\/media\/101458"}],"wp:attachment":[{"href":"https:\/\/e.kosmolat.eu\/lv\/wp-json\/wp\/v2\/media?parent=66219"}],"wp:term":[{"taxonomy":"product_cat","embeddable":true,"href":"https:\/\/e.kosmolat.eu\/lv\/wp-json\/wp\/v2\/product_cat?post=66219"},{"taxonomy":"product_tag","embeddable":true,"href":"https:\/\/e.kosmolat.eu\/lv\/wp-json\/wp\/v2\/product_tag?post=66219"}],"curies":[{"name":"wp","href":"https:\/\/api.w.org\/{rel}","templated":true}]}}