{"id":66211,"date":"2025-03-25T05:21:10","date_gmt":"2025-03-25T05:21:10","guid":{"rendered":"https:\/\/e.kosmolat.eu\/product\/famirel-marula-oil-sampuns-kras-un-sausi-matiem-ar-marulas-el-un-pitaijas-ekstr-500-ml\/"},"modified":"2026-04-16T13:34:40","modified_gmt":"2026-04-16T13:34:40","slug":"famirel-marula-oil-sampuns-kras-un-sausi-matiem-ar-marulas-el-un-pitaijas-ekstr-500-ml","status":"publish","type":"product","link":"https:\/\/e.kosmolat.eu\/lv\/product\/famirel-marula-oil-sampuns-kras-un-sausi-matiem-ar-marulas-el-un-pitaijas-ekstr-500-ml\/","title":{"rendered":"Famirel Marula Oil \u0160amp\u016bns kr\u0101s. un sausi. matiem ar marulas e\u013c. un pitaijas ekstr., 500 ml"},"content":{"rendered":"<p>\u012apa\u0161a formula pal\u012bdz saglab\u0101t matu kr\u0101su p\u0113c iesp\u0113jas ilg\u0101k, vienlaikus saglab\u0101jot to maigumu un samtainumu. Nov\u0113r\u0161 matu kutikulu atv\u0113r\u0161anos, \u013caujot kr\u0101sai ilg\u0101k palikt iek\u0161pus\u0113, vienlaikus maigi att\u012brot un mitrinot galvas \u0101du.<\/p>\n<p>Lieto\u0161ana: Pa\u0146emiet nelielu daudzumu \u0161amp\u016bna un maigi iemas\u0113jiet mitros matos un galvas \u0101d\u0101. Sadaliet to vis\u0101 matu garum\u0101. R\u016bp\u012bgi izskalojiet matus un galvas \u0101du ar \u016bdeni.<\/p>\n<p>Piesardz\u012bbas pas\u0101kumi:<br \/>\n\u2022 Lietot saska\u0146\u0101 ar nor\u0101d\u012bjumiem.<br \/>\n\u2022 Nenor\u012bt.<br \/>\n\u2022 Izvair\u012bties no saskares ar ac\u012bm.<br \/>\n\u2022 Glab\u0101t b\u0113rniem nepieejam\u0101 viet\u0101.<br \/>\n\u2022 Nelietot, ja ir paaugstin\u0101ta individu\u0101la jut\u012bba pret k\u0101du no sast\u0101vda\u013c\u0101m.<br \/>\n\u2022 Nekav\u0113joties p\u0101rtraukt lieto\u0161anu, ja rodas kairin\u0101jums.<br \/>\n\u2022 Nesatur parab\u0113nus.<\/p>\n<p>Uzglab\u0101\u0161anas noteikumi: Uzglab\u0101t temperat\u016br\u0101 no +5 l\u012bdz +39 \u00b0C un relat\u012bvaj\u0101 gaisa mitrum\u0101 no 55% l\u012bdz 70%.<\/p>\n","protected":false},"excerpt":{"rendered":"<p>\u012apa\u0161a formula pal\u012bdz saglab\u0101t matu kr\u0101su p\u0113c iesp\u0113jas ilg\u0101k, vienlaikus saglab\u0101jot to maigumu un samtainumu. Nov\u0113r\u0161 matu kutikulu atv\u0113r\u0161anos, \u013caujot kr\u0101sai ilg\u0101k palikt iek\u0161pus\u0113, vienlaikus maigi att\u012brot un mitrinot galvas \u0101du. Lieto\u0161ana: Pa\u0146emiet nelielu daudzumu \u0161amp\u016bna un maigi iemas\u0113jiet mitros matos un galvas \u0101d\u0101. Sadaliet to vis\u0101 matu garum\u0101. R\u016bp\u012bgi izskalojiet matus un galvas \u0101du [&#8230;]\n","protected":false},"featured_media":101454,"template":"","meta":[],"product_cat":[1248],"product_tag":[],"class_list":{"0":"post-66211","1":"product","2":"type-product","3":"status-publish","4":"has-post-thumbnail","6":"product_brand-famirel-il","7":"product_cat-sampuni","9":"first","10":"instock","11":"taxable","12":"shipping-taxable","13":"product-type-simple"},"_links":{"self":[{"href":"https:\/\/e.kosmolat.eu\/lv\/wp-json\/wp\/v2\/product\/66211","targetHints":{"allow":["GET"]}}],"collection":[{"href":"https:\/\/e.kosmolat.eu\/lv\/wp-json\/wp\/v2\/product"}],"about":[{"href":"https:\/\/e.kosmolat.eu\/lv\/wp-json\/wp\/v2\/types\/product"}],"wp:featuredmedia":[{"embeddable":true,"href":"https:\/\/e.kosmolat.eu\/lv\/wp-json\/wp\/v2\/media\/101454"}],"wp:attachment":[{"href":"https:\/\/e.kosmolat.eu\/lv\/wp-json\/wp\/v2\/media?parent=66211"}],"wp:term":[{"taxonomy":"product_cat","embeddable":true,"href":"https:\/\/e.kosmolat.eu\/lv\/wp-json\/wp\/v2\/product_cat?post=66211"},{"taxonomy":"product_tag","embeddable":true,"href":"https:\/\/e.kosmolat.eu\/lv\/wp-json\/wp\/v2\/product_tag?post=66211"}],"curies":[{"name":"wp","href":"https:\/\/api.w.org\/{rel}","templated":true}]}}