{"id":66187,"date":"2025-03-25T05:20:16","date_gmt":"2025-03-25T05:20:16","guid":{"rendered":"https:\/\/e.kosmolat.eu\/product\/famirel-argan-oil-matu-serums-ar-argana-ellu-atjaunos-un-aizsardz-50-ml\/"},"modified":"2026-04-14T16:33:32","modified_gmt":"2026-04-14T16:33:32","slug":"famirel-argan-oil-matu-serums-ar-argana-ellu-atjaunos-un-aizsardz-50-ml","status":"publish","type":"product","link":"https:\/\/e.kosmolat.eu\/lv\/product\/famirel-argan-oil-matu-serums-ar-argana-ellu-atjaunos-un-aizsardz-50-ml\/","title":{"rendered":"Famirel Argan Oil Matu serums ar arg\u0101na e\u013clu Atjauno\u0161. un aizsardz., 50 ml"},"content":{"rendered":"<p>Serums ar arg\u0101na e\u013c\u013cu pie\u0161\u0137ir matiem sp\u012bdumu, baro un m\u012bkstina tos. Nodro\u0161ina aizsardz\u012bbu pret boj\u0101jumiem termisk\u0101s iedarb\u012bbas laik\u0101 un pal\u012bdz nov\u0113rst statisko elektr\u012bbu.<\/p>\n<p>Lieto\u0161ana: Uzkl\u0101jiet nelielu daudzumu seruma uz mitriem matiem, p\u0113c tam iz\u017e\u0101v\u0113jiet tos ar f\u0113nu, ieveidojiet un iz\u0137emm\u0113jiet, lai vienm\u0113r\u012bgi sadal\u012btu l\u012bdzekli un pie\u0161\u0137irtu matiem dabisku un vesel\u012bgu izskatu.<\/p>\n<p>Piesardz\u012bbas pas\u0101kumi:<br \/>\n\u2022 Lietot saska\u0146\u0101 ar nor\u0101d\u012bjumiem.<br \/>\n\u2022 Nenor\u012bt.<br \/>\n\u2022 Izvair\u012bties no saskares ar ac\u012bm.<br \/>\n\u2022 Glab\u0101t b\u0113rniem nepieejam\u0101 viet\u0101.<br \/>\n\u2022 Nelietot, ja ir paaugstin\u0101ta individu\u0101la jut\u012bba pret k\u0101du no sast\u0101vda\u013c\u0101m.<br \/>\n\u2022 Nekav\u0113joties p\u0101rtraukt lieto\u0161anu, ja rodas kairin\u0101jums.<br \/>\n\u2022 Nesatur parab\u0113nus.<\/p>\n<p>Uzglab\u0101\u0161anas noteikumi: Uzglab\u0101t temperat\u016br\u0101 no +5 l\u012bdz +39 \u00b0C un relat\u012bvaj\u0101 gaisa mitrum\u0101 no 55% l\u012bdz 70%.<\/p>\n","protected":false},"excerpt":{"rendered":"<p>Serums ar arg\u0101na e\u013c\u013cu pie\u0161\u0137ir matiem sp\u012bdumu, baro un m\u012bkstina tos. Nodro\u0161ina aizsardz\u012bbu pret boj\u0101jumiem termisk\u0101s iedarb\u012bbas laik\u0101 un pal\u012bdz nov\u0113rst statisko elektr\u012bbu. Lieto\u0161ana: Uzkl\u0101jiet nelielu daudzumu seruma uz mitriem matiem, p\u0113c tam iz\u017e\u0101v\u0113jiet tos ar f\u0113nu, ieveidojiet un iz\u0137emm\u0113jiet, lai vienm\u0113r\u012bgi sadal\u012btu l\u012bdzekli un pie\u0161\u0137irtu matiem dabisku un vesel\u012bgu izskatu. Piesardz\u012bbas pas\u0101kumi: \u2022 Lietot [&#8230;]\n","protected":false},"featured_media":102098,"template":"","meta":[],"product_cat":[1343],"product_tag":[],"class_list":{"0":"post-66187","1":"product","2":"type-product","3":"status-publish","4":"has-post-thumbnail","6":"product_brand-famirel-il","7":"product_cat-citi-matu-kopsanas-produkti","9":"first","10":"instock","11":"taxable","12":"shipping-taxable","13":"product-type-simple"},"_links":{"self":[{"href":"https:\/\/e.kosmolat.eu\/lv\/wp-json\/wp\/v2\/product\/66187","targetHints":{"allow":["GET"]}}],"collection":[{"href":"https:\/\/e.kosmolat.eu\/lv\/wp-json\/wp\/v2\/product"}],"about":[{"href":"https:\/\/e.kosmolat.eu\/lv\/wp-json\/wp\/v2\/types\/product"}],"wp:featuredmedia":[{"embeddable":true,"href":"https:\/\/e.kosmolat.eu\/lv\/wp-json\/wp\/v2\/media\/102098"}],"wp:attachment":[{"href":"https:\/\/e.kosmolat.eu\/lv\/wp-json\/wp\/v2\/media?parent=66187"}],"wp:term":[{"taxonomy":"product_cat","embeddable":true,"href":"https:\/\/e.kosmolat.eu\/lv\/wp-json\/wp\/v2\/product_cat?post=66187"},{"taxonomy":"product_tag","embeddable":true,"href":"https:\/\/e.kosmolat.eu\/lv\/wp-json\/wp\/v2\/product_tag?post=66187"}],"curies":[{"name":"wp","href":"https:\/\/api.w.org\/{rel}","templated":true}]}}