{"id":66179,"date":"2025-03-25T05:19:55","date_gmt":"2025-03-25T05:19:55","guid":{"rendered":"https:\/\/e.kosmolat.eu\/product\/famirel-argan-oil-matu-maska-ar-argana-ellu-atjaun-un-aizsardz-250-ml\/"},"modified":"2026-04-16T13:34:24","modified_gmt":"2026-04-16T13:34:24","slug":"famirel-argan-oil-matu-maska-ar-argana-ellu-atjaun-un-aizsardz-250-ml","status":"publish","type":"product","link":"https:\/\/e.kosmolat.eu\/lv\/product\/famirel-argan-oil-matu-maska-ar-argana-ellu-atjaun-un-aizsardz-250-ml\/","title":{"rendered":"Famirel Argan Oil Matu maska ar arg\u0101na e\u013clu Atjaun. un aizsardz., 250 ml"},"content":{"rendered":"<p>Matu maska ar arg\u0101na e\u013c\u013cu, kas bag\u0101ta ar antioksidantiem, pal\u012bdz c\u012bn\u012bties ar matu boj\u0101jumiem, nodro\u0161ina nepiecie\u0161amo mitrin\u0101\u0161anu un nov\u0113r\u0161 sa\u0161\u0137eltus galus un trauslumu.<\/p>\n<p>Lieto\u0161ana: Uzkl\u0101jiet uz t\u012briem, mitriem matiem. Atst\u0101jiet uz 3-5 min\u016bt\u0113m, p\u0113c tam r\u016bp\u012bgi izskalojiet. Lietojiet 1-2 reizes ned\u0113\u013c\u0101.<\/p>\n<p>Piesardz\u012bbas pas\u0101kumi:<br \/>\n\u2022 Lietot saska\u0146\u0101 ar nor\u0101d\u012bjumiem.<br \/>\n\u2022 Nenor\u012bt.<br \/>\n\u2022 Izvair\u012bties no saskares ar ac\u012bm.<br \/>\n\u2022 Glab\u0101t b\u0113rniem nepieejam\u0101 viet\u0101.<br \/>\n\u2022 Nelietot, ja ir paaugstin\u0101ta individu\u0101la jut\u012bba pret k\u0101du no sast\u0101vda\u013c\u0101m.<br \/>\n\u2022 Nekav\u0113joties p\u0101rtraukt lieto\u0161anu, ja rodas kairin\u0101jums.<br \/>\n\u2022 Nesatur parab\u0113nus.<\/p>\n<p>Uzglab\u0101\u0161anas noteikumi: Uzglab\u0101t temperat\u016br\u0101 no +5 l\u012bdz +39 \u00b0C un relat\u012bvaj\u0101 gaisa mitrum\u0101 no 55% l\u012bdz 70%.<\/p>\n","protected":false},"excerpt":{"rendered":"<p>Matu maska ar arg\u0101na e\u013c\u013cu, kas bag\u0101ta ar antioksidantiem, pal\u012bdz c\u012bn\u012bties ar matu boj\u0101jumiem, nodro\u0161ina nepiecie\u0161amo mitrin\u0101\u0161anu un nov\u0113r\u0161 sa\u0161\u0137eltus galus un trauslumu. Lieto\u0161ana: Uzkl\u0101jiet uz t\u012briem, mitriem matiem. Atst\u0101jiet uz 3-5 min\u016bt\u0113m, p\u0113c tam r\u016bp\u012bgi izskalojiet. Lietojiet 1-2 reizes ned\u0113\u013c\u0101. Piesardz\u012bbas pas\u0101kumi: \u2022 Lietot saska\u0146\u0101 ar nor\u0101d\u012bjumiem. \u2022 Nenor\u012bt. \u2022 Izvair\u012bties no saskares ar [&#8230;]\n","protected":false},"featured_media":101474,"template":"","meta":[],"product_cat":[1254],"product_tag":[],"class_list":{"0":"post-66179","1":"product","2":"type-product","3":"status-publish","4":"has-post-thumbnail","6":"product_brand-famirel-il","7":"product_cat-maskas-matiem","9":"first","10":"instock","11":"taxable","12":"shipping-taxable","13":"product-type-simple"},"_links":{"self":[{"href":"https:\/\/e.kosmolat.eu\/lv\/wp-json\/wp\/v2\/product\/66179","targetHints":{"allow":["GET"]}}],"collection":[{"href":"https:\/\/e.kosmolat.eu\/lv\/wp-json\/wp\/v2\/product"}],"about":[{"href":"https:\/\/e.kosmolat.eu\/lv\/wp-json\/wp\/v2\/types\/product"}],"wp:featuredmedia":[{"embeddable":true,"href":"https:\/\/e.kosmolat.eu\/lv\/wp-json\/wp\/v2\/media\/101474"}],"wp:attachment":[{"href":"https:\/\/e.kosmolat.eu\/lv\/wp-json\/wp\/v2\/media?parent=66179"}],"wp:term":[{"taxonomy":"product_cat","embeddable":true,"href":"https:\/\/e.kosmolat.eu\/lv\/wp-json\/wp\/v2\/product_cat?post=66179"},{"taxonomy":"product_tag","embeddable":true,"href":"https:\/\/e.kosmolat.eu\/lv\/wp-json\/wp\/v2\/product_tag?post=66179"}],"curies":[{"name":"wp","href":"https:\/\/api.w.org\/{rel}","templated":true}]}}