{"id":66171,"date":"2025-03-25T05:19:39","date_gmt":"2025-03-25T05:19:39","guid":{"rendered":"https:\/\/e.kosmolat.eu\/product\/famirel-argan-oil-matu-kondic-ar-argana-ellu-atjaun-un-aizsardz-500-ml\/"},"modified":"2026-04-23T09:33:11","modified_gmt":"2026-04-23T09:33:11","slug":"famirel-argan-oil-matu-kondic-ar-argana-ellu-atjaun-un-aizsardz-500-ml","status":"publish","type":"product","link":"https:\/\/e.kosmolat.eu\/lv\/product\/famirel-argan-oil-matu-kondic-ar-argana-ellu-atjaun-un-aizsardz-500-ml\/","title":{"rendered":"Famirel Argan Oil Matu kondic. ar arg\u0101na e\u013c\u013cu Atjaun. un aizsardz., 500 ml"},"content":{"rendered":"<p>Matu kondicionieris ar arg\u0101na e\u013c\u013cu pal\u012bdz uzlabot matu elast\u012bbu un padara matus stipr\u0101kus, aizsarg\u0101jot tos no ilgtermi\u0146a boj\u0101jumiem, ko izraisa da\u017e\u0101di matu veido\u0161anas l\u012bdzek\u013ci. Uztur mitrumu, pal\u012bdzot m\u012bkstin\u0101t sausus, boj\u0101tus un trauslus matus. . Kondicionieris ar pastiprin\u0101tu sast\u0101vu, kur\u0101 ietilpst arg\u0101na e\u013c\u013ca, \u0161\u012b sviests, smilts\u0113rk\u0161\u0137u e\u013c\u013ca un augu ekstrakti, kas nodro\u0161in\u0101s nepiecie\u0161amo kop\u0161anu, padarot matus sp\u012bd\u012bgus un vesel\u012bgus.<\/p>\n<p>Lieto\u0161ana: Uzkl\u0101jiet uz mitriem matiem p\u0113c \u0161amp\u016bna lieto\u0161anas. Sadaliet pa matu galiem, atst\u0101jiet uz 3-5 min\u016bt\u0113m, p\u0113c tam r\u016bp\u012bgi izskalojiet. <\/p>\n<p>Piesardz\u012bbas pas\u0101kumi:<br \/>\n\u2022 Lietot saska\u0146\u0101 ar nor\u0101d\u012bjumiem.<br \/>\n\u2022 Nenor\u012bt.<br \/>\n\u2022 Izvair\u012bties no saskares ar ac\u012bm.<br \/>\n\u2022 Glab\u0101t b\u0113rniem nepieejam\u0101 viet\u0101.<br \/>\n\u2022 Nelietot, ja ir paaugstin\u0101ta individu\u0101la jut\u012bba pret k\u0101du no sast\u0101vda\u013c\u0101m.<br \/>\n\u2022 Nekav\u0113joties p\u0101rtraukt lieto\u0161anu, ja rodas kairin\u0101jums.<br \/>\n\u2022 Nesatur parab\u0113nus.<\/p>\n<p>Uzglab\u0101\u0161anas noteikumi: Uzglab\u0101t temperat\u016br\u0101 no +5 l\u012bdz +39 \u00b0C un relat\u012bvaj\u0101 gaisa mitrum\u0101 no 55% l\u012bdz 70%.<\/p>\n","protected":false},"excerpt":{"rendered":"<p>Matu kondicionieris ar arg\u0101na e\u013c\u013cu pal\u012bdz uzlabot matu elast\u012bbu un padara matus stipr\u0101kus, aizsarg\u0101jot tos no ilgtermi\u0146a boj\u0101jumiem, ko izraisa da\u017e\u0101di matu veido\u0161anas l\u012bdzek\u013ci. Uztur mitrumu, pal\u012bdzot m\u012bkstin\u0101t sausus, boj\u0101tus un trauslus matus. . Kondicionieris ar pastiprin\u0101tu sast\u0101vu, kur\u0101 ietilpst arg\u0101na e\u013c\u013ca, \u0161\u012b sviests, smilts\u0113rk\u0161\u0137u e\u013c\u013ca un augu ekstrakti, kas nodro\u0161in\u0101s nepiecie\u0161amo kop\u0161anu, padarot matus [&#8230;]\n","protected":false},"featured_media":100484,"template":"","meta":[],"product_cat":[1638],"product_tag":[],"class_list":{"0":"post-66171","1":"product","2":"type-product","3":"status-publish","4":"has-post-thumbnail","6":"product_brand-famirel-il","7":"product_cat-balzami","9":"first","10":"instock","11":"taxable","12":"shipping-taxable","13":"product-type-simple"},"_links":{"self":[{"href":"https:\/\/e.kosmolat.eu\/lv\/wp-json\/wp\/v2\/product\/66171","targetHints":{"allow":["GET"]}}],"collection":[{"href":"https:\/\/e.kosmolat.eu\/lv\/wp-json\/wp\/v2\/product"}],"about":[{"href":"https:\/\/e.kosmolat.eu\/lv\/wp-json\/wp\/v2\/types\/product"}],"wp:featuredmedia":[{"embeddable":true,"href":"https:\/\/e.kosmolat.eu\/lv\/wp-json\/wp\/v2\/media\/100484"}],"wp:attachment":[{"href":"https:\/\/e.kosmolat.eu\/lv\/wp-json\/wp\/v2\/media?parent=66171"}],"wp:term":[{"taxonomy":"product_cat","embeddable":true,"href":"https:\/\/e.kosmolat.eu\/lv\/wp-json\/wp\/v2\/product_cat?post=66171"},{"taxonomy":"product_tag","embeddable":true,"href":"https:\/\/e.kosmolat.eu\/lv\/wp-json\/wp\/v2\/product_tag?post=66171"}],"curies":[{"name":"wp","href":"https:\/\/api.w.org\/{rel}","templated":true}]}}