{"id":66163,"date":"2025-03-25T05:19:21","date_gmt":"2025-03-25T05:19:21","guid":{"rendered":"https:\/\/e.kosmolat.eu\/product\/famirel-argan-oil-sampuns-ar-argana-ellu-atjaun-un-aizsardz-500-ml\/"},"modified":"2026-04-22T07:25:54","modified_gmt":"2026-04-22T07:25:54","slug":"famirel-argan-oil-sampuns-ar-argana-ellu-atjaun-un-aizsardz-500-ml","status":"publish","type":"product","link":"https:\/\/e.kosmolat.eu\/lv\/product\/famirel-argan-oil-sampuns-ar-argana-ellu-atjaun-un-aizsardz-500-ml\/","title":{"rendered":"Famirel Argan Oil \u0160amp\u016bns ar arg\u0101na e\u013c\u013cu Atjaun. un aizsardz., 500 ml"},"content":{"rendered":"<p>\u0160amp\u016bns ar arg\u0101na e\u013c\u013cu satur barojo\u0161as sast\u0101vda\u013cas, kas nodro\u0161ina papildu aizsardz\u012bbu, pal\u012bdzot nov\u0113rst matu l\u016b\u0161anu un \u0161\u0137eltos galus, savuk\u0101rt arg\u0101na e\u013c\u013ca veido aizsargpl\u0113vi uz matiem, saglab\u0101jot tos vesel\u012bgus un stiprus. \u0160is \u0161amp\u016bns k\u013c\u016bs par piln\u012bgu matu kop\u0161anas rut\u012bnas da\u013cu, atst\u0101jot matus apjom\u012bgus, m\u012bkstus un diev\u012bgi mirdzo\u0161us.<\/p>\n<p>Lieto\u0161ana: Uzkl\u0101jiet nelielu daudzumu \u0161amp\u016bna un maigi iemas\u0113jiet mitros matos un galvas \u0101d\u0101. Vienm\u0113r\u012bgi sadaliet \u0161amp\u016bnu visa matu garum\u0101. Noskalojiet matus un galvas \u0101du ar \u016bdeni.<\/p>\n<p>Piesardz\u012bbas pas\u0101kumi:<br \/>\n\u2022 Lietot saska\u0146\u0101 ar nor\u0101d\u012bjumiem.<br \/>\n\u2022 Nenor\u012bt.<br \/>\n\u2022 Izvair\u012bties no saskares ar ac\u012bm.<br \/>\n\u2022 Glab\u0101t b\u0113rniem nepieejam\u0101 viet\u0101.<br \/>\n\u2022 Nelietot, ja ir paaugstin\u0101ta individu\u0101la jut\u012bba pret k\u0101du no sast\u0101vda\u013c\u0101m.<br \/>\n\u2022 Nekav\u0113joties p\u0101rtraukt lieto\u0161anu, ja rodas kairin\u0101jums.<br \/>\n\u2022 Nesatur parab\u0113nus.<\/p>\n<p>Uzglab\u0101\u0161anas noteikumi: Uzglab\u0101t temperat\u016br\u0101 no +5 l\u012bdz +39 \u00b0C un relat\u012bvaj\u0101 gaisa mitrum\u0101 no 55% l\u012bdz 70%.<\/p>\n","protected":false},"excerpt":{"rendered":"<p>\u0160amp\u016bns ar arg\u0101na e\u013c\u013cu satur barojo\u0161as sast\u0101vda\u013cas, kas nodro\u0161ina papildu aizsardz\u012bbu, pal\u012bdzot nov\u0113rst matu l\u016b\u0161anu un \u0161\u0137eltos galus, savuk\u0101rt arg\u0101na e\u013c\u013ca veido aizsargpl\u0113vi uz matiem, saglab\u0101jot tos vesel\u012bgus un stiprus. \u0160is \u0161amp\u016bns k\u013c\u016bs par piln\u012bgu matu kop\u0161anas rut\u012bnas da\u013cu, atst\u0101jot matus apjom\u012bgus, m\u012bkstus un diev\u012bgi mirdzo\u0161us. Lieto\u0161ana: Uzkl\u0101jiet nelielu daudzumu \u0161amp\u016bna un maigi iemas\u0113jiet mitros [&#8230;]\n","protected":false},"featured_media":100176,"template":"","meta":[],"product_cat":[1999],"product_tag":[],"class_list":{"0":"post-66163","1":"product","2":"type-product","3":"status-publish","4":"has-post-thumbnail","6":"product_brand-famirel-il","7":"product_cat-bez-kategorijas","9":"first","10":"instock","11":"taxable","12":"shipping-taxable","13":"product-type-simple"},"_links":{"self":[{"href":"https:\/\/e.kosmolat.eu\/lv\/wp-json\/wp\/v2\/product\/66163","targetHints":{"allow":["GET"]}}],"collection":[{"href":"https:\/\/e.kosmolat.eu\/lv\/wp-json\/wp\/v2\/product"}],"about":[{"href":"https:\/\/e.kosmolat.eu\/lv\/wp-json\/wp\/v2\/types\/product"}],"wp:featuredmedia":[{"embeddable":true,"href":"https:\/\/e.kosmolat.eu\/lv\/wp-json\/wp\/v2\/media\/100176"}],"wp:attachment":[{"href":"https:\/\/e.kosmolat.eu\/lv\/wp-json\/wp\/v2\/media?parent=66163"}],"wp:term":[{"taxonomy":"product_cat","embeddable":true,"href":"https:\/\/e.kosmolat.eu\/lv\/wp-json\/wp\/v2\/product_cat?post=66163"},{"taxonomy":"product_tag","embeddable":true,"href":"https:\/\/e.kosmolat.eu\/lv\/wp-json\/wp\/v2\/product_tag?post=66163"}],"curies":[{"name":"wp","href":"https:\/\/api.w.org\/{rel}","templated":true}]}}