{"id":66155,"date":"2025-03-25T05:19:06","date_gmt":"2025-03-25T05:19:06","guid":{"rendered":"https:\/\/e.kosmolat.eu\/product\/famirel-castor-oil-galvas-adas-skrubis-ar-ricinellu-aug-un-atjaun-250-ml\/"},"modified":"2026-03-01T10:02:04","modified_gmt":"2026-03-01T10:02:04","slug":"famirel-castor-oil-galvas-adas-skrubis-ar-ricinellu-aug-un-atjaun-250-ml","status":"publish","type":"product","link":"https:\/\/e.kosmolat.eu\/lv\/product\/famirel-castor-oil-galvas-adas-skrubis-ar-ricinellu-aug-un-atjaun-250-ml\/","title":{"rendered":"Famirel Castor Oil Galvas \u0101das skrubis ar r\u012bcine\u013clu  Aug. un atjaun., 250 ml"},"content":{"rendered":"<p>Papildus regul\u0101rai matu mazg\u0101\u0161anai ar \u0161amp\u016bnu un kondicionieri pievienojiet galvas \u0101das skrubi savai matu kop\u0161anas rut\u012bnai. Jaun\u0101 galvas \u0101das skrubja formula no\u0146em atmiru\u0161\u0101s \u0101das \u0161\u016bnas, veido\u0161anas l\u012bdzek\u013cu atlikumus un lieko sebumu, pal\u012bdzot matiem saglab\u0101t dabisko mitrumu un atsvaidzinot galvas \u0101du.<\/p>\n<p>Lieto\u0161ana: Uzkl\u0101jiet pietiekamu daudzumu skrubja uz mitras galvas \u0101das. Mas\u0113jiet ar maig\u0101m, ap\u013cveida kust\u012bb\u0101m 2-3 min\u016btes. R\u016bp\u012bgi noskalojiet ar teko\u0161u \u016bdeni.<\/p>\n<p>Piesardz\u012bbas pas\u0101kumi:<br \/>\n\u2022 Lietot saska\u0146\u0101 ar nor\u0101d\u012bjumiem.<br \/>\n\u2022 Nenor\u012bt.<br \/>\n\u2022 Izvair\u012bties no saskares ar ac\u012bm.<br \/>\n\u2022 Glab\u0101t b\u0113rniem nepieejam\u0101 viet\u0101.<br \/>\n\u2022 Nelietot, ja ir paaugstin\u0101ta individu\u0101la jut\u012bba pret k\u0101du no sast\u0101vda\u013c\u0101m.<br \/>\n\u2022 Nekav\u0113joties p\u0101rtraukt lieto\u0161anu, ja rodas kairin\u0101jums.<br \/>\n\u2022 Nesatur parab\u0113nus.<\/p>\n<p>Uzglab\u0101\u0161anas noteikumi: Uzglab\u0101t temperat\u016br\u0101 no +5 l\u012bdz +39 \u00b0C un relat\u012bvaj\u0101 gaisa mitrum\u0101 no 55% l\u012bdz 70%.<\/p>\n","protected":false},"excerpt":{"rendered":"<p>Papildus regul\u0101rai matu mazg\u0101\u0161anai ar \u0161amp\u016bnu un kondicionieri pievienojiet galvas \u0101das skrubi savai matu kop\u0161anas rut\u012bnai. Jaun\u0101 galvas \u0101das skrubja formula no\u0146em atmiru\u0161\u0101s \u0101das \u0161\u016bnas, veido\u0161anas l\u012bdzek\u013cu atlikumus un lieko sebumu, pal\u012bdzot matiem saglab\u0101t dabisko mitrumu un atsvaidzinot galvas \u0101du. Lieto\u0161ana: Uzkl\u0101jiet pietiekamu daudzumu skrubja uz mitras galvas \u0101das. Mas\u0113jiet ar maig\u0101m, ap\u013cveida kust\u012bb\u0101m 2-3 [&#8230;]\n","protected":false},"featured_media":102126,"template":"","meta":[],"product_cat":[1346],"product_tag":[],"class_list":{"0":"post-66155","1":"product","2":"type-product","3":"status-publish","4":"has-post-thumbnail","6":"product_brand-famirel-il","7":"product_cat-1346","9":"first","10":"instock","11":"taxable","12":"shipping-taxable","13":"product-type-simple"},"_links":{"self":[{"href":"https:\/\/e.kosmolat.eu\/lv\/wp-json\/wp\/v2\/product\/66155","targetHints":{"allow":["GET"]}}],"collection":[{"href":"https:\/\/e.kosmolat.eu\/lv\/wp-json\/wp\/v2\/product"}],"about":[{"href":"https:\/\/e.kosmolat.eu\/lv\/wp-json\/wp\/v2\/types\/product"}],"wp:featuredmedia":[{"embeddable":true,"href":"https:\/\/e.kosmolat.eu\/lv\/wp-json\/wp\/v2\/media\/102126"}],"wp:attachment":[{"href":"https:\/\/e.kosmolat.eu\/lv\/wp-json\/wp\/v2\/media?parent=66155"}],"wp:term":[{"taxonomy":"product_cat","embeddable":true,"href":"https:\/\/e.kosmolat.eu\/lv\/wp-json\/wp\/v2\/product_cat?post=66155"},{"taxonomy":"product_tag","embeddable":true,"href":"https:\/\/e.kosmolat.eu\/lv\/wp-json\/wp\/v2\/product_tag?post=66155"}],"curies":[{"name":"wp","href":"https:\/\/api.w.org\/{rel}","templated":true}]}}