{"id":66147,"date":"2025-03-25T05:18:49","date_gmt":"2025-03-25T05:18:49","guid":{"rendered":"https:\/\/e.kosmolat.eu\/product\/famirel-castor-oil-matu-maska-ar-ricinellu-aug-un-atjaun-250-ml\/"},"modified":"2026-03-30T17:04:33","modified_gmt":"2026-03-30T17:04:33","slug":"famirel-castor-oil-matu-maska-ar-ricinellu-aug-un-atjaun-250-ml","status":"publish","type":"product","link":"https:\/\/e.kosmolat.eu\/lv\/product\/famirel-castor-oil-matu-maska-ar-ricinellu-aug-un-atjaun-250-ml\/","title":{"rendered":"Famirel Castor Oil Matu maska ar r\u012bcine\u013clu Aug. un atjaun., 250 ml"},"content":{"rendered":"<p>Uzreiz uzlabo matu un galvas \u0101das st\u0101vokli. Formula satur r\u012bcine\u013c\u013cu, kvie\u0161u d\u012bgstu e\u013c\u013cu un vitam\u012bnus, kas pal\u012bdz saglab\u0101t mitrumu matu strukt\u016br\u0101, nov\u0113r\u0161 matu trauslumu, pie\u0161\u0137ir matiem gludumu un samazina statisko elektr\u012bbu. Regul\u0101ra matu maskas lieto\u0161ana padar\u012bs j\u016bsu matus stiprus un mitrin\u0101tus.<\/p>\n<p>Lieto\u0161ana: Uzkl\u0101jiet uz t\u012briem, mitriem matiem. Atst\u0101jiet uz 3-5 min\u016bt\u0113m, p\u0113c tam r\u016bp\u012bgi izskalojiet. Lietojiet 1-2 reizes ned\u0113\u013c\u0101.<\/p>\n<p>Piesardz\u012bbas pas\u0101kumi:<br \/>\n\u2022 Lietot saska\u0146\u0101 ar nor\u0101d\u012bjumiem.<br \/>\n\u2022 Nenor\u012bt.<br \/>\n\u2022 Izvair\u012bties no saskares ar ac\u012bm.<br \/>\n\u2022 Glab\u0101t b\u0113rniem nepieejam\u0101 viet\u0101.<br \/>\n\u2022 Nelietot, ja ir paaugstin\u0101ta individu\u0101la jut\u012bba pret k\u0101du no sast\u0101vda\u013c\u0101m.<br \/>\n\u2022 Nekav\u0113joties p\u0101rtraukt lieto\u0161anu, ja rodas kairin\u0101jums.<br \/>\n\u2022 Nesatur parab\u0113nus.<\/p>\n<p>Uzglab\u0101\u0161anas noteikumi: Uzglab\u0101t temperat\u016br\u0101 no +5 l\u012bdz +39 \u00b0C un relat\u012bvaj\u0101 gaisa mitrum\u0101 no 55% l\u012bdz 70%.<\/p>\n","protected":false},"excerpt":{"rendered":"<p>Uzreiz uzlabo matu un galvas \u0101das st\u0101vokli. Formula satur r\u012bcine\u013c\u013cu, kvie\u0161u d\u012bgstu e\u013c\u013cu un vitam\u012bnus, kas pal\u012bdz saglab\u0101t mitrumu matu strukt\u016br\u0101, nov\u0113r\u0161 matu trauslumu, pie\u0161\u0137ir matiem gludumu un samazina statisko elektr\u012bbu. Regul\u0101ra matu maskas lieto\u0161ana padar\u012bs j\u016bsu matus stiprus un mitrin\u0101tus. Lieto\u0161ana: Uzkl\u0101jiet uz t\u012briem, mitriem matiem. Atst\u0101jiet uz 3-5 min\u016bt\u0113m, p\u0113c tam r\u016bp\u012bgi izskalojiet. [&#8230;]\n","protected":false},"featured_media":100172,"template":"","meta":[],"product_cat":[1257],"product_tag":[],"class_list":{"0":"post-66147","1":"product","2":"type-product","3":"status-publish","4":"has-post-thumbnail","6":"product_brand-famirel-il","7":"product_cat-1257","9":"first","10":"instock","11":"taxable","12":"shipping-taxable","13":"product-type-simple"},"_links":{"self":[{"href":"https:\/\/e.kosmolat.eu\/lv\/wp-json\/wp\/v2\/product\/66147","targetHints":{"allow":["GET"]}}],"collection":[{"href":"https:\/\/e.kosmolat.eu\/lv\/wp-json\/wp\/v2\/product"}],"about":[{"href":"https:\/\/e.kosmolat.eu\/lv\/wp-json\/wp\/v2\/types\/product"}],"wp:featuredmedia":[{"embeddable":true,"href":"https:\/\/e.kosmolat.eu\/lv\/wp-json\/wp\/v2\/media\/100172"}],"wp:attachment":[{"href":"https:\/\/e.kosmolat.eu\/lv\/wp-json\/wp\/v2\/media?parent=66147"}],"wp:term":[{"taxonomy":"product_cat","embeddable":true,"href":"https:\/\/e.kosmolat.eu\/lv\/wp-json\/wp\/v2\/product_cat?post=66147"},{"taxonomy":"product_tag","embeddable":true,"href":"https:\/\/e.kosmolat.eu\/lv\/wp-json\/wp\/v2\/product_tag?post=66147"}],"curies":[{"name":"wp","href":"https:\/\/api.w.org\/{rel}","templated":true}]}}