{"id":66139,"date":"2025-03-25T05:18:34","date_gmt":"2025-03-25T05:18:34","guid":{"rendered":"https:\/\/e.kosmolat.eu\/product\/famirel-castor-oil-matu-kondicionieris-ar-ricinellu-aug-un-atjaun-500-ml\/"},"modified":"2026-04-16T13:33:54","modified_gmt":"2026-04-16T13:33:54","slug":"famirel-castor-oil-matu-kondicionieris-ar-ricinellu-aug-un-atjaun-500-ml","status":"publish","type":"product","link":"https:\/\/e.kosmolat.eu\/lv\/product\/famirel-castor-oil-matu-kondicionieris-ar-ricinellu-aug-un-atjaun-500-ml\/","title":{"rendered":"Famirel Castor Oil Matu kondicionieris ar r\u012bcine\u013clu Aug. un atjaun., 500 ml"},"content":{"rendered":"<p>Kondicionieris ar r\u012bcine\u013c\u013cu atjauno boj\u0101tus matus p\u0113c \u0137\u012bmisk\u0101s apstr\u0101des, kr\u0101so\u0161anas vai matu veido\u0161anas. Bag\u0101tin\u0101ts ar kvie\u0161u d\u012bgstu e\u013c\u013cu, vitam\u012bnu B5 un kerat\u012bnu, kas veicina matu aug\u0161anu un samazina matu trauslumu. \u0160is kondicionieris pal\u012bdz samazin\u0101t sa\u0161\u0137eltos matu galus, pie\u0161\u0137irot matiem gludumu, z\u012bdain\u012bbu un mirdzumu!<\/p>\n<p>Lieto\u0161ana: Uzkl\u0101jiet uz mitriem matiem p\u0113c \u0161amp\u016bna. Sadaliet pa matu galiem, atst\u0101jiet uz 3-5 min\u016bt\u0113m, p\u0113c tam r\u016bp\u012bgi izskalojiet. <\/p>\n<p>Piesardz\u012bbas pas\u0101kumi:<br \/>\n\u2022 Lietot saska\u0146\u0101 ar nor\u0101d\u012bjumiem.<br \/>\n\u2022 Nenor\u012bt.<br \/>\n\u2022 Izvair\u012bties no saskares ar ac\u012bm.<br \/>\n\u2022 Glab\u0101t b\u0113rniem nepieejam\u0101 viet\u0101.<br \/>\n\u2022 Nelietot, ja ir paaugstin\u0101ta individu\u0101la jut\u012bba pret k\u0101du no sast\u0101vda\u013c\u0101m.<br \/>\n\u2022 Nekav\u0113joties p\u0101rtraukt lieto\u0161anu, ja rodas kairin\u0101jums.<br \/>\n\u2022 Nesatur parab\u0113nus.<\/p>\n<p>Uzglab\u0101\u0161anas noteikumi: Uzglab\u0101t temperat\u016br\u0101 no +5 l\u012bdz +39 \u00b0C un relat\u012bvaj\u0101 gaisa mitrum\u0101 no 55% l\u012bdz 70%.<\/p>\n","protected":false},"excerpt":{"rendered":"<p>Kondicionieris ar r\u012bcine\u013c\u013cu atjauno boj\u0101tus matus p\u0113c \u0137\u012bmisk\u0101s apstr\u0101des, kr\u0101so\u0161anas vai matu veido\u0161anas. Bag\u0101tin\u0101ts ar kvie\u0161u d\u012bgstu e\u013c\u013cu, vitam\u012bnu B5 un kerat\u012bnu, kas veicina matu aug\u0161anu un samazina matu trauslumu. \u0160is kondicionieris pal\u012bdz samazin\u0101t sa\u0161\u0137eltos matu galus, pie\u0161\u0137irot matiem gludumu, z\u012bdain\u012bbu un mirdzumu! Lieto\u0161ana: Uzkl\u0101jiet uz mitriem matiem p\u0113c \u0161amp\u016bna. Sadaliet pa matu galiem, atst\u0101jiet [&#8230;]\n","protected":false},"featured_media":102094,"template":"","meta":[],"product_cat":[1639],"product_tag":[],"class_list":{"0":"post-66139","1":"product","2":"type-product","3":"status-publish","4":"has-post-thumbnail","6":"product_brand-famirel-il","7":"product_cat-1639","9":"first","10":"instock","11":"taxable","12":"shipping-taxable","13":"product-type-simple"},"_links":{"self":[{"href":"https:\/\/e.kosmolat.eu\/lv\/wp-json\/wp\/v2\/product\/66139","targetHints":{"allow":["GET"]}}],"collection":[{"href":"https:\/\/e.kosmolat.eu\/lv\/wp-json\/wp\/v2\/product"}],"about":[{"href":"https:\/\/e.kosmolat.eu\/lv\/wp-json\/wp\/v2\/types\/product"}],"wp:featuredmedia":[{"embeddable":true,"href":"https:\/\/e.kosmolat.eu\/lv\/wp-json\/wp\/v2\/media\/102094"}],"wp:attachment":[{"href":"https:\/\/e.kosmolat.eu\/lv\/wp-json\/wp\/v2\/media?parent=66139"}],"wp:term":[{"taxonomy":"product_cat","embeddable":true,"href":"https:\/\/e.kosmolat.eu\/lv\/wp-json\/wp\/v2\/product_cat?post=66139"},{"taxonomy":"product_tag","embeddable":true,"href":"https:\/\/e.kosmolat.eu\/lv\/wp-json\/wp\/v2\/product_tag?post=66139"}],"curies":[{"name":"wp","href":"https:\/\/api.w.org\/{rel}","templated":true}]}}