{"id":66131,"date":"2025-03-25T05:18:15","date_gmt":"2025-03-25T05:18:15","guid":{"rendered":"https:\/\/e.kosmolat.eu\/product\/famirel-castor-oil-sampuns-ar-ricinellu-aug-un-atjaun-500-ml\/"},"modified":"2026-04-14T16:32:50","modified_gmt":"2026-04-14T16:32:50","slug":"famirel-castor-oil-sampuns-ar-ricinellu-aug-un-atjaun-500-ml","status":"publish","type":"product","link":"https:\/\/e.kosmolat.eu\/lv\/product\/famirel-castor-oil-sampuns-ar-ricinellu-aug-un-atjaun-500-ml\/","title":{"rendered":"Famirel Castor Oil \u0160amp\u016bns ar r\u012bcine\u013clu Aug. un atjaun., 500 ml"},"content":{"rendered":"<p>Veicina matu aug\u0161anu un mazina to trauslumu. Bag\u0101tin\u0101ts ar omega-9 tauksk\u0101b\u0113m, kas nodro\u0161ina matu vesel\u012bbu un samazina sa\u0161\u0137eltos matu galus.<\/p>\n<p>\u0160amp\u016bns ar ric\u012bne\u013c\u013cu padara matus gludus, mirdzo\u0161us, no\u0146em statisko elektr\u012bbu, nodro\u0161inot matu baro\u0161anu un aizsardz\u012bbu pret karstumu, net\u012brumiem un apk\u0101rt\u0113j\u0101s vides iedarb\u012bbu.<\/p>\n<p>Lieto\u0161ana: Uzkl\u0101jiet nelielu daudzumu \u0161amp\u016bna un maigi iemas\u0113jiet mitros matos un galvas \u0101d\u0101. Vienm\u0113r\u012bgi sadaliet \u0161amp\u016bnu visa matu garum\u0101. Noskalojiet matus un galvas \u0101du ar \u016bdeni.<\/p>\n<p>Piesardz\u012bbas pas\u0101kumi:<br \/>\n\u2022 Lietot saska\u0146\u0101 ar nor\u0101d\u012bjumiem.<br \/>\n\u2022 Nenor\u012bt.<br \/>\n\u2022 Izvair\u012bties no saskares ar ac\u012bm.<br \/>\n\u2022 Glab\u0101t b\u0113rniem nepieejam\u0101 viet\u0101.<br \/>\n\u2022 Nelietot, ja ir paaugstin\u0101ta individu\u0101la jut\u012bba pret k\u0101du no sast\u0101vda\u013c\u0101m.<br \/>\n\u2022 Nekav\u0113joties p\u0101rtraukt lieto\u0161anu, ja rodas kairin\u0101jums.<br \/>\n\u2022 Nesatur parab\u0113nus.<\/p>\n<p>Uzglab\u0101\u0161anas noteikumi: Uzglab\u0101t temperat\u016br\u0101 no +5 l\u012bdz +39 \u00b0C un relat\u012bvaj\u0101 gaisa mitrum\u0101 no 55% l\u012bdz 70%.<\/p>\n","protected":false},"excerpt":{"rendered":"<p>Veicina matu aug\u0161anu un mazina to trauslumu. Bag\u0101tin\u0101ts ar omega-9 tauksk\u0101b\u0113m, kas nodro\u0161ina matu vesel\u012bbu un samazina sa\u0161\u0137eltos matu galus. \u0160amp\u016bns ar ric\u012bne\u013c\u013cu padara matus gludus, mirdzo\u0161us, no\u0146em statisko elektr\u012bbu, nodro\u0161inot matu baro\u0161anu un aizsardz\u012bbu pret karstumu, net\u012brumiem un apk\u0101rt\u0113j\u0101s vides iedarb\u012bbu. Lieto\u0161ana: Uzkl\u0101jiet nelielu daudzumu \u0161amp\u016bna un maigi iemas\u0113jiet mitros matos un galvas \u0101d\u0101. [&#8230;]\n","protected":false},"featured_media":102367,"template":"","meta":[],"product_cat":[1252],"product_tag":[],"class_list":{"0":"post-66131","1":"product","2":"type-product","3":"status-publish","4":"has-post-thumbnail","6":"product_brand-famirel-il","7":"product_cat-1252","9":"first","10":"instock","11":"taxable","12":"shipping-taxable","13":"product-type-simple"},"_links":{"self":[{"href":"https:\/\/e.kosmolat.eu\/lv\/wp-json\/wp\/v2\/product\/66131","targetHints":{"allow":["GET"]}}],"collection":[{"href":"https:\/\/e.kosmolat.eu\/lv\/wp-json\/wp\/v2\/product"}],"about":[{"href":"https:\/\/e.kosmolat.eu\/lv\/wp-json\/wp\/v2\/types\/product"}],"wp:featuredmedia":[{"embeddable":true,"href":"https:\/\/e.kosmolat.eu\/lv\/wp-json\/wp\/v2\/media\/102367"}],"wp:attachment":[{"href":"https:\/\/e.kosmolat.eu\/lv\/wp-json\/wp\/v2\/media?parent=66131"}],"wp:term":[{"taxonomy":"product_cat","embeddable":true,"href":"https:\/\/e.kosmolat.eu\/lv\/wp-json\/wp\/v2\/product_cat?post=66131"},{"taxonomy":"product_tag","embeddable":true,"href":"https:\/\/e.kosmolat.eu\/lv\/wp-json\/wp\/v2\/product_tag?post=66131"}],"curies":[{"name":"wp","href":"https:\/\/api.w.org\/{rel}","templated":true}]}}