{"id":66095,"date":"2025-03-25T05:16:54","date_gmt":"2025-03-25T05:16:54","guid":{"rendered":"https:\/\/e.kosmolat.eu\/product\/famirel-black-caviar-mitrin-pretgrumbu-sejas-kr-ar-melno-ikru-ekstraktu-spf-15-50-ml\/"},"modified":"2025-05-02T09:04:44","modified_gmt":"2025-05-02T09:04:44","slug":"famirel-black-caviar-mitrin-pretgrumbu-sejas-kr-ar-melno-ikru-ekstraktu-spf-15-50-ml","status":"publish","type":"product","link":"https:\/\/e.kosmolat.eu\/lv\/product\/famirel-black-caviar-mitrin-pretgrumbu-sejas-kr-ar-melno-ikru-ekstraktu-spf-15-50-ml\/","title":{"rendered":"Famirel Black Caviar Mitrin. pretgrumbu sejas kr. ar melno ikru ekstraktu SPF 15, 50 ml"},"content":{"rendered":"<p>Ekskluz\u012bvs mitrino\u0161s kr\u0113ms, bag\u0101tin\u0101ts ar melno ikru ekstraktu, satur optim\u0101lu augsti koncentr\u0113tu e\u013c\u013cu un olbaltumvielu l\u012bdzsvaru. Ar SPF 15 aizsardz\u012bbai pret UVA un UVB starojumiem. Satur kapsul\u0113tu E vitam\u012bnu, kas tiek atbr\u012bvots, uzkl\u0101jot kr\u0113mu uz \u0101das, ol\u012bve\u013c\u013cu, kumel\u012b\u0161u un za\u013c\u0101s t\u0113jas ekstraktus, alveju un N\u0101ves j\u016bras miner\u0101lus. Mitrina un baro \u0101du, nomierinot un atsvaidzinot to.<\/p>\n<p>Lieto\u0161ana: Uzkl\u0101jiet kr\u0113mu, maigi iemas\u0113jot \u0101d\u0101 l\u012bdz piln\u012bb\u0101 uzs\u016bcas. Lai nodro\u0161in\u0101tu aizsardz\u012bbu pret saules stariem, regul\u0101ri uzkl\u0101jiet kr\u0113mu uz \u0101das. Izvairieties no ilgsto\u0161as uztur\u0113\u0161an\u0101s saul\u0113, pat lietojot kr\u0113mu.<\/p>\n<p>Br\u012bdin\u0101jums: Satur A vitam\u012bnu. L\u016bgums pirms lieto\u0161anas p\u0101rdom\u0101t savu dienas devu.<\/p>\n<p>Piesardz\u012bbas pas\u0101kumi:<br \/>\n\u2022 Lietot saska\u0146\u0101 ar nor\u0101d\u012bjumiem.<br \/>\n\u2022 Nenor\u012bt.<br \/>\n\u2022 Izvair\u012bties no saskares ar ac\u012bm.<br \/>\n\u2022 Glab\u0101t b\u0113rniem nepieejam\u0101 viet\u0101.<br \/>\n\u2022 Nelietot, ja ir paaugstin\u0101ta individu\u0101la jut\u012bba pret k\u0101du no sast\u0101vda\u013c\u0101m.<br \/>\n\u2022 Nekav\u0113joties p\u0101rtraukt lieto\u0161anu, ja rodas kairin\u0101jums.<br \/>\n\u2022 Nesatur parab\u0113nus.<\/p>\n<p>Uzglab\u0101\u0161anas noteikumi: Uzglab\u0101t temperat\u016br\u0101 no +5 l\u012bdz +39 \u00b0C un relat\u012bvaj\u0101 gaisa mitrum\u0101 no 55% l\u012bdz 70%.<\/p>\n","protected":false},"excerpt":{"rendered":"<p>Ekskluz\u012bvs mitrino\u0161s kr\u0113ms, bag\u0101tin\u0101ts ar melno ikru ekstraktu, satur optim\u0101lu augsti koncentr\u0113tu e\u013c\u013cu un olbaltumvielu l\u012bdzsvaru. Ar SPF 15 aizsardz\u012bbai pret UVA un UVB starojumiem. Satur kapsul\u0113tu E vitam\u012bnu, kas tiek atbr\u012bvots, uzkl\u0101jot kr\u0113mu uz \u0101das, ol\u012bve\u013c\u013cu, kumel\u012b\u0161u un za\u013c\u0101s t\u0113jas ekstraktus, alveju un N\u0101ves j\u016bras miner\u0101lus. Mitrina un baro \u0101du, nomierinot un atsvaidzinot to. [&#8230;]\n","protected":false},"featured_media":66115,"template":"","meta":[],"product_cat":[1322],"product_tag":[],"class_list":{"0":"post-66095","1":"product","2":"type-product","3":"status-publish","4":"has-post-thumbnail","6":"product_brand-famirel-il","7":"product_cat-veido-kremai","9":"first","10":"outofstock","11":"taxable","12":"shipping-taxable","13":"product-type-simple"},"_links":{"self":[{"href":"https:\/\/e.kosmolat.eu\/lv\/wp-json\/wp\/v2\/product\/66095","targetHints":{"allow":["GET"]}}],"collection":[{"href":"https:\/\/e.kosmolat.eu\/lv\/wp-json\/wp\/v2\/product"}],"about":[{"href":"https:\/\/e.kosmolat.eu\/lv\/wp-json\/wp\/v2\/types\/product"}],"wp:featuredmedia":[{"embeddable":true,"href":"https:\/\/e.kosmolat.eu\/lv\/wp-json\/wp\/v2\/media\/66115"}],"wp:attachment":[{"href":"https:\/\/e.kosmolat.eu\/lv\/wp-json\/wp\/v2\/media?parent=66095"}],"wp:term":[{"taxonomy":"product_cat","embeddable":true,"href":"https:\/\/e.kosmolat.eu\/lv\/wp-json\/wp\/v2\/product_cat?post=66095"},{"taxonomy":"product_tag","embeddable":true,"href":"https:\/\/e.kosmolat.eu\/lv\/wp-json\/wp\/v2\/product_tag?post=66095"}],"curies":[{"name":"wp","href":"https:\/\/api.w.org\/{rel}","templated":true}]}}