{"id":66087,"date":"2025-03-25T05:16:37","date_gmt":"2025-03-25T05:16:37","guid":{"rendered":"https:\/\/e.kosmolat.eu\/product\/famirel-copper-peptide-al-aktivs-liftinga-sejas-serums-ar-vara-peptidiem-40-ml\/"},"modified":"2026-04-16T13:38:00","modified_gmt":"2026-04-16T13:38:00","slug":"famirel-copper-peptide-al-aktivs-liftinga-sejas-serums-ar-vara-peptidiem-40-ml","status":"publish","type":"product","link":"https:\/\/e.kosmolat.eu\/lv\/product\/famirel-copper-peptide-al-aktivs-liftinga-sejas-serums-ar-vara-peptidiem-40-ml\/","title":{"rendered":"Famirel Copper Peptide AL Akt\u012bvs liftinga sejas serums ar vara pept\u012bdiem, 40 ml"},"content":{"rendered":"<p>Copper Peptide Active Lifting s\u0113rija ir izstr\u0101d\u0101ta, lai c\u012bn\u012btos ar smalkaj\u0101m l\u012bnij\u0101m un grumb\u0101m jau no to ra\u0161an\u0101s br\u012b\u017ea. Copper Peptide Lifting tehnolo\u0123ija darbojas k\u0101 antioksidants, veicinot kolag\u0113na un elast\u012bna ra\u017eo\u0161anu, vienlaikus samazinot smalko l\u012bniju un grumbu redzam\u012bbu. \u0160\u012bs s\u0113rijas produkti ir piem\u0113roti lieto\u0161anai gan no r\u012bta, gan vakar\u0101, nodro\u0161inot aizsardz\u012bbu dienas laik\u0101 un pal\u012bdzot \u0101dai atjaunoties nakt\u012b.<\/p>\n<p>Copper Peptide Active Lifting serumam ir viegli absorb\u0113jama formula, kas satur sezama olbaltumvielas, vitam\u012bnus un vara pept\u012bdu. Regul\u0101ra ikdienas lieto\u0161ana atjauno \u0101du un samazina grumbu redzam\u012bbu, k\u0101 ar\u012b aizsarg\u0101 \u0101du no apk\u0101rt\u0113j\u0101s vides pies\u0101r\u0146ojuma un saules iedarb\u012bbas.<\/p>\n<p>Lieto\u0161ana: Uzkl\u0101jiet serumu uz t\u012bras sejas un kakla \u0101das, maigi iemas\u0113jot, l\u012bdz tas piln\u012bb\u0101 ies\u016bcas. Lai ieg\u016btu lab\u0101kos rezult\u0101tus, lietojiet katru dienu vismaz 30 dienas.<\/p>\n<p>Br\u012bdin\u0101jums: satur A vitam\u012bnu. L\u016bgums pirms lieto\u0161anas p\u0101rdom\u0101t savu dienas devu.<\/p>\n<p>Piesardz\u012bbas pas\u0101kumi:<br \/>\n\u2022 Lietot saska\u0146\u0101 ar nor\u0101d\u012bjumiem.<br \/>\n\u2022 Nenor\u012bt.<br \/>\n\u2022 Izvair\u012bties no saskares ar ac\u012bm.<br \/>\n\u2022 Glab\u0101t b\u0113rniem nepieejam\u0101 viet\u0101.<br \/>\n\u2022 Nelietot, ja ir paaugstin\u0101ta individu\u0101la jut\u012bba pret k\u0101du no sast\u0101vda\u013c\u0101m.<br \/>\n\u2022 Nekav\u0113joties p\u0101rtraukt lieto\u0161anu, ja rodas kairin\u0101jums.<br \/>\n\u2022 Nesatur parab\u0113nus.<\/p>\n<p>Uzglab\u0101\u0161anas noteikumi: Uzglab\u0101t temperat\u016br\u0101 no +5 l\u012bdz +39 \u00b0C un relat\u012bvaj\u0101 gaisa mitrum\u0101 no 55% l\u012bdz 70%.<\/p>\n","protected":false},"excerpt":{"rendered":"<p>Copper Peptide Active Lifting s\u0113rija ir izstr\u0101d\u0101ta, lai c\u012bn\u012btos ar smalkaj\u0101m l\u012bnij\u0101m un grumb\u0101m jau no to ra\u0161an\u0101s br\u012b\u017ea. Copper Peptide Lifting tehnolo\u0123ija darbojas k\u0101 antioksidants, veicinot kolag\u0113na un elast\u012bna ra\u017eo\u0161anu, vienlaikus samazinot smalko l\u012bniju un grumbu redzam\u012bbu. \u0160\u012bs s\u0113rijas produkti ir piem\u0113roti lieto\u0161anai gan no r\u012bta, gan vakar\u0101, nodro\u0161inot aizsardz\u012bbu dienas laik\u0101 un pal\u012bdzot [&#8230;]\n","protected":false},"featured_media":99100,"template":"","meta":[],"product_cat":[1325],"product_tag":[],"class_list":{"0":"post-66087","1":"product","2":"type-product","3":"status-publish","4":"has-post-thumbnail","6":"product_brand-famirel-il","7":"product_cat-serumi","9":"first","10":"instock","11":"taxable","12":"shipping-taxable","13":"product-type-simple"},"_links":{"self":[{"href":"https:\/\/e.kosmolat.eu\/lv\/wp-json\/wp\/v2\/product\/66087","targetHints":{"allow":["GET"]}}],"collection":[{"href":"https:\/\/e.kosmolat.eu\/lv\/wp-json\/wp\/v2\/product"}],"about":[{"href":"https:\/\/e.kosmolat.eu\/lv\/wp-json\/wp\/v2\/types\/product"}],"wp:featuredmedia":[{"embeddable":true,"href":"https:\/\/e.kosmolat.eu\/lv\/wp-json\/wp\/v2\/media\/99100"}],"wp:attachment":[{"href":"https:\/\/e.kosmolat.eu\/lv\/wp-json\/wp\/v2\/media?parent=66087"}],"wp:term":[{"taxonomy":"product_cat","embeddable":true,"href":"https:\/\/e.kosmolat.eu\/lv\/wp-json\/wp\/v2\/product_cat?post=66087"},{"taxonomy":"product_tag","embeddable":true,"href":"https:\/\/e.kosmolat.eu\/lv\/wp-json\/wp\/v2\/product_tag?post=66087"}],"curies":[{"name":"wp","href":"https:\/\/api.w.org\/{rel}","templated":true}]}}