{"id":66063,"date":"2025-03-25T05:15:48","date_gmt":"2025-03-25T05:15:48","guid":{"rendered":"https:\/\/e.kosmolat.eu\/product\/famirel-collagen-mitrinoss-sejas-serums-ar-kolagenu-30-ml\/"},"modified":"2026-04-20T12:30:23","modified_gmt":"2026-04-20T12:30:23","slug":"famirel-collagen-mitrinoss-sejas-serums-ar-kolagenu-30-ml","status":"publish","type":"product","link":"https:\/\/e.kosmolat.eu\/lv\/product\/famirel-collagen-mitrinoss-sejas-serums-ar-kolagenu-30-ml\/","title":{"rendered":"Famirel Collagen Mitrino\u0161s sejas serums ar kolag\u0113nu, 30 ml"},"content":{"rendered":"<p>Kolag\u0113ns nov\u0113r\u0161 \u0101das tvirtuma zudumu pie\u0161\u0137irot tai jaunekl\u012bgu izskatu. Ar vecumu dabiskais kolag\u0113na ra\u017eo\u0161anas process pal\u0113nin\u0101s. P\u0113c 25 gadiem t\u0101 l\u012bmenis pak\u0101peniski samazin\u0101s. Pirmajos piecos menopauzes gados sieviet\u0113m var nov\u0113rot l\u012bdz pat 30% kolag\u0113na zudumu.<\/p>\n<p>Collagen s\u0113rijas produktu lieto\u0161ana pal\u012bdz:<br \/>\n\u2022 Paaugstin\u0101t \u0101das tvirtumu un gludumu;<br \/>\n\u2022 Samazin\u0101t smalk\u0101s grumbas;<br \/>\n\u2022 Nov\u0113rst dzi\u013cu grumbu veido\u0161anos;<br \/>\n\u2022 Stiprin\u0101t pl\u0101nu un trauslu \u0101du;<br \/>\n\u2022 Mitrin\u0101t \u0101du un atjaunot t\u0101s dabisko mirdzumu.<\/p>\n<p>Intens\u012bvs kolag\u0113na serums pal\u012bdz uzlabot \u0101das elast\u012bbu un samazina smalko un dzi\u013co grumbu redzam\u012bbu.<\/p>\n<p>Lieto\u0161ana: Uzkl\u0101jiet serumu uz t\u012bras sejas un kakla \u0101das, maigi iemas\u0113jot, l\u012bdz tas piln\u012bb\u0101 ies\u016bcas. Lai ieg\u016btu lab\u0101kos rezult\u0101tus, lietojiet katru dienu vismaz 30 dienas.<\/p>\n<p>Br\u012bdin\u0101jums: Satur A vitam\u012bnu. L\u016bgums pirms lieto\u0161anas p\u0101rdom\u0101t savu dienas devu.<\/p>\n<p>Piesardz\u012bbas pas\u0101kumi:<br \/>\n\u2022 Lietot saska\u0146\u0101 ar nor\u0101d\u012bjumiem.<br \/>\n\u2022 Nenor\u012bt.<br \/>\n\u2022 Izvair\u012bties no saskares ar ac\u012bm.<br \/>\n\u2022 Glab\u0101t b\u0113rniem nepieejam\u0101 viet\u0101.<br \/>\n\u2022 Nelietot, ja ir paaugstin\u0101ta individu\u0101la jut\u012bba pret k\u0101du no sast\u0101vda\u013c\u0101m.<br \/>\n\u2022 Nekav\u0113joties p\u0101rtraukt lieto\u0161anu, ja rodas kairin\u0101jums.<br \/>\n\u2022 Nesatur parab\u0113nus.<\/p>\n<p>Uzglab\u0101\u0161anas noteikumi: Uzglab\u0101t temperat\u016br\u0101 no +5 l\u012bdz +39 \u00b0C un relat\u012bvaj\u0101 gaisa mitrum\u0101 no 55% l\u012bdz 70%.<\/p>\n","protected":false},"excerpt":{"rendered":"<p>Kolag\u0113ns nov\u0113r\u0161 \u0101das tvirtuma zudumu pie\u0161\u0137irot tai jaunekl\u012bgu izskatu. Ar vecumu dabiskais kolag\u0113na ra\u017eo\u0161anas process pal\u0113nin\u0101s. P\u0113c 25 gadiem t\u0101 l\u012bmenis pak\u0101peniski samazin\u0101s. Pirmajos piecos menopauzes gados sieviet\u0113m var nov\u0113rot l\u012bdz pat 30% kolag\u0113na zudumu. Collagen s\u0113rijas produktu lieto\u0161ana pal\u012bdz: \u2022 Paaugstin\u0101t \u0101das tvirtumu un gludumu; \u2022 Samazin\u0101t smalk\u0101s grumbas; \u2022 Nov\u0113rst dzi\u013cu grumbu veido\u0161anos; [&#8230;]\n","protected":false},"featured_media":100696,"template":"","meta":[],"product_cat":[1328],"product_tag":[],"class_list":{"0":"post-66063","1":"product","2":"type-product","3":"status-publish","4":"has-post-thumbnail","6":"product_brand-famirel-il","7":"product_cat-1328","9":"first","10":"instock","11":"taxable","12":"shipping-taxable","13":"product-type-simple"},"_links":{"self":[{"href":"https:\/\/e.kosmolat.eu\/lv\/wp-json\/wp\/v2\/product\/66063","targetHints":{"allow":["GET"]}}],"collection":[{"href":"https:\/\/e.kosmolat.eu\/lv\/wp-json\/wp\/v2\/product"}],"about":[{"href":"https:\/\/e.kosmolat.eu\/lv\/wp-json\/wp\/v2\/types\/product"}],"wp:featuredmedia":[{"embeddable":true,"href":"https:\/\/e.kosmolat.eu\/lv\/wp-json\/wp\/v2\/media\/100696"}],"wp:attachment":[{"href":"https:\/\/e.kosmolat.eu\/lv\/wp-json\/wp\/v2\/media?parent=66063"}],"wp:term":[{"taxonomy":"product_cat","embeddable":true,"href":"https:\/\/e.kosmolat.eu\/lv\/wp-json\/wp\/v2\/product_cat?post=66063"},{"taxonomy":"product_tag","embeddable":true,"href":"https:\/\/e.kosmolat.eu\/lv\/wp-json\/wp\/v2\/product_tag?post=66063"}],"curies":[{"name":"wp","href":"https:\/\/api.w.org\/{rel}","templated":true}]}}