{"id":66031,"date":"2025-03-25T05:14:35","date_gmt":"2025-03-25T05:14:35","guid":{"rendered":"https:\/\/e.kosmolat.eu\/product\/famirel-hyaluronic-acid-eh-mitrin-sejas-serums-ar-hialuronsk-30-ml\/"},"modified":"2026-04-20T12:29:15","modified_gmt":"2026-04-20T12:29:15","slug":"famirel-hyaluronic-acid-eh-mitrin-sejas-serums-ar-hialuronsk-30-ml","status":"publish","type":"product","link":"https:\/\/e.kosmolat.eu\/lv\/product\/famirel-hyaluronic-acid-eh-mitrin-sejas-serums-ar-hialuronsk-30-ml\/","title":{"rendered":"Famirel Hyaluronic Acid EH Mitrin. sejas serums ar hialuronsk., 30 ml"},"content":{"rendered":"<p>Hialuronsk\u0101be ir galven\u0101 sast\u0101vda\u013ca \u0161aj\u0101 produktu s\u0113rij\u0101. Hialuronsk\u0101bes sp\u0113ja uztur\u0113t \u016bdeni \u0101d\u0101 pal\u012bdz mitrin\u0101t un atjaunot sausas \u0101das vietas, padarot to tvirt\u0101ku un c\u012bnoties ar noveco\u0161an\u0101s paz\u012bm\u0113m.<\/p>\n<p>Serums piesaista mitrumu un notur to, padarot \u0101du elast\u012bg\u0101ku un glud\u0101ku.<\/p>\n<p>Lieto\u0161ana: Uzkl\u0101jiet serumu uz t\u012bras sejas un kakla \u0101das, maigi iemas\u0113jot, l\u012bdz tas piln\u012bb\u0101 ies\u016bcas. Lai ieg\u016btu lab\u0101kos rezult\u0101tus, lietojiet katru dienu vismaz 30 dienas.<\/p>\n<p>Br\u012bdin\u0101jums: Satur A vitam\u012bnu. L\u016bgums pirms lieto\u0161anas p\u0101rdom\u0101t savu dienas devu.<\/p>\n<p>Piesardz\u012bbas pas\u0101kumi:<br \/>\n\u2022 Lietot saska\u0146\u0101 ar nor\u0101d\u012bjumiem.<br \/>\n\u2022 Nenor\u012bt.<br \/>\n\u2022 Izvair\u012bties no saskares ar ac\u012bm.<br \/>\n\u2022 Glab\u0101t b\u0113rniem nepieejam\u0101 viet\u0101.<br \/>\n\u2022 Nelietot, ja ir paaugstin\u0101ta individu\u0101la jut\u012bba pret k\u0101du no sast\u0101vda\u013c\u0101m.<br \/>\n\u2022 Nekav\u0113joties p\u0101rtraukt lieto\u0161anu, ja rodas kairin\u0101jums.<br \/>\n\u2022 Nesatur parab\u0113nus.<\/p>\n<p>Uzglab\u0101\u0161anas noteikumi: Uzglab\u0101t temperat\u016br\u0101 no +5 l\u012bdz +39 \u00b0C un relat\u012bvaj\u0101 gaisa mitrum\u0101 no 55% l\u012bdz 70%.<\/p>\n","protected":false},"excerpt":{"rendered":"<p>Hialuronsk\u0101be ir galven\u0101 sast\u0101vda\u013ca \u0161aj\u0101 produktu s\u0113rij\u0101. Hialuronsk\u0101bes sp\u0113ja uztur\u0113t \u016bdeni \u0101d\u0101 pal\u012bdz mitrin\u0101t un atjaunot sausas \u0101das vietas, padarot to tvirt\u0101ku un c\u012bnoties ar noveco\u0161an\u0101s paz\u012bm\u0113m. Serums piesaista mitrumu un notur to, padarot \u0101du elast\u012bg\u0101ku un glud\u0101ku. Lieto\u0161ana: Uzkl\u0101jiet serumu uz t\u012bras sejas un kakla \u0101das, maigi iemas\u0113jot, l\u012bdz tas piln\u012bb\u0101 ies\u016bcas. Lai ieg\u016btu [&#8230;]\n","protected":false},"featured_media":100764,"template":"","meta":[],"product_cat":[1325],"product_tag":[],"class_list":{"0":"post-66031","1":"product","2":"type-product","3":"status-publish","4":"has-post-thumbnail","6":"product_brand-famirel-il","7":"product_cat-serumi","9":"first","10":"instock","11":"taxable","12":"shipping-taxable","13":"product-type-simple"},"_links":{"self":[{"href":"https:\/\/e.kosmolat.eu\/lv\/wp-json\/wp\/v2\/product\/66031","targetHints":{"allow":["GET"]}}],"collection":[{"href":"https:\/\/e.kosmolat.eu\/lv\/wp-json\/wp\/v2\/product"}],"about":[{"href":"https:\/\/e.kosmolat.eu\/lv\/wp-json\/wp\/v2\/types\/product"}],"wp:featuredmedia":[{"embeddable":true,"href":"https:\/\/e.kosmolat.eu\/lv\/wp-json\/wp\/v2\/media\/100764"}],"wp:attachment":[{"href":"https:\/\/e.kosmolat.eu\/lv\/wp-json\/wp\/v2\/media?parent=66031"}],"wp:term":[{"taxonomy":"product_cat","embeddable":true,"href":"https:\/\/e.kosmolat.eu\/lv\/wp-json\/wp\/v2\/product_cat?post=66031"},{"taxonomy":"product_tag","embeddable":true,"href":"https:\/\/e.kosmolat.eu\/lv\/wp-json\/wp\/v2\/product_tag?post=66031"}],"curies":[{"name":"wp","href":"https:\/\/api.w.org\/{rel}","templated":true}]}}