{"id":65991,"date":"2025-03-25T05:13:11","date_gmt":"2025-03-25T05:13:11","guid":{"rendered":"https:\/\/e.kosmolat.eu\/product\/famirel-atjaunojoss-pedu-krems-ar-naves-juras-dunam-100-ml\/"},"modified":"2026-03-30T17:09:34","modified_gmt":"2026-03-30T17:09:34","slug":"famirel-atjaunojoss-pedu-krems-ar-naves-juras-dunam-100-ml","status":"publish","type":"product","link":"https:\/\/e.kosmolat.eu\/lv\/product\/famirel-atjaunojoss-pedu-krems-ar-naves-juras-dunam-100-ml\/","title":{"rendered":"Famirel Atjaunojo\u0161s p\u0113du kr\u0113ms ar N\u0101ves j\u016bras d\u016b\u0146\u0101m, 100 ml"},"content":{"rendered":"<p>Akt\u012bvs p\u0113du kr\u0113ms ar unik\u0101liem N\u0101ves j\u016bras miner\u0101liem un d\u016b\u0146\u0101m. Atjauno dabisko mitruma l\u012bmeni, nomierina sausas un noguru\u0161as p\u0113das. Pateicoties augstajam vitam\u012bnu un barojo\u0161o e\u013c\u013cu saturam, tas dzi\u013ci mitrina un m\u012bkstina pat vissaus\u0101ko un saplais\u0101ju\u0161o \u0101du. Sniedziet sav\u0101m p\u0113d\u0101m nevainojamu kop\u0161anu.<\/p>\n<p>Lieto\u0161ana: Uzkl\u0101jiet uz t\u012bras p\u0113du \u0101das ar mas\u0113jo\u0161\u0101m kust\u012bb\u0101m l\u012bdz piln\u012bgai uzs\u016bk\u0161anai. Ieteicams ikdienas lieto\u0161anai.<\/p>\n<p>Piesardz\u012bbas pas\u0101kumi:<br \/>\n\u2022 Lietot saska\u0146\u0101 ar nor\u0101d\u012bjumiem.<br \/>\n\u2022 Nenor\u012bt.<br \/>\n\u2022 Izvair\u012bties no saskares ar ac\u012bm.<br \/>\n\u2022 Glab\u0101t b\u0113rniem nepieejam\u0101 viet\u0101.<br \/>\n\u2022 Nelietot, ja ir paaugstin\u0101ta individu\u0101la jut\u012bba pret k\u0101du no sast\u0101vda\u013c\u0101m.<br \/>\n\u2022 Nekav\u0113joties p\u0101rtraukt lieto\u0161anu, ja rodas kairin\u0101jums.<br \/>\n\u2022 Nesatur parab\u0113nus.<\/p>\n<p>Uzglab\u0101\u0161anas noteikumi: Uzglab\u0101t temperat\u016br\u0101 no +5 l\u012bdz +39 \u00b0C un relat\u012bvaj\u0101 gaisa mitrum\u0101 no 55% l\u012bdz 70%.<\/p>\n","protected":false},"excerpt":{"rendered":"<p>Akt\u012bvs p\u0113du kr\u0113ms ar unik\u0101liem N\u0101ves j\u016bras miner\u0101liem un d\u016b\u0146\u0101m. Atjauno dabisko mitruma l\u012bmeni, nomierina sausas un noguru\u0161as p\u0113das. Pateicoties augstajam vitam\u012bnu un barojo\u0161o e\u013c\u013cu saturam, tas dzi\u013ci mitrina un m\u012bkstina pat vissaus\u0101ko un saplais\u0101ju\u0161o \u0101du. Sniedziet sav\u0101m p\u0113d\u0101m nevainojamu kop\u0161anu. Lieto\u0161ana: Uzkl\u0101jiet uz t\u012bras p\u0113du \u0101das ar mas\u0113jo\u0161\u0101m kust\u012bb\u0101m l\u012bdz piln\u012bgai uzs\u016bk\u0161anai. Ieteicams ikdienas [&#8230;]\n","protected":false},"featured_media":98389,"template":"","meta":[],"product_cat":[1761],"product_tag":[],"class_list":{"0":"post-65991","1":"product","2":"type-product","3":"status-publish","4":"has-post-thumbnail","6":"product_brand-famirel-il","7":"product_cat-kaju-kopsanas-kosmetika","9":"first","10":"instock","11":"taxable","12":"shipping-taxable","13":"product-type-simple"},"_links":{"self":[{"href":"https:\/\/e.kosmolat.eu\/lv\/wp-json\/wp\/v2\/product\/65991","targetHints":{"allow":["GET"]}}],"collection":[{"href":"https:\/\/e.kosmolat.eu\/lv\/wp-json\/wp\/v2\/product"}],"about":[{"href":"https:\/\/e.kosmolat.eu\/lv\/wp-json\/wp\/v2\/types\/product"}],"wp:featuredmedia":[{"embeddable":true,"href":"https:\/\/e.kosmolat.eu\/lv\/wp-json\/wp\/v2\/media\/98389"}],"wp:attachment":[{"href":"https:\/\/e.kosmolat.eu\/lv\/wp-json\/wp\/v2\/media?parent=65991"}],"wp:term":[{"taxonomy":"product_cat","embeddable":true,"href":"https:\/\/e.kosmolat.eu\/lv\/wp-json\/wp\/v2\/product_cat?post=65991"},{"taxonomy":"product_tag","embeddable":true,"href":"https:\/\/e.kosmolat.eu\/lv\/wp-json\/wp\/v2\/product_tag?post=65991"}],"curies":[{"name":"wp","href":"https:\/\/api.w.org\/{rel}","templated":true}]}}