{"id":65983,"date":"2025-03-25T05:12:55","date_gmt":"2025-03-25T05:12:55","guid":{"rendered":"https:\/\/e.kosmolat.eu\/product\/famirel-barojoss-un-mitrinoss-pedu-krems-100-ml\/"},"modified":"2026-04-16T13:36:27","modified_gmt":"2026-04-16T13:36:27","slug":"famirel-barojoss-un-mitrinoss-pedu-krems-100-ml","status":"publish","type":"product","link":"https:\/\/e.kosmolat.eu\/lv\/product\/famirel-barojoss-un-mitrinoss-pedu-krems-100-ml\/","title":{"rendered":"Famirel Barojo\u0161s un mitrino\u0161s p\u0113du kr\u0113ms, 100 ml"},"content":{"rendered":"<p>Barojo\u0161s un mitrino\u0161s k\u0101ju kr\u0113ms, bag\u0101tin\u0101ts ar ol\u012bvu, hohobas un t\u0113jas koka e\u013c\u013c\u0101m, papildin\u0101ts ar alvejas, kli\u0146\u0123er\u012b\u0161u un gran\u0101t\u0101bola ekstraktiem, E vitam\u012bnu un N\u0101ves j\u016bras miner\u0101liem. \u012apa\u0161a formula kopj \u0101du un aizsarg\u0101 to no sausuma.<\/p>\n<p>Lieto\u0161ana: Uzkl\u0101jiet uz t\u012bras p\u0113du \u0101das ar mas\u0113jo\u0161\u0101m kust\u012bb\u0101m l\u012bdz piln\u012bgai uzs\u016bk\u0161anai. Ieteicams ikdienas lieto\u0161anai.<\/p>\n<p>Piesardz\u012bbas pas\u0101kumi:<br \/>\n\u2022 Lietot saska\u0146\u0101 ar nor\u0101d\u012bjumiem.<br \/>\n\u2022 Nenor\u012bt.<br \/>\n\u2022 Izvair\u012bties no saskares ar ac\u012bm.<br \/>\n\u2022 Glab\u0101t b\u0113rniem nepieejam\u0101 viet\u0101.<br \/>\n\u2022 Nelietot, ja ir paaugstin\u0101ta individu\u0101la jut\u012bba pret k\u0101du no sast\u0101vda\u013c\u0101m.<br \/>\n\u2022 Nekav\u0113joties p\u0101rtraukt lieto\u0161anu, ja rodas kairin\u0101jums.<br \/>\n\u2022 Nesatur parab\u0113nus.<\/p>\n<p>Uzglab\u0101\u0161anas noteikumi: Uzglab\u0101t temperat\u016br\u0101 no +5 l\u012bdz +39 \u00b0C un relat\u012bvaj\u0101 gaisa mitrum\u0101 no 55% l\u012bdz 70%.<\/p>\n","protected":false},"excerpt":{"rendered":"<p>Barojo\u0161s un mitrino\u0161s k\u0101ju kr\u0113ms, bag\u0101tin\u0101ts ar ol\u012bvu, hohobas un t\u0113jas koka e\u013c\u013c\u0101m, papildin\u0101ts ar alvejas, kli\u0146\u0123er\u012b\u0161u un gran\u0101t\u0101bola ekstraktiem, E vitam\u012bnu un N\u0101ves j\u016bras miner\u0101liem. \u012apa\u0161a formula kopj \u0101du un aizsarg\u0101 to no sausuma. Lieto\u0161ana: Uzkl\u0101jiet uz t\u012bras p\u0113du \u0101das ar mas\u0113jo\u0161\u0101m kust\u012bb\u0101m l\u012bdz piln\u012bgai uzs\u016bk\u0161anai. Ieteicams ikdienas lieto\u0161anai. Piesardz\u012bbas pas\u0101kumi: \u2022 Lietot saska\u0146\u0101 [&#8230;]\n","protected":false},"featured_media":98441,"template":"","meta":[],"product_cat":[1761],"product_tag":[],"class_list":{"0":"post-65983","1":"product","2":"type-product","3":"status-publish","4":"has-post-thumbnail","6":"product_brand-famirel-il","7":"product_cat-kaju-kopsanas-kosmetika","9":"first","10":"instock","11":"taxable","12":"shipping-taxable","13":"product-type-simple"},"_links":{"self":[{"href":"https:\/\/e.kosmolat.eu\/lv\/wp-json\/wp\/v2\/product\/65983","targetHints":{"allow":["GET"]}}],"collection":[{"href":"https:\/\/e.kosmolat.eu\/lv\/wp-json\/wp\/v2\/product"}],"about":[{"href":"https:\/\/e.kosmolat.eu\/lv\/wp-json\/wp\/v2\/types\/product"}],"wp:featuredmedia":[{"embeddable":true,"href":"https:\/\/e.kosmolat.eu\/lv\/wp-json\/wp\/v2\/media\/98441"}],"wp:attachment":[{"href":"https:\/\/e.kosmolat.eu\/lv\/wp-json\/wp\/v2\/media?parent=65983"}],"wp:term":[{"taxonomy":"product_cat","embeddable":true,"href":"https:\/\/e.kosmolat.eu\/lv\/wp-json\/wp\/v2\/product_cat?post=65983"},{"taxonomy":"product_tag","embeddable":true,"href":"https:\/\/e.kosmolat.eu\/lv\/wp-json\/wp\/v2\/product_tag?post=65983"}],"curies":[{"name":"wp","href":"https:\/\/api.w.org\/{rel}","templated":true}]}}