{"id":65975,"date":"2025-03-25T05:12:40","date_gmt":"2025-03-25T05:12:40","guid":{"rendered":"https:\/\/e.kosmolat.eu\/product\/famirel-atjaunojoss-roku-krems-ar-naves-juras-dunam-100-ml\/"},"modified":"2026-04-20T11:35:25","modified_gmt":"2026-04-20T11:35:25","slug":"famirel-atjaunojoss-roku-krems-ar-naves-juras-dunam-100-ml","status":"publish","type":"product","link":"https:\/\/e.kosmolat.eu\/lv\/product\/famirel-atjaunojoss-roku-krems-ar-naves-juras-dunam-100-ml\/","title":{"rendered":"Famirel Atjaunojo\u0161s roku kr\u0113ms ar N\u0101ves j\u016bras d\u016b\u0146\u0101m, 100 ml"},"content":{"rendered":"<p>Akt\u012bvs roku un nagu kr\u0113ms, kas balst\u012bts uz N\u0101ves j\u016bras d\u016b\u0146u un miner\u0101lu unik\u0101laj\u0101m \u012bpa\u0161\u012bb\u0101m, kas paz\u012bstamas k\u0101 dabisks \u0101das atjauno\u0161anas avots. Kr\u0113ms ir bag\u0101tin\u0101ts ar v\u012bnogu kauli\u0146u un saulespu\u0137u e\u013c\u013c\u0101m, alvejas ekstraktu un vitam\u012bniem. Unik\u0101l\u0101 formula padara kr\u0113mu vieglu, bet bag\u0101t\u012bgu, aizsarg\u0101jot roku un nagu \u0101du no agres\u012bvu \u0137\u012bmisko vielu un nelabv\u0113l\u012bgas apk\u0101rt\u0113j\u0101s vides ietekmes.<\/p>\n<p>Lieto\u0161ana: Uzkl\u0101jiet uz t\u012br\u0101m rok\u0101m un iemas\u0113jiet l\u012bdz piln\u012bgai uzs\u016bk\u0161anai. Ieteicams lietot katru dienu.<\/p>\n<p>Piesardz\u012bbas pas\u0101kumi:<br \/>\n\u2022 Lietot saska\u0146\u0101 ar nor\u0101d\u012bjumiem.<br \/>\n\u2022 Nenor\u012bt.<br \/>\n\u2022 Izvair\u012bties no saskares ar ac\u012bm.<br \/>\n\u2022 Glab\u0101t b\u0113rniem nepieejam\u0101 viet\u0101.<br \/>\n\u2022 Nelietot, ja ir paaugstin\u0101ta individu\u0101la jut\u012bba pret k\u0101du no sast\u0101vda\u013c\u0101m.<br \/>\n\u2022 Nekav\u0113joties p\u0101rtraukt lieto\u0161anu, ja rodas kairin\u0101jums.<br \/>\n\u2022 Nesatur parab\u0113nus.<\/p>\n<p>Uzglab\u0101\u0161anas noteikumi: Uzglab\u0101t temperat\u016br\u0101 no +5 l\u012bdz +39 \u00b0C un relat\u012bvaj\u0101 gaisa mitrum\u0101 no 55% l\u012bdz 70%.<\/p>\n","protected":false},"excerpt":{"rendered":"<p>Akt\u012bvs roku un nagu kr\u0113ms, kas balst\u012bts uz N\u0101ves j\u016bras d\u016b\u0146u un miner\u0101lu unik\u0101laj\u0101m \u012bpa\u0161\u012bb\u0101m, kas paz\u012bstamas k\u0101 dabisks \u0101das atjauno\u0161anas avots. Kr\u0113ms ir bag\u0101tin\u0101ts ar v\u012bnogu kauli\u0146u un saulespu\u0137u e\u013c\u013c\u0101m, alvejas ekstraktu un vitam\u012bniem. Unik\u0101l\u0101 formula padara kr\u0113mu vieglu, bet bag\u0101t\u012bgu, aizsarg\u0101jot roku un nagu \u0101du no agres\u012bvu \u0137\u012bmisko vielu un nelabv\u0113l\u012bgas apk\u0101rt\u0113j\u0101s vides [&#8230;]\n","protected":false},"featured_media":97713,"template":"","meta":[],"product_cat":[1302],"product_tag":[],"class_list":{"0":"post-65975","1":"product","2":"type-product","3":"status-publish","4":"has-post-thumbnail","6":"product_brand-famirel-il","7":"product_cat-roku-kopsanas-kosmetika","9":"first","10":"instock","11":"taxable","12":"shipping-taxable","13":"product-type-simple"},"_links":{"self":[{"href":"https:\/\/e.kosmolat.eu\/lv\/wp-json\/wp\/v2\/product\/65975","targetHints":{"allow":["GET"]}}],"collection":[{"href":"https:\/\/e.kosmolat.eu\/lv\/wp-json\/wp\/v2\/product"}],"about":[{"href":"https:\/\/e.kosmolat.eu\/lv\/wp-json\/wp\/v2\/types\/product"}],"wp:featuredmedia":[{"embeddable":true,"href":"https:\/\/e.kosmolat.eu\/lv\/wp-json\/wp\/v2\/media\/97713"}],"wp:attachment":[{"href":"https:\/\/e.kosmolat.eu\/lv\/wp-json\/wp\/v2\/media?parent=65975"}],"wp:term":[{"taxonomy":"product_cat","embeddable":true,"href":"https:\/\/e.kosmolat.eu\/lv\/wp-json\/wp\/v2\/product_cat?post=65975"},{"taxonomy":"product_tag","embeddable":true,"href":"https:\/\/e.kosmolat.eu\/lv\/wp-json\/wp\/v2\/product_tag?post=65975"}],"curies":[{"name":"wp","href":"https:\/\/api.w.org\/{rel}","templated":true}]}}