{"id":65967,"date":"2025-03-25T05:12:22","date_gmt":"2025-03-25T05:12:22","guid":{"rendered":"https:\/\/e.kosmolat.eu\/product\/famirel-barojoss-multivit-roku-un-nagu-krems-100-ml\/"},"modified":"2026-04-20T07:58:15","modified_gmt":"2026-04-20T07:58:15","slug":"famirel-barojoss-multivit-roku-un-nagu-krems-100-ml","status":"publish","type":"product","link":"https:\/\/e.kosmolat.eu\/lv\/product\/famirel-barojoss-multivit-roku-un-nagu-krems-100-ml\/","title":{"rendered":"Famirel Barojo\u0161s multivit. roku un nagu kr\u0113ms, 100 ml"},"content":{"rendered":"<p>Multivitam\u012bnu roku un nagu kr\u0113ms ir bag\u0101tin\u0101ts ar ol\u012bvu, hohobas un t\u0113jas koka e\u013c\u013c\u0101m, k\u0101 ar\u012b ar alvejas, kli\u0146\u0123er\u012btes un gran\u0101t\u0101bola ekstraktiem, E vitam\u012bnu un N\u0101ves j\u016bras miner\u0101liem. \u0160\u012b formula darbojas tie\u0161i caur \u0101das virs\u0113jo sl\u0101ni, veidojot aizsarg\u0101jo\u0161u sl\u0101ni, kas neitraliz\u0113 apk\u0101rt\u0113j\u0101s vides un mazg\u0101\u0161anas l\u012bdzek\u013cu kait\u012bgo iedarb\u012bbu.<\/p>\n<p>Lieto\u0161ana: Uzkl\u0101jiet uz t\u012br\u0101m rok\u0101m un iemas\u0113jiet l\u012bdz piln\u012bgai uzs\u016bk\u0161anai. Ieteicams lietot katru dienu.<\/p>\n<p>Piesardz\u012bbas pas\u0101kumi:<br \/>\n\u2022 Lietot saska\u0146\u0101 ar nor\u0101d\u012bjumiem.<br \/>\n\u2022 Nenor\u012bt.<br \/>\n\u2022 Izvair\u012bties no saskares ar ac\u012bm.<br \/>\n\u2022 Glab\u0101t b\u0113rniem nepieejam\u0101 viet\u0101.<br \/>\n\u2022 Nelietot, ja ir paaugstin\u0101ta individu\u0101la jut\u012bba pret k\u0101du no sast\u0101vda\u013c\u0101m.<br \/>\n\u2022 Nekav\u0113joties p\u0101rtraukt lieto\u0161anu, ja rodas kairin\u0101jums.<br \/>\n\u2022 Nesatur parab\u0113nus.<\/p>\n<p>Uzglab\u0101\u0161anas noteikumi: Uzglab\u0101t temperat\u016br\u0101 no +5 l\u012bdz +39 \u00b0C un relat\u012bvaj\u0101 gaisa mitrum\u0101 no 55% l\u012bdz 70%.<\/p>\n","protected":false},"excerpt":{"rendered":"<p>Multivitam\u012bnu roku un nagu kr\u0113ms ir bag\u0101tin\u0101ts ar ol\u012bvu, hohobas un t\u0113jas koka e\u013c\u013c\u0101m, k\u0101 ar\u012b ar alvejas, kli\u0146\u0123er\u012btes un gran\u0101t\u0101bola ekstraktiem, E vitam\u012bnu un N\u0101ves j\u016bras miner\u0101liem. \u0160\u012b formula darbojas tie\u0161i caur \u0101das virs\u0113jo sl\u0101ni, veidojot aizsarg\u0101jo\u0161u sl\u0101ni, kas neitraliz\u0113 apk\u0101rt\u0113j\u0101s vides un mazg\u0101\u0161anas l\u012bdzek\u013cu kait\u012bgo iedarb\u012bbu. Lieto\u0161ana: Uzkl\u0101jiet uz t\u012br\u0101m rok\u0101m un iemas\u0113jiet [&#8230;]\n","protected":false},"featured_media":97709,"template":"","meta":[],"product_cat":[1304],"product_tag":[],"class_list":{"0":"post-65967","1":"product","2":"type-product","3":"status-publish","4":"has-post-thumbnail","6":"product_brand-famirel-il","7":"product_cat-ranku-prieziuros-kosmetika","9":"first","10":"instock","11":"taxable","12":"shipping-taxable","13":"product-type-simple"},"_links":{"self":[{"href":"https:\/\/e.kosmolat.eu\/lv\/wp-json\/wp\/v2\/product\/65967","targetHints":{"allow":["GET"]}}],"collection":[{"href":"https:\/\/e.kosmolat.eu\/lv\/wp-json\/wp\/v2\/product"}],"about":[{"href":"https:\/\/e.kosmolat.eu\/lv\/wp-json\/wp\/v2\/types\/product"}],"wp:featuredmedia":[{"embeddable":true,"href":"https:\/\/e.kosmolat.eu\/lv\/wp-json\/wp\/v2\/media\/97709"}],"wp:attachment":[{"href":"https:\/\/e.kosmolat.eu\/lv\/wp-json\/wp\/v2\/media?parent=65967"}],"wp:term":[{"taxonomy":"product_cat","embeddable":true,"href":"https:\/\/e.kosmolat.eu\/lv\/wp-json\/wp\/v2\/product_cat?post=65967"},{"taxonomy":"product_tag","embeddable":true,"href":"https:\/\/e.kosmolat.eu\/lv\/wp-json\/wp\/v2\/product_tag?post=65967"}],"curies":[{"name":"wp","href":"https:\/\/api.w.org\/{rel}","templated":true}]}}