{"id":65927,"date":"2025-03-25T05:11:05","date_gmt":"2025-03-25T05:11:05","guid":{"rendered":"https:\/\/e.kosmolat.eu\/product\/famirel-winter-power-viriesu-dusas-zel-3-in-1-svaiga-piparmetra-un-laims-750-ml\/"},"modified":"2026-03-30T11:40:59","modified_gmt":"2026-03-30T11:40:59","slug":"famirel-winter-power-viriesu-dusas-zel-3-in-1-svaiga-piparmetra-un-laims-750-ml","status":"publish","type":"product","link":"https:\/\/e.kosmolat.eu\/lv\/product\/famirel-winter-power-viriesu-dusas-zel-3-in-1-svaiga-piparmetra-un-laims-750-ml\/","title":{"rendered":"Famirel Winter Power V\u012brie\u0161u du\u0161as \u017eel. 3 in 1 Svaiga piparm\u0113tra un laims, 750 ml"},"content":{"rendered":"<p>Winter Power v\u012brie\u0161u du\u0161as \u017eeleja 3-in-1 \u2013 sejai, \u0137ermenim un matiem \u2013 lielisks veids, k\u0101 s\u0101kt dienu. Jaun\u0101 formula satur N\u0101ves j\u016bras miner\u0101lus, augu e\u013c\u013cas un ekstraktus. Baro un mitrina matus un \u0137ermeni, padarot tos m\u012bkstus un vesel\u012bgus.<\/p>\n<p>Lieto\u0161ana: Uzkl\u0101jiet uz mitras \u0101das un matiem, viegli iemas\u0113jiet ar ap\u013cveida kust\u012bb\u0101m, l\u012bdz izveidojas biezas putas. Noskalojiet ar \u016bdeni. Du\u0161as \u017eeleja paredz\u0113ta ikdienas lieto\u0161anai.<\/p>\n<p>Piesardz\u012bbas pas\u0101kumi:<br \/>\n\u2022 Lietot saska\u0146\u0101 ar nor\u0101d\u012bjumiem.<br \/>\n\u2022 Nenor\u012bt.<br \/>\n\u2022 Izvair\u012bties no saskares ar ac\u012bm.<br \/>\n\u2022 Glab\u0101t b\u0113rniem nepieejam\u0101 viet\u0101.<br \/>\n\u2022 Nelietot, ja ir paaugstin\u0101ta individu\u0101la jut\u012bba pret k\u0101du no sast\u0101vda\u013c\u0101m.<br \/>\n\u2022 Nekav\u0113joties p\u0101rtraukt lieto\u0161anu, ja rodas kairin\u0101jums.<br \/>\n\u2022 Nesatur parab\u0113nus.<\/p>\n<p>Uzglab\u0101\u0161anas noteikumi: Uzglab\u0101t temperat\u016br\u0101 no +5 l\u012bdz +39 \u00b0C un relat\u012bvaj\u0101 gaisa mitrum\u0101 no 55% l\u012bdz 70%.<\/p>\n","protected":false},"excerpt":{"rendered":"<p>Winter Power v\u012brie\u0161u du\u0161as \u017eeleja 3-in-1 \u2013 sejai, \u0137ermenim un matiem \u2013 lielisks veids, k\u0101 s\u0101kt dienu. Jaun\u0101 formula satur N\u0101ves j\u016bras miner\u0101lus, augu e\u013c\u013cas un ekstraktus. Baro un mitrina matus un \u0137ermeni, padarot tos m\u012bkstus un vesel\u012bgus. Lieto\u0161ana: Uzkl\u0101jiet uz mitras \u0101das un matiem, viegli iemas\u0113jiet ar ap\u013cveida kust\u012bb\u0101m, l\u012bdz izveidojas biezas putas. Noskalojiet [&#8230;]\n","protected":false},"featured_media":102391,"template":"","meta":[],"product_cat":[1999],"product_tag":[],"class_list":{"0":"post-65927","1":"product","2":"type-product","3":"status-publish","4":"has-post-thumbnail","6":"product_brand-famirel-il","7":"product_cat-bez-kategorijas","9":"first","10":"instock","11":"taxable","12":"shipping-taxable","13":"product-type-simple"},"_links":{"self":[{"href":"https:\/\/e.kosmolat.eu\/lv\/wp-json\/wp\/v2\/product\/65927","targetHints":{"allow":["GET"]}}],"collection":[{"href":"https:\/\/e.kosmolat.eu\/lv\/wp-json\/wp\/v2\/product"}],"about":[{"href":"https:\/\/e.kosmolat.eu\/lv\/wp-json\/wp\/v2\/types\/product"}],"wp:featuredmedia":[{"embeddable":true,"href":"https:\/\/e.kosmolat.eu\/lv\/wp-json\/wp\/v2\/media\/102391"}],"wp:attachment":[{"href":"https:\/\/e.kosmolat.eu\/lv\/wp-json\/wp\/v2\/media?parent=65927"}],"wp:term":[{"taxonomy":"product_cat","embeddable":true,"href":"https:\/\/e.kosmolat.eu\/lv\/wp-json\/wp\/v2\/product_cat?post=65927"},{"taxonomy":"product_tag","embeddable":true,"href":"https:\/\/e.kosmolat.eu\/lv\/wp-json\/wp\/v2\/product_tag?post=65927"}],"curies":[{"name":"wp","href":"https:\/\/api.w.org\/{rel}","templated":true}]}}