{"id":65895,"date":"2025-03-25T05:10:05","date_gmt":"2025-03-25T05:10:05","guid":{"rendered":"https:\/\/e.kosmolat.eu\/product\/famirel-matu-kond-ar-naves-juras-miner-alveju-brok-un-keratinu-500-ml\/"},"modified":"2026-04-20T13:46:12","modified_gmt":"2026-04-20T13:46:12","slug":"famirel-matu-kond-ar-naves-juras-miner-alveju-brok-un-keratinu-500-ml","status":"publish","type":"product","link":"https:\/\/e.kosmolat.eu\/lv\/product\/famirel-matu-kond-ar-naves-juras-miner-alveju-brok-un-keratinu-500-ml\/","title":{"rendered":"Famirel Matu kond. ar N\u0101ves j\u016bras miner., alveju, brok. un kerat\u012bnu, 500 ml"},"content":{"rendered":"<p>Matu kondicionieris ar N\u0101ves j\u016bras miner\u0101liem, kas paz\u012bstami ar sav\u0101m mitrino\u0161aj\u0101m un barojo\u0161aj\u0101m \u012bpa\u0161\u012bb\u0101m. Bag\u0101tin\u0101ts ar akt\u012bvaj\u0101m e\u013c\u013c\u0101m un augu ekstraktiem. Pal\u012bdz atjaunot un aizsarg\u0101t matus un galvas \u0101du no apk\u0101rt\u0113j\u0101s vides negat\u012bv\u0101s ietekmes, sausuma un trausluma, pie\u0161\u0137irot boj\u0101tiem matiem sp\u012bdumu.<\/p>\n<p>Lieto\u0161ana: Uzkl\u0101jiet kondicionieri uz samitrin\u0101tiem matiem, maigi iemas\u0113jiet, atst\u0101jiet uz min\u016bti un r\u016bp\u012bgi noskalojiet ar \u016bdeni.<\/p>\n<p>Piesardz\u012bbas pas\u0101kumi:<br \/>\n\u2022 Lietot saska\u0146\u0101 ar nor\u0101d\u012bjumiem.<br \/>\n\u2022 Nenor\u012bt.<br \/>\n\u2022 Izvair\u012bties no saskares ar ac\u012bm.<br \/>\n\u2022 Glab\u0101t b\u0113rniem nepieejam\u0101 viet\u0101.<br \/>\n\u2022 Nelietot, ja ir paaugstin\u0101ta individu\u0101la jut\u012bba pret k\u0101du no sast\u0101vda\u013c\u0101m.<br \/>\n\u2022 Nekav\u0113joties p\u0101rtraukt lieto\u0161anu, ja rodas kairin\u0101jums.<br \/>\n\u2022 Nesatur parab\u0113nus.<\/p>\n<p>Uzglab\u0101\u0161anas noteikumi: Uzglab\u0101t temperat\u016br\u0101 no +5 l\u012bdz +39 \u00b0C un relat\u012bvaj\u0101 gaisa mitrum\u0101 no 55% l\u012bdz 70%.<\/p>\n","protected":false},"excerpt":{"rendered":"<p>Matu kondicionieris ar N\u0101ves j\u016bras miner\u0101liem, kas paz\u012bstami ar sav\u0101m mitrino\u0161aj\u0101m un barojo\u0161aj\u0101m \u012bpa\u0161\u012bb\u0101m. Bag\u0101tin\u0101ts ar akt\u012bvaj\u0101m e\u013c\u013c\u0101m un augu ekstraktiem. Pal\u012bdz atjaunot un aizsarg\u0101t matus un galvas \u0101du no apk\u0101rt\u0113j\u0101s vides negat\u012bv\u0101s ietekmes, sausuma un trausluma, pie\u0161\u0137irot boj\u0101tiem matiem sp\u012bdumu. Lieto\u0161ana: Uzkl\u0101jiet kondicionieri uz samitrin\u0101tiem matiem, maigi iemas\u0113jiet, atst\u0101jiet uz min\u016bti un r\u016bp\u012bgi noskalojiet [&#8230;]\n","protected":false},"featured_media":102110,"template":"","meta":[],"product_cat":[1638],"product_tag":[],"class_list":{"0":"post-65895","1":"product","2":"type-product","3":"status-publish","4":"has-post-thumbnail","6":"product_brand-famirel-il","7":"product_cat-balzami","9":"first","10":"instock","11":"taxable","12":"shipping-taxable","13":"product-type-simple"},"_links":{"self":[{"href":"https:\/\/e.kosmolat.eu\/lv\/wp-json\/wp\/v2\/product\/65895","targetHints":{"allow":["GET"]}}],"collection":[{"href":"https:\/\/e.kosmolat.eu\/lv\/wp-json\/wp\/v2\/product"}],"about":[{"href":"https:\/\/e.kosmolat.eu\/lv\/wp-json\/wp\/v2\/types\/product"}],"wp:featuredmedia":[{"embeddable":true,"href":"https:\/\/e.kosmolat.eu\/lv\/wp-json\/wp\/v2\/media\/102110"}],"wp:attachment":[{"href":"https:\/\/e.kosmolat.eu\/lv\/wp-json\/wp\/v2\/media?parent=65895"}],"wp:term":[{"taxonomy":"product_cat","embeddable":true,"href":"https:\/\/e.kosmolat.eu\/lv\/wp-json\/wp\/v2\/product_cat?post=65895"},{"taxonomy":"product_tag","embeddable":true,"href":"https:\/\/e.kosmolat.eu\/lv\/wp-json\/wp\/v2\/product_tag?post=65895"}],"curies":[{"name":"wp","href":"https:\/\/api.w.org\/{rel}","templated":true}]}}