{"id":65887,"date":"2025-03-25T05:09:47","date_gmt":"2025-03-25T05:09:47","guid":{"rendered":"https:\/\/e.kosmolat.eu\/product\/famirel-samp-ar-naves-juras-miner-un-dunam-hialuronsk-un-kerat-500-ml\/"},"modified":"2026-04-20T13:45:57","modified_gmt":"2026-04-20T13:45:57","slug":"famirel-samp-ar-naves-juras-miner-un-dunam-hialuronsk-un-kerat-500-ml","status":"publish","type":"product","link":"https:\/\/e.kosmolat.eu\/lv\/product\/famirel-samp-ar-naves-juras-miner-un-dunam-hialuronsk-un-kerat-500-ml\/","title":{"rendered":"Famirel \u0160amp. ar N\u0101ves j\u016bras miner. un d\u016b\u0146\u0101m, hialuronsk. un kerat., 500 ml"},"content":{"rendered":"<p>Unik\u0101la formula, kas bag\u0101tin\u0101ta ar N\u0101ves j\u016bras d\u016b\u0146\u0101m un \u0161\u012b sviestu, r\u016bp\u012bgi att\u012bra, mitrina un baro matus un galvas \u0101du. Akt\u012bv\u0101s e\u013c\u013cas: ol\u012bve\u013c\u013ca, kvie\u0161u d\u012bg\u013cu e\u013c\u013ca, arg\u0101na e\u013c\u013ca. Augu ekstrakti: alveja, kumel\u012bte, gur\u0137is, gran\u0101t\u0101bols, kerat\u012bns, hialuronsk\u0101be un E vitam\u012bns. Visas \u0161\u012bs sast\u0101vda\u013cas efekt\u012bvi nov\u0113r\u0161 galvas \u0101das sausumu un kairin\u0101jumu un ir nepiecie\u0161ami, lai nodro\u0161in\u0101tu ide\u0101lu l\u012bdzsvaru j\u016bsu matiem un galvas \u0101dai.<\/p>\n<p>Lieto\u0161ana: Samitriniet matus, uzkl\u0101jiet \u0161amp\u016bnu, iemas\u0113jiet to galvas \u0101d\u0101, atst\u0101jiet uz min\u016bti dzi\u013cai att\u012br\u012b\u0161anai, p\u0113c tam r\u016bp\u012bgi noskalojiet ar \u016bdeni.<\/p>\n<p>Piesardz\u012bbas pas\u0101kumi:<br \/>\n\u2022 Lietot saska\u0146\u0101 ar nor\u0101d\u012bjumiem.<br \/>\n\u2022 Nenor\u012bt.<br \/>\n\u2022 Izvair\u012bties no saskares ar ac\u012bm.<br \/>\n\u2022 Glab\u0101t b\u0113rniem nepieejam\u0101 viet\u0101.<br \/>\n\u2022 Nelietot, ja ir paaugstin\u0101ta individu\u0101la jut\u012bba pret k\u0101du no sast\u0101vda\u013c\u0101m.<br \/>\n\u2022 Nekav\u0113joties p\u0101rtraukt lieto\u0161anu, ja rodas kairin\u0101jums.<br \/>\n\u2022 Nesatur parab\u0113nus.<\/p>\n<p>Uzglab\u0101\u0161anas noteikumi: Uzglab\u0101t temperat\u016br\u0101 no +5 l\u012bdz +39 \u00b0C un relat\u012bvaj\u0101 gaisa mitrum\u0101 no 55% l\u012bdz 70%.<\/p>\n","protected":false},"excerpt":{"rendered":"<p>Unik\u0101la formula, kas bag\u0101tin\u0101ta ar N\u0101ves j\u016bras d\u016b\u0146\u0101m un \u0161\u012b sviestu, r\u016bp\u012bgi att\u012bra, mitrina un baro matus un galvas \u0101du. Akt\u012bv\u0101s e\u013c\u013cas: ol\u012bve\u013c\u013ca, kvie\u0161u d\u012bg\u013cu e\u013c\u013ca, arg\u0101na e\u013c\u013ca. Augu ekstrakti: alveja, kumel\u012bte, gur\u0137is, gran\u0101t\u0101bols, kerat\u012bns, hialuronsk\u0101be un E vitam\u012bns. Visas \u0161\u012bs sast\u0101vda\u013cas efekt\u012bvi nov\u0113r\u0161 galvas \u0101das sausumu un kairin\u0101jumu un ir nepiecie\u0161ami, lai nodro\u0161in\u0101tu ide\u0101lu [&#8230;]\n","protected":false},"featured_media":102383,"template":"","meta":[],"product_cat":[1248],"product_tag":[],"class_list":{"0":"post-65887","1":"product","2":"type-product","3":"status-publish","4":"has-post-thumbnail","6":"product_brand-famirel-il","7":"product_cat-sampuni","9":"first","10":"instock","11":"taxable","12":"shipping-taxable","13":"product-type-simple"},"_links":{"self":[{"href":"https:\/\/e.kosmolat.eu\/lv\/wp-json\/wp\/v2\/product\/65887","targetHints":{"allow":["GET"]}}],"collection":[{"href":"https:\/\/e.kosmolat.eu\/lv\/wp-json\/wp\/v2\/product"}],"about":[{"href":"https:\/\/e.kosmolat.eu\/lv\/wp-json\/wp\/v2\/types\/product"}],"wp:featuredmedia":[{"embeddable":true,"href":"https:\/\/e.kosmolat.eu\/lv\/wp-json\/wp\/v2\/media\/102383"}],"wp:attachment":[{"href":"https:\/\/e.kosmolat.eu\/lv\/wp-json\/wp\/v2\/media?parent=65887"}],"wp:term":[{"taxonomy":"product_cat","embeddable":true,"href":"https:\/\/e.kosmolat.eu\/lv\/wp-json\/wp\/v2\/product_cat?post=65887"},{"taxonomy":"product_tag","embeddable":true,"href":"https:\/\/e.kosmolat.eu\/lv\/wp-json\/wp\/v2\/product_tag?post=65887"}],"curies":[{"name":"wp","href":"https:\/\/api.w.org\/{rel}","templated":true}]}}