{"id":65879,"date":"2025-03-25T05:09:31","date_gmt":"2025-03-25T05:09:31","guid":{"rendered":"https:\/\/e.kosmolat.eu\/product\/famirel-samp-visiem-matu-tipiem-ar-naves-juras-miner-un-makad-ellu-750-ml\/"},"modified":"2026-04-08T06:10:25","modified_gmt":"2026-04-08T06:10:25","slug":"famirel-samp-visiem-matu-tipiem-ar-naves-juras-miner-un-makad-ellu-750-ml","status":"publish","type":"product","link":"https:\/\/e.kosmolat.eu\/lv\/product\/famirel-samp-visiem-matu-tipiem-ar-naves-juras-miner-un-makad-ellu-750-ml\/","title":{"rendered":"Famirel \u0160amp. visiem matu tipiem ar N\u0101ves j\u016bras miner. un makad. e\u013clu, 750 ml"},"content":{"rendered":"<p>Matu kop\u0161anas formula, kas bag\u0101tin\u0101ta ar N\u0101ves j\u016bras miner\u0101liem, augu ekstraktiem un akt\u012bvaj\u0101m e\u013c\u013c\u0101m, stiprina un baro matus, pie\u0161\u0137irot tiem sp\u012bdumu.<\/p>\n<p>Lieto\u0161ana: Uzkl\u0101jiet \u0161amp\u016bnu uz samitrin\u0101tiem matiem, maigi iemas\u0113jiet, p\u0113c tam r\u016bp\u012bgi noskalojiet ar \u016bdeni.<\/p>\n<p>Piesardz\u012bbas pas\u0101kumi:<br \/>\n\u2022 Lietot saska\u0146\u0101 ar nor\u0101d\u012bjumiem.<br \/>\n\u2022 Nenor\u012bt.<br \/>\n\u2022 Izvair\u012bties no saskares ar ac\u012bm.<br \/>\n\u2022 Glab\u0101t b\u0113rniem nepieejam\u0101 viet\u0101.<br \/>\n\u2022 Nelietot, ja ir paaugstin\u0101ta individu\u0101la jut\u012bba pret k\u0101du no sast\u0101vda\u013c\u0101m.<br \/>\n\u2022 Nekav\u0113joties p\u0101rtraukt lieto\u0161anu, ja rodas kairin\u0101jums.<br \/>\n\u2022 Nesatur parab\u0113nus.<\/p>\n<p>Uzglab\u0101\u0161anas noteikumi: Uzglab\u0101t temperat\u016br\u0101 no +5 l\u012bdz +39 \u00b0C un relat\u012bvaj\u0101 gaisa mitrum\u0101 no 55% l\u012bdz 70%.<\/p>\n","protected":false},"excerpt":{"rendered":"<p>Matu kop\u0161anas formula, kas bag\u0101tin\u0101ta ar N\u0101ves j\u016bras miner\u0101liem, augu ekstraktiem un akt\u012bvaj\u0101m e\u013c\u013c\u0101m, stiprina un baro matus, pie\u0161\u0137irot tiem sp\u012bdumu. Lieto\u0161ana: Uzkl\u0101jiet \u0161amp\u016bnu uz samitrin\u0101tiem matiem, maigi iemas\u0113jiet, p\u0113c tam r\u016bp\u012bgi noskalojiet ar \u016bdeni. Piesardz\u012bbas pas\u0101kumi: \u2022 Lietot saska\u0146\u0101 ar nor\u0101d\u012bjumiem. \u2022 Nenor\u012bt. \u2022 Izvair\u012bties no saskares ar ac\u012bm. \u2022 Glab\u0101t b\u0113rniem nepieejam\u0101 viet\u0101. [&#8230;]\n","protected":false},"featured_media":100488,"template":"","meta":[],"product_cat":[1999],"product_tag":[],"class_list":{"0":"post-65879","1":"product","2":"type-product","3":"status-publish","4":"has-post-thumbnail","6":"product_brand-famirel-il","7":"product_cat-bez-kategorijas","9":"first","10":"instock","11":"taxable","12":"shipping-taxable","13":"product-type-simple"},"_links":{"self":[{"href":"https:\/\/e.kosmolat.eu\/lv\/wp-json\/wp\/v2\/product\/65879","targetHints":{"allow":["GET"]}}],"collection":[{"href":"https:\/\/e.kosmolat.eu\/lv\/wp-json\/wp\/v2\/product"}],"about":[{"href":"https:\/\/e.kosmolat.eu\/lv\/wp-json\/wp\/v2\/types\/product"}],"wp:featuredmedia":[{"embeddable":true,"href":"https:\/\/e.kosmolat.eu\/lv\/wp-json\/wp\/v2\/media\/100488"}],"wp:attachment":[{"href":"https:\/\/e.kosmolat.eu\/lv\/wp-json\/wp\/v2\/media?parent=65879"}],"wp:term":[{"taxonomy":"product_cat","embeddable":true,"href":"https:\/\/e.kosmolat.eu\/lv\/wp-json\/wp\/v2\/product_cat?post=65879"},{"taxonomy":"product_tag","embeddable":true,"href":"https:\/\/e.kosmolat.eu\/lv\/wp-json\/wp\/v2\/product_tag?post=65879"}],"curies":[{"name":"wp","href":"https:\/\/api.w.org\/{rel}","templated":true}]}}