{"id":65871,"date":"2025-03-25T05:09:14","date_gmt":"2025-03-25T05:09:14","guid":{"rendered":"https:\/\/e.kosmolat.eu\/product\/famirel-samp-tauk-galvas-adai-ar-naves-juras-mineraliem-un-kofeinu-750-ml\/"},"modified":"2026-03-30T17:07:38","modified_gmt":"2026-03-30T17:07:38","slug":"famirel-samp-tauk-galvas-adai-ar-naves-juras-mineraliem-un-kofeinu-750-ml","status":"publish","type":"product","link":"https:\/\/e.kosmolat.eu\/lv\/product\/famirel-samp-tauk-galvas-adai-ar-naves-juras-mineraliem-un-kofeinu-750-ml\/","title":{"rendered":"Famirel \u0160amp. tauk. galvas \u0101dai ar N\u0101ves j\u016bras miner\u0101liem un kofe\u012bnu, 750 ml"},"content":{"rendered":"<p>\u0160amp\u016bns taukainai galvas \u0101dai ar N\u0101ves j\u016bras miner\u0101liem, kas paz\u012bstami ar sp\u0113ju dzi\u013ci att\u012br\u012bt un barot matus un galvas \u0101du. Mitrina matus, pie\u0161\u0137ir tiem sp\u012bdumu un elast\u012bbu, nodro\u0161inot vesel\u012bgu, koptu un t\u012bru izskatu.<\/p>\n<p>Lieto\u0161ana: Uzkl\u0101jiet \u0161amp\u016bnu uz samitrin\u0101tiem matiem, maigi iemas\u0113jiet l\u012bdz veidojas bag\u0101t\u012bgas putas un r\u016bp\u012bgi noskalojiet ar siltu \u016bdeni.<\/p>\n<p>Piesardz\u012bbas pas\u0101kumi:<br \/>\n\u2022 Lietot saska\u0146\u0101 ar nor\u0101d\u012bjumiem.<br \/>\n\u2022 Nenor\u012bt.<br \/>\n\u2022 Izvair\u012bties no saskares ar ac\u012bm.<br \/>\n\u2022 Glab\u0101t b\u0113rniem nepieejam\u0101 viet\u0101.<br \/>\n\u2022 Nelietot, ja ir paaugstin\u0101ta individu\u0101la jut\u012bba pret k\u0101du no sast\u0101vda\u013c\u0101m.<br \/>\n\u2022 Nekav\u0113joties p\u0101rtraukt lieto\u0161anu, ja rodas kairin\u0101jums.<br \/>\n\u2022 Nesatur parab\u0113nus.<\/p>\n<p>Uzglab\u0101\u0161anas noteikumi: Uzglab\u0101t temperat\u016br\u0101 no +5 l\u012bdz +39 \u00b0C un relat\u012bvaj\u0101 gaisa mitrum\u0101 no 55% l\u012bdz 70%.<\/p>\n","protected":false},"excerpt":{"rendered":"<p>\u0160amp\u016bns taukainai galvas \u0101dai ar N\u0101ves j\u016bras miner\u0101liem, kas paz\u012bstami ar sp\u0113ju dzi\u013ci att\u012br\u012bt un barot matus un galvas \u0101du. Mitrina matus, pie\u0161\u0137ir tiem sp\u012bdumu un elast\u012bbu, nodro\u0161inot vesel\u012bgu, koptu un t\u012bru izskatu. Lieto\u0161ana: Uzkl\u0101jiet \u0161amp\u016bnu uz samitrin\u0101tiem matiem, maigi iemas\u0113jiet l\u012bdz veidojas bag\u0101t\u012bgas putas un r\u016bp\u012bgi noskalojiet ar siltu \u016bdeni. Piesardz\u012bbas pas\u0101kumi: \u2022 Lietot [&#8230;]\n","protected":false},"featured_media":98599,"template":"","meta":[],"product_cat":[1248],"product_tag":[],"class_list":{"0":"post-65871","1":"product","2":"type-product","3":"status-publish","4":"has-post-thumbnail","6":"product_brand-famirel-il","7":"product_cat-sampuni","9":"first","10":"instock","11":"taxable","12":"shipping-taxable","13":"product-type-simple"},"_links":{"self":[{"href":"https:\/\/e.kosmolat.eu\/lv\/wp-json\/wp\/v2\/product\/65871","targetHints":{"allow":["GET"]}}],"collection":[{"href":"https:\/\/e.kosmolat.eu\/lv\/wp-json\/wp\/v2\/product"}],"about":[{"href":"https:\/\/e.kosmolat.eu\/lv\/wp-json\/wp\/v2\/types\/product"}],"wp:featuredmedia":[{"embeddable":true,"href":"https:\/\/e.kosmolat.eu\/lv\/wp-json\/wp\/v2\/media\/98599"}],"wp:attachment":[{"href":"https:\/\/e.kosmolat.eu\/lv\/wp-json\/wp\/v2\/media?parent=65871"}],"wp:term":[{"taxonomy":"product_cat","embeddable":true,"href":"https:\/\/e.kosmolat.eu\/lv\/wp-json\/wp\/v2\/product_cat?post=65871"},{"taxonomy":"product_tag","embeddable":true,"href":"https:\/\/e.kosmolat.eu\/lv\/wp-json\/wp\/v2\/product_tag?post=65871"}],"curies":[{"name":"wp","href":"https:\/\/api.w.org\/{rel}","templated":true}]}}