{"id":65855,"date":"2025-03-25T05:08:43","date_gmt":"2025-03-25T05:08:43","guid":{"rendered":"https:\/\/e.kosmolat.eu\/product\/famirel-aizsarg-roku-krems-ar-fosfolip-un-naves-juras-miner-100-ml\/"},"modified":"2026-04-16T10:32:41","modified_gmt":"2026-04-16T10:32:41","slug":"famirel-aizsarg-roku-krems-ar-fosfolip-un-naves-juras-miner-100-ml","status":"publish","type":"product","link":"https:\/\/e.kosmolat.eu\/lv\/product\/famirel-aizsarg-roku-krems-ar-fosfolip-un-naves-juras-miner-100-ml\/","title":{"rendered":"Famirel Aizsarg. roku kr\u0113ms ar fosfolip. un N\u0101ves j\u016bras miner., 100 ml"},"content":{"rendered":"<p>Lielisks roku kop\u0161anas kr\u0113ms, kas \u0101tri uzs\u016bcas. Bag\u0101tin\u0101ts ar dab\u012bgaj\u0101m e\u013c\u013c\u0101m un N\u0101ves j\u016bras miner\u0101liem. Kr\u0113ms nodro\u0161ina optim\u0101lu aizsardz\u012bbu pret \u0101das sausumu, baro, mitrina un m\u012bkstina to, pie\u0161\u0137irot rok\u0101m gludumu un z\u012bdain\u012bbu.<\/p>\n<p>Lieto\u0161ana: Uzkl\u0101jiet uz t\u012br\u0101m rok\u0101m un maigi iemas\u0113jiet l\u012bdz piln\u012bgai uzs\u016bk\u0161anai, ieteicams ikdienas lieto\u0161anai.<\/p>\n<p>Br\u012bdin\u0101jums: Satur A vitam\u012bnu. L\u016bgums pirms lieto\u0161anas p\u0101rdom\u0101t savu dienas devu.<\/p>\n<p>Piesardz\u012bbas pas\u0101kumi:<br \/>\n\u2022 Lietot saska\u0146\u0101 ar nor\u0101d\u012bjumiem.<br \/>\n\u2022 Nenor\u012bt.<br \/>\n\u2022 Izvair\u012bties no saskares ar ac\u012bm.<br \/>\n\u2022 Glab\u0101t b\u0113rniem nepieejam\u0101 viet\u0101.<br \/>\n\u2022 Nelietot, ja ir paaugstin\u0101ta individu\u0101la jut\u012bba pret k\u0101du no sast\u0101vda\u013c\u0101m.<br \/>\n\u2022 Nekav\u0113joties p\u0101rtraukt lieto\u0161anu, ja rodas kairin\u0101jums.<br \/>\n\u2022 Nesatur parab\u0113nus.<\/p>\n<p>Uzglab\u0101\u0161anas noteikumi: Uzglab\u0101t temperat\u016br\u0101 no +5 l\u012bdz +39 \u00b0C un relat\u012bvaj\u0101 gaisa mitrum\u0101 no 55% l\u012bdz 70%.<\/p>\n","protected":false},"excerpt":{"rendered":"<p>Lielisks roku kop\u0161anas kr\u0113ms, kas \u0101tri uzs\u016bcas. Bag\u0101tin\u0101ts ar dab\u012bgaj\u0101m e\u013c\u013c\u0101m un N\u0101ves j\u016bras miner\u0101liem. Kr\u0113ms nodro\u0161ina optim\u0101lu aizsardz\u012bbu pret \u0101das sausumu, baro, mitrina un m\u012bkstina to, pie\u0161\u0137irot rok\u0101m gludumu un z\u012bdain\u012bbu. Lieto\u0161ana: Uzkl\u0101jiet uz t\u012br\u0101m rok\u0101m un maigi iemas\u0113jiet l\u012bdz piln\u012bgai uzs\u016bk\u0161anai, ieteicams ikdienas lieto\u0161anai. Br\u012bdin\u0101jums: Satur A vitam\u012bnu. L\u016bgums pirms lieto\u0161anas p\u0101rdom\u0101t savu [&#8230;]\n","protected":false},"featured_media":98595,"template":"","meta":[],"product_cat":[1305],"product_tag":[],"class_list":{"0":"post-65855","1":"product","2":"type-product","3":"status-publish","4":"has-post-thumbnail","6":"product_brand-famirel-il","7":"product_cat-1305","9":"first","10":"instock","11":"taxable","12":"shipping-taxable","13":"product-type-simple"},"_links":{"self":[{"href":"https:\/\/e.kosmolat.eu\/lv\/wp-json\/wp\/v2\/product\/65855","targetHints":{"allow":["GET"]}}],"collection":[{"href":"https:\/\/e.kosmolat.eu\/lv\/wp-json\/wp\/v2\/product"}],"about":[{"href":"https:\/\/e.kosmolat.eu\/lv\/wp-json\/wp\/v2\/types\/product"}],"wp:featuredmedia":[{"embeddable":true,"href":"https:\/\/e.kosmolat.eu\/lv\/wp-json\/wp\/v2\/media\/98595"}],"wp:attachment":[{"href":"https:\/\/e.kosmolat.eu\/lv\/wp-json\/wp\/v2\/media?parent=65855"}],"wp:term":[{"taxonomy":"product_cat","embeddable":true,"href":"https:\/\/e.kosmolat.eu\/lv\/wp-json\/wp\/v2\/product_cat?post=65855"},{"taxonomy":"product_tag","embeddable":true,"href":"https:\/\/e.kosmolat.eu\/lv\/wp-json\/wp\/v2\/product_tag?post=65855"}],"curies":[{"name":"wp","href":"https:\/\/api.w.org\/{rel}","templated":true}]}}