{"id":65847,"date":"2025-03-25T05:08:26","date_gmt":"2025-03-25T05:08:26","guid":{"rendered":"https:\/\/e.kosmolat.eu\/product\/famirel-sejas-toniks-ar-jasm-un-ris-dabiskam-mirdzumam-un-cin-ar-blavumu-200-ml\/"},"modified":"2026-04-16T13:36:12","modified_gmt":"2026-04-16T13:36:12","slug":"famirel-sejas-toniks-ar-jasm-un-ris-dabiskam-mirdzumam-un-cin-ar-blavumu-200-ml","status":"publish","type":"product","link":"https:\/\/e.kosmolat.eu\/lv\/product\/famirel-sejas-toniks-ar-jasm-un-ris-dabiskam-mirdzumam-un-cin-ar-blavumu-200-ml\/","title":{"rendered":"Famirel Sejas toniks ar jasm. un r\u012bs. dabiskam mirdzumam un c\u012b\u0146. ar bl\u0101vumu, 200 ml"},"content":{"rendered":"<p>Sejas toniks satur r\u012bsu \u016bdeni, kas paz\u012bstams ar sav\u0101m barojo\u0161aj\u0101m un atjaunojo\u0161aj\u0101m \u012bpa\u0161\u012bb\u0101m. Tas regul\u0113 \u0101das pH l\u012bdzsvaru, uzlabo t\u0101s tekst\u016bru un nodro\u0161ina dabisko mirdzumu. Piem\u0113rots ikdienas lieto\u0161anai.<\/p>\n<p>Lieto\u0161ana: Uzkl\u0101jiet uz vates diska un viegli not\u012briet seju un kaklu. Lietojiet no r\u012bta un vakar\u0101.<\/p>\n<p>Piesardz\u012bbas pas\u0101kumi:<br \/>\n\u2022 Lietot saska\u0146\u0101 ar nor\u0101d\u012bjumiem.<br \/>\n\u2022 Nenor\u012bt.<br \/>\n\u2022 Izvair\u012bties no saskares ar ac\u012bm.<br \/>\n\u2022 Glab\u0101t b\u0113rniem nepieejam\u0101 viet\u0101.<br \/>\n\u2022 Nelietot, ja ir paaugstin\u0101ta individu\u0101la jut\u012bba pret k\u0101du no sast\u0101vda\u013c\u0101m.<br \/>\n\u2022 Nekav\u0113joties p\u0101rtraukt lieto\u0161anu, ja rodas kairin\u0101jums.<br \/>\n\u2022 Nesatur parab\u0113nus.<br \/>\n\u2022 Nesatur SLS.<\/p>\n<p>Uzglab\u0101\u0161anas noteikumi: Uzglab\u0101t temperat\u016br\u0101 no +5 l\u012bdz +39 \u00b0C un relat\u012bvaj\u0101 gaisa mitrum\u0101 no 55% l\u012bdz 70%.<\/p>\n","protected":false},"excerpt":{"rendered":"<p>Sejas toniks satur r\u012bsu \u016bdeni, kas paz\u012bstams ar sav\u0101m barojo\u0161aj\u0101m un atjaunojo\u0161aj\u0101m \u012bpa\u0161\u012bb\u0101m. Tas regul\u0113 \u0101das pH l\u012bdzsvaru, uzlabo t\u0101s tekst\u016bru un nodro\u0161ina dabisko mirdzumu. Piem\u0113rots ikdienas lieto\u0161anai. Lieto\u0161ana: Uzkl\u0101jiet uz vates diska un viegli not\u012briet seju un kaklu. Lietojiet no r\u012bta un vakar\u0101. Piesardz\u012bbas pas\u0101kumi: \u2022 Lietot saska\u0146\u0101 ar nor\u0101d\u012bjumiem. \u2022 Nenor\u012bt. \u2022 Izvair\u012bties [&#8230;]\n","protected":false},"featured_media":98591,"template":"","meta":[],"product_cat":[1578],"product_tag":[],"class_list":{"0":"post-65847","1":"product","2":"type-product","3":"status-publish","4":"has-post-thumbnail","6":"product_brand-famirel-il","7":"product_cat-losjoni-un-toniki","9":"first","10":"instock","11":"taxable","12":"shipping-taxable","13":"product-type-simple"},"_links":{"self":[{"href":"https:\/\/e.kosmolat.eu\/lv\/wp-json\/wp\/v2\/product\/65847","targetHints":{"allow":["GET"]}}],"collection":[{"href":"https:\/\/e.kosmolat.eu\/lv\/wp-json\/wp\/v2\/product"}],"about":[{"href":"https:\/\/e.kosmolat.eu\/lv\/wp-json\/wp\/v2\/types\/product"}],"wp:featuredmedia":[{"embeddable":true,"href":"https:\/\/e.kosmolat.eu\/lv\/wp-json\/wp\/v2\/media\/98591"}],"wp:attachment":[{"href":"https:\/\/e.kosmolat.eu\/lv\/wp-json\/wp\/v2\/media?parent=65847"}],"wp:term":[{"taxonomy":"product_cat","embeddable":true,"href":"https:\/\/e.kosmolat.eu\/lv\/wp-json\/wp\/v2\/product_cat?post=65847"},{"taxonomy":"product_tag","embeddable":true,"href":"https:\/\/e.kosmolat.eu\/lv\/wp-json\/wp\/v2\/product_tag?post=65847"}],"curies":[{"name":"wp","href":"https:\/\/api.w.org\/{rel}","templated":true}]}}