{"id":65839,"date":"2025-03-25T05:08:10","date_gmt":"2025-03-25T05:08:10","guid":{"rendered":"https:\/\/e.kosmolat.eu\/product\/famirel-sejas-toniks-ar-smiltserksku-ekstr-e-vit-un-provit-b5-200-ml\/"},"modified":"2026-04-16T13:35:59","modified_gmt":"2026-04-16T13:35:59","slug":"famirel-sejas-toniks-ar-smiltserksku-ekstr-e-vit-un-provit-b5-200-ml","status":"publish","type":"product","link":"https:\/\/e.kosmolat.eu\/lv\/product\/famirel-sejas-toniks-ar-smiltserksku-ekstr-e-vit-un-provit-b5-200-ml\/","title":{"rendered":"Famirel Sejas toniks ar smilts\u0113rk\u0161\u0137u ekstr., E vit. un provit. B5, 200 ml"},"content":{"rendered":"<p>Sejas toniks ar smilts\u0113rk\u0161\u0137u ekstraktu ir lielisks papildin\u0101jums sejas mazg\u0101\u0161anas put\u0101m ar sk\u0101b\u0113m. Sast\u0101v\u0101 eso\u0161ie N\u0101ves j\u016bras miner\u0101li un augu ekstrakti efekt\u012bvi att\u012bra un atsvaidzina \u0101du, no\u0146emot atmiru\u0161\u0101s \u0101das \u0161\u016bnas. Toniks pie\u0161\u0137ir \u0101dai vesel\u012bgu un svaigu izskatu, pal\u012bdzot atjaunot boj\u0101t\u0101s \u0101das \u0161\u016bnas. Att\u012bra \u0101du no net\u012brumiem un atmiru\u0161aj\u0101m \u0101das \u0161\u016bn\u0101m. Formula ar augu ekstraktiem aizsarg\u0101 \u0101du no \u0101r\u0113jiem faktoriem, atsvaidzina to un sagatavo turpm\u0101kai kop\u0161anai.<\/p>\n<p>Lieto\u0161ana: Uzkl\u0101jiet uz vates diska un viegli not\u012briet seju un kaklu. Lietojiet no r\u012bta un vakar\u0101.<\/p>\n<p>Piesardz\u012bbas pas\u0101kumi:<br \/>\n\u2022 Lietot saska\u0146\u0101 ar nor\u0101d\u012bjumiem.<br \/>\n\u2022 Nenor\u012bt.<br \/>\n\u2022 Izvair\u012bties no saskares ar ac\u012bm.<br \/>\n\u2022 Glab\u0101t b\u0113rniem nepieejam\u0101 viet\u0101.<br \/>\n\u2022 Nelietot, ja ir paaugstin\u0101ta individu\u0101la jut\u012bba pret k\u0101du no sast\u0101vda\u013c\u0101m.<br \/>\n\u2022 Nekav\u0113joties p\u0101rtraukt lieto\u0161anu, ja rodas kairin\u0101jums.<br \/>\n\u2022 Nesatur parab\u0113nus.<br \/>\n\u2022 Nesatur SLS.<\/p>\n<p>Uzglab\u0101\u0161anas noteikumi: Uzglab\u0101t temperat\u016br\u0101 no +5 l\u012bdz +39 \u00b0C un relat\u012bvaj\u0101 gaisa mitrum\u0101 no 55% l\u012bdz 70%.<\/p>\n","protected":false},"excerpt":{"rendered":"<p>Sejas toniks ar smilts\u0113rk\u0161\u0137u ekstraktu ir lielisks papildin\u0101jums sejas mazg\u0101\u0161anas put\u0101m ar sk\u0101b\u0113m. Sast\u0101v\u0101 eso\u0161ie N\u0101ves j\u016bras miner\u0101li un augu ekstrakti efekt\u012bvi att\u012bra un atsvaidzina \u0101du, no\u0146emot atmiru\u0161\u0101s \u0101das \u0161\u016bnas. Toniks pie\u0161\u0137ir \u0101dai vesel\u012bgu un svaigu izskatu, pal\u012bdzot atjaunot boj\u0101t\u0101s \u0101das \u0161\u016bnas. Att\u012bra \u0101du no net\u012brumiem un atmiru\u0161aj\u0101m \u0101das \u0161\u016bn\u0101m. Formula ar augu ekstraktiem aizsarg\u0101 [&#8230;]\n","protected":false},"featured_media":99638,"template":"","meta":[],"product_cat":[1578],"product_tag":[],"class_list":{"0":"post-65839","1":"product","2":"type-product","3":"status-publish","4":"has-post-thumbnail","6":"product_brand-famirel-il","7":"product_cat-losjoni-un-toniki","9":"first","10":"instock","11":"taxable","12":"shipping-taxable","13":"product-type-simple"},"_links":{"self":[{"href":"https:\/\/e.kosmolat.eu\/lv\/wp-json\/wp\/v2\/product\/65839","targetHints":{"allow":["GET"]}}],"collection":[{"href":"https:\/\/e.kosmolat.eu\/lv\/wp-json\/wp\/v2\/product"}],"about":[{"href":"https:\/\/e.kosmolat.eu\/lv\/wp-json\/wp\/v2\/types\/product"}],"wp:featuredmedia":[{"embeddable":true,"href":"https:\/\/e.kosmolat.eu\/lv\/wp-json\/wp\/v2\/media\/99638"}],"wp:attachment":[{"href":"https:\/\/e.kosmolat.eu\/lv\/wp-json\/wp\/v2\/media?parent=65839"}],"wp:term":[{"taxonomy":"product_cat","embeddable":true,"href":"https:\/\/e.kosmolat.eu\/lv\/wp-json\/wp\/v2\/product_cat?post=65839"},{"taxonomy":"product_tag","embeddable":true,"href":"https:\/\/e.kosmolat.eu\/lv\/wp-json\/wp\/v2\/product_tag?post=65839"}],"curies":[{"name":"wp","href":"https:\/\/api.w.org\/{rel}","templated":true}]}}