{"id":65831,"date":"2025-03-25T05:07:54","date_gmt":"2025-03-25T05:07:54","guid":{"rendered":"https:\/\/e.kosmolat.eu\/product\/famirel-sejas-toniks-problem-adai-ar-5-augu-ekstr-salicilsk-un-hialuronsk-200-ml\/"},"modified":"2026-03-16T11:24:24","modified_gmt":"2026-03-16T11:24:24","slug":"famirel-sejas-toniks-problem-adai-ar-5-augu-ekstr-salicilsk-un-hialuronsk-200-ml","status":"publish","type":"product","link":"https:\/\/e.kosmolat.eu\/lv\/product\/famirel-sejas-toniks-problem-adai-ar-5-augu-ekstr-salicilsk-un-hialuronsk-200-ml\/","title":{"rendered":"Famirel Sejas toniks problem. \u0101dai ar 5 augu ekstr., salicilsk. un hialuronsk., 200 ml"},"content":{"rendered":"<p>Sp\u0113c\u012bgs, bet vienlaikus delik\u0101ts toniks problem\u0101tiskai \u0101dai. Att\u012bra \u0101du no net\u012brumiem un atmiru\u0161aj\u0101m \u0101das \u0161\u016bn\u0101m. Formula ar augu ekstraktiem aizsarg\u0101 \u0101du no \u0101r\u0113jiem faktoriem, atsvaidzina to un sagatavo turpm\u0101kai kop\u0161anai.<\/p>\n<p>Lieto\u0161ana: Uzkl\u0101jiet uz vates diska un viegli not\u012briet \u0101du, izvairoties no zonas ap ac\u012bm. Lietojiet no r\u012bta un vakar\u0101.<\/p>\n<p>Piesardz\u012bbas pas\u0101kumi:<br \/>\n\u2022 Lietot saska\u0146\u0101 ar nor\u0101d\u012bjumiem.<br \/>\n\u2022 Nenor\u012bt.<br \/>\n\u2022 Izvair\u012bties no saskares ar ac\u012bm.<br \/>\n\u2022 Glab\u0101t b\u0113rniem nepieejam\u0101 viet\u0101.<br \/>\n\u2022 Nelietot, ja ir paaugstin\u0101ta individu\u0101la jut\u012bba pret k\u0101du no sast\u0101vda\u013c\u0101m.<br \/>\n\u2022 Nekav\u0113joties p\u0101rtraukt lieto\u0161anu, ja rodas kairin\u0101jums.<br \/>\n\u2022 Nesatur parab\u0113nus.<br \/>\n\u2022 Nesatur SLS.<\/p>\n<p>Uzglab\u0101\u0161anas noteikumi: Uzglab\u0101t temperat\u016br\u0101 no +5 l\u012bdz +39 \u00b0C un relat\u012bvaj\u0101 gaisa mitrum\u0101 no 55% l\u012bdz 70%.<\/p>\n","protected":false},"excerpt":{"rendered":"<p>Sp\u0113c\u012bgs, bet vienlaikus delik\u0101ts toniks problem\u0101tiskai \u0101dai. Att\u012bra \u0101du no net\u012brumiem un atmiru\u0161aj\u0101m \u0101das \u0161\u016bn\u0101m. Formula ar augu ekstraktiem aizsarg\u0101 \u0101du no \u0101r\u0113jiem faktoriem, atsvaidzina to un sagatavo turpm\u0101kai kop\u0161anai. Lieto\u0161ana: Uzkl\u0101jiet uz vates diska un viegli not\u012briet \u0101du, izvairoties no zonas ap ac\u012bm. Lietojiet no r\u012bta un vakar\u0101. Piesardz\u012bbas pas\u0101kumi: \u2022 Lietot saska\u0146\u0101 ar [&#8230;]\n","protected":false},"featured_media":102379,"template":"","meta":[],"product_cat":[1999],"product_tag":[],"class_list":{"0":"post-65831","1":"product","2":"type-product","3":"status-publish","4":"has-post-thumbnail","6":"product_brand-famirel-il","7":"product_cat-bez-kategorijas","9":"first","10":"instock","11":"taxable","12":"shipping-taxable","13":"product-type-simple"},"_links":{"self":[{"href":"https:\/\/e.kosmolat.eu\/lv\/wp-json\/wp\/v2\/product\/65831","targetHints":{"allow":["GET"]}}],"collection":[{"href":"https:\/\/e.kosmolat.eu\/lv\/wp-json\/wp\/v2\/product"}],"about":[{"href":"https:\/\/e.kosmolat.eu\/lv\/wp-json\/wp\/v2\/types\/product"}],"wp:featuredmedia":[{"embeddable":true,"href":"https:\/\/e.kosmolat.eu\/lv\/wp-json\/wp\/v2\/media\/102379"}],"wp:attachment":[{"href":"https:\/\/e.kosmolat.eu\/lv\/wp-json\/wp\/v2\/media?parent=65831"}],"wp:term":[{"taxonomy":"product_cat","embeddable":true,"href":"https:\/\/e.kosmolat.eu\/lv\/wp-json\/wp\/v2\/product_cat?post=65831"},{"taxonomy":"product_tag","embeddable":true,"href":"https:\/\/e.kosmolat.eu\/lv\/wp-json\/wp\/v2\/product_tag?post=65831"}],"curies":[{"name":"wp","href":"https:\/\/api.w.org\/{rel}","templated":true}]}}