{"id":65815,"date":"2025-03-25T05:07:24","date_gmt":"2025-03-25T05:07:24","guid":{"rendered":"https:\/\/e.kosmolat.eu\/product\/famirel-dzili-attirosas-putas-ar-azijas-centiliju-un-risiem-150-ml\/"},"modified":"2026-04-20T11:34:53","modified_gmt":"2026-04-20T11:34:53","slug":"famirel-dzili-attirosas-putas-ar-azijas-centiliju-un-risiem-150-ml","status":"publish","type":"product","link":"https:\/\/e.kosmolat.eu\/lv\/product\/famirel-dzili-attirosas-putas-ar-azijas-centiliju-un-risiem-150-ml\/","title":{"rendered":"Famirel Dzi\u013ci att\u012bro\u0161as putas ar \u0100zijas cent\u012bliju un r\u012bsiem, 150 ml"},"content":{"rendered":"<p>Dzi\u013ci att\u012bro\u0161as putas ar r\u012bsiem mitrina \u0101du un izl\u012bdzina t\u0101s toni, k\u0101 ar\u012b aizsarg\u0101 no saules ietekmes, pie\u0161\u0137irot \u0101dai dabisku mirdzumu. Sast\u0101v\u0101 eso\u0161\u0101 \u0100zijas cent\u012blija, kas paz\u012bstama ar sav\u0101m antioksidanta \u012bpa\u0161\u012bb\u0101m, pal\u012bdz aizsarg\u0101t \u0101du no \u0101r\u0113jo faktoru ietekmes. Unik\u0101l\u0101 formula nodro\u0161ina visu nepiecie\u0161amo j\u016bsu \u0101das vesel\u012bbai un skaistumam. <\/p>\n<p>Lieto\u0161ana: Uzkl\u0101jiet nelielu daudzumu putu uz rok\u0101m un ar maigiem kust\u012bb\u0101m iemas\u0113jiet sejas \u0101d\u0101. Izvairieties no saskares ar ac\u012bm. Noskalojiet ar \u016bdeni. <\/p>\n<p>Piesardz\u012bbas pas\u0101kumi:<br \/>\n\u2022 Lietot saska\u0146\u0101 ar nor\u0101d\u012bjumiem.<br \/>\n\u2022 Nenor\u012bt.<br \/>\n\u2022 Izvair\u012bties no saskares ar ac\u012bm.<br \/>\n\u2022 Glab\u0101t b\u0113rniem nepieejam\u0101 viet\u0101.<br \/>\n\u2022 Nelietot, ja ir paaugstin\u0101ta individu\u0101la jut\u012bba pret k\u0101du no sast\u0101vda\u013c\u0101m.<br \/>\n\u2022 Nekav\u0113joties p\u0101rtraukt lieto\u0161anu, ja rodas kairin\u0101jums.<br \/>\n\u2022 Nesatur parab\u0113nus.<br \/>\n\u2022 Nesatur SLS.<\/p>\n<p>Uzglab\u0101\u0161anas noteikumi: Uzglab\u0101t temperat\u016br\u0101 no +5 l\u012bdz +39 \u00b0C un relat\u012bvaj\u0101 gaisa mitrum\u0101 no 55% l\u012bdz 70%.<\/p>\n","protected":false},"excerpt":{"rendered":"<p>Dzi\u013ci att\u012bro\u0161as putas ar r\u012bsiem mitrina \u0101du un izl\u012bdzina t\u0101s toni, k\u0101 ar\u012b aizsarg\u0101 no saules ietekmes, pie\u0161\u0137irot \u0101dai dabisku mirdzumu. Sast\u0101v\u0101 eso\u0161\u0101 \u0100zijas cent\u012blija, kas paz\u012bstama ar sav\u0101m antioksidanta \u012bpa\u0161\u012bb\u0101m, pal\u012bdz aizsarg\u0101t \u0101du no \u0101r\u0113jo faktoru ietekmes. Unik\u0101l\u0101 formula nodro\u0161ina visu nepiecie\u0161amo j\u016bsu \u0101das vesel\u012bbai un skaistumam. Lieto\u0161ana: Uzkl\u0101jiet nelielu daudzumu putu uz rok\u0101m [&#8230;]\n","protected":false},"featured_media":99096,"template":"","meta":[],"product_cat":[1833],"product_tag":[],"class_list":{"0":"post-65815","1":"product","2":"type-product","3":"status-publish","4":"has-post-thumbnail","6":"product_brand-famirel-il","7":"product_cat-putas-sejas-mazgasanai","9":"first","10":"instock","11":"taxable","12":"shipping-taxable","13":"product-type-simple"},"_links":{"self":[{"href":"https:\/\/e.kosmolat.eu\/lv\/wp-json\/wp\/v2\/product\/65815","targetHints":{"allow":["GET"]}}],"collection":[{"href":"https:\/\/e.kosmolat.eu\/lv\/wp-json\/wp\/v2\/product"}],"about":[{"href":"https:\/\/e.kosmolat.eu\/lv\/wp-json\/wp\/v2\/types\/product"}],"wp:featuredmedia":[{"embeddable":true,"href":"https:\/\/e.kosmolat.eu\/lv\/wp-json\/wp\/v2\/media\/99096"}],"wp:attachment":[{"href":"https:\/\/e.kosmolat.eu\/lv\/wp-json\/wp\/v2\/media?parent=65815"}],"wp:term":[{"taxonomy":"product_cat","embeddable":true,"href":"https:\/\/e.kosmolat.eu\/lv\/wp-json\/wp\/v2\/product_cat?post=65815"},{"taxonomy":"product_tag","embeddable":true,"href":"https:\/\/e.kosmolat.eu\/lv\/wp-json\/wp\/v2\/product_tag?post=65815"}],"curies":[{"name":"wp","href":"https:\/\/api.w.org\/{rel}","templated":true}]}}