{"id":65807,"date":"2025-03-25T05:07:08","date_gmt":"2025-03-25T05:07:08","guid":{"rendered":"https:\/\/e.kosmolat.eu\/product\/famirel-dzili-attirosas-putas-ar-skabem-un-smiltserkski-150-ml\/"},"modified":"2026-04-16T10:32:12","modified_gmt":"2026-04-16T10:32:12","slug":"famirel-dzili-attirosas-putas-ar-skabem-un-smiltserkski-150-ml","status":"publish","type":"product","link":"https:\/\/e.kosmolat.eu\/lv\/product\/famirel-dzili-attirosas-putas-ar-skabem-un-smiltserkski-150-ml\/","title":{"rendered":"Famirel Dzi\u013ci att\u012bro\u0161as putas ar sk\u0101b\u0113m un smilts\u0113rk\u0161\u0137i, 150 ml"},"content":{"rendered":"<p>Dzi\u013ci att\u012bro\u0161as putas taukainai, problem\u0101tiskai un kombin\u0113tai \u0101dai, k\u0101 ar\u012b \u0101dai ar noslieci uz pigment\u0101ciju. Dzi\u013ci att\u012bra poras, pal\u012bdz c\u012bn\u012bties ar melnajiem punktiem, izgaismo un atjauno epidermu. Satur glikolsk\u0101bi, betainu, E vitam\u012bnu un gran\u0101t\u0101bola ekstraktu.<\/p>\n<p>Lieto\u0161ana: Maigi iemas\u0113jiet mitr\u0101 \u0101d\u0101, izvairoties no saskares ar ac\u012bm. R\u016bp\u012bgi noskalojiet un nosusiniet \u0101du.<\/p>\n<p>Piesardz\u012bbas pas\u0101kumi:<br \/>\n\u2022 Lietot saska\u0146\u0101 ar nor\u0101d\u012bjumiem.<br \/>\n\u2022 Nenor\u012bt.<br \/>\n\u2022 Izvair\u012bties no saskares ar ac\u012bm.<br \/>\n\u2022 Glab\u0101t b\u0113rniem nepieejam\u0101 viet\u0101.<br \/>\n\u2022 Nelietot, ja ir paaugstin\u0101ta individu\u0101la jut\u012bba pret k\u0101du no sast\u0101vda\u013c\u0101m.<br \/>\n\u2022 Nekav\u0113joties p\u0101rtraukt lieto\u0161anu, ja rodas kairin\u0101jums.<br \/>\n\u2022 Nesatur parab\u0113nus.<br \/>\n\u2022 Nesatur SLS.<\/p>\n<p>Uzglab\u0101\u0161anas noteikumi: Uzglab\u0101t temperat\u016br\u0101 no +5 l\u012bdz +39 \u00b0C un relat\u012bvaj\u0101 gaisa mitrum\u0101 no 55% l\u012bdz 70%.<\/p>\n","protected":false},"excerpt":{"rendered":"<p>Dzi\u013ci att\u012bro\u0161as putas taukainai, problem\u0101tiskai un kombin\u0113tai \u0101dai, k\u0101 ar\u012b \u0101dai ar noslieci uz pigment\u0101ciju. Dzi\u013ci att\u012bra poras, pal\u012bdz c\u012bn\u012bties ar melnajiem punktiem, izgaismo un atjauno epidermu. Satur glikolsk\u0101bi, betainu, E vitam\u012bnu un gran\u0101t\u0101bola ekstraktu. Lieto\u0161ana: Maigi iemas\u0113jiet mitr\u0101 \u0101d\u0101, izvairoties no saskares ar ac\u012bm. R\u016bp\u012bgi noskalojiet un nosusiniet \u0101du. Piesardz\u012bbas pas\u0101kumi: \u2022 Lietot saska\u0146\u0101 [&#8230;]\n","protected":false},"featured_media":101446,"template":"","meta":[],"product_cat":[1833],"product_tag":[],"class_list":{"0":"post-65807","1":"product","2":"type-product","3":"status-publish","4":"has-post-thumbnail","6":"product_brand-famirel-il","7":"product_cat-putas-sejas-mazgasanai","9":"first","10":"instock","11":"taxable","12":"shipping-taxable","13":"product-type-simple"},"_links":{"self":[{"href":"https:\/\/e.kosmolat.eu\/lv\/wp-json\/wp\/v2\/product\/65807","targetHints":{"allow":["GET"]}}],"collection":[{"href":"https:\/\/e.kosmolat.eu\/lv\/wp-json\/wp\/v2\/product"}],"about":[{"href":"https:\/\/e.kosmolat.eu\/lv\/wp-json\/wp\/v2\/types\/product"}],"wp:featuredmedia":[{"embeddable":true,"href":"https:\/\/e.kosmolat.eu\/lv\/wp-json\/wp\/v2\/media\/101446"}],"wp:attachment":[{"href":"https:\/\/e.kosmolat.eu\/lv\/wp-json\/wp\/v2\/media?parent=65807"}],"wp:term":[{"taxonomy":"product_cat","embeddable":true,"href":"https:\/\/e.kosmolat.eu\/lv\/wp-json\/wp\/v2\/product_cat?post=65807"},{"taxonomy":"product_tag","embeddable":true,"href":"https:\/\/e.kosmolat.eu\/lv\/wp-json\/wp\/v2\/product_tag?post=65807"}],"curies":[{"name":"wp","href":"https:\/\/api.w.org\/{rel}","templated":true}]}}