{"id":65799,"date":"2025-03-25T05:06:52","date_gmt":"2025-03-25T05:06:52","guid":{"rendered":"https:\/\/e.kosmolat.eu\/product\/famirel-sejas-mazg-zeleja-problem-adai-ar-salicilsk-glikolsk-un-e-vit-200\/"},"modified":"2026-04-14T16:34:34","modified_gmt":"2026-04-14T16:34:34","slug":"famirel-sejas-mazg-zeleja-problem-adai-ar-salicilsk-glikolsk-un-e-vit-200","status":"publish","type":"product","link":"https:\/\/e.kosmolat.eu\/lv\/product\/famirel-sejas-mazg-zeleja-problem-adai-ar-salicilsk-glikolsk-un-e-vit-200\/","title":{"rendered":"Famirel Sejas mazg. \u017eeleja problem. \u0101dai ar salicilsk., glikolsk. un E vit., 200"},"content":{"rendered":"<p>\u0160\u012b viegl\u0101 sejas mazg\u0101\u0161anas \u017eeleja ir ide\u0101ls l\u012bdzeklis problem\u0101tiskai \u0101dai, kas piem\u0113rots ikdienas lieto\u0161anai. Satur augu ekstraktus un N\u0101ves j\u016bras miner\u0101lus, apvienotus ar maigiem att\u012bro\u0161iem un mitrino\u0161iem komponentiem. \u017deleja saudz\u012bgi no\u0146em net\u012brumus un grimu, atst\u0101jot \u0101du svaigu un sagatavotu turpm\u0101kajai kop\u0161anai.<\/p>\n<p>Lieto\u0161ana: Uzkl\u0101jiet uz mitras sejas un kakla \u0101das, maigi iemas\u0113jot ar ap\u013cveida kust\u012bb\u0101m no apak\u0161as uz aug\u0161u, izvairoties no acu zonas. Noskalojiet ar siltu \u016bdeni.<\/p>\n<p>Piesardz\u012bbas pas\u0101kumi:<br \/>\n\u2022 Lietot saska\u0146\u0101 ar nor\u0101d\u012bjumiem.<br \/>\n\u2022 Nenor\u012bt.<br \/>\n\u2022 Izvair\u012bties no saskares ar ac\u012bm.<br \/>\n\u2022 Glab\u0101t b\u0113rniem nepieejam\u0101 viet\u0101.<br \/>\n\u2022 Nelietot, ja ir paaugstin\u0101ta individu\u0101la jut\u012bba pret k\u0101du no sast\u0101vda\u013c\u0101m.<br \/>\n\u2022 Nekav\u0113joties p\u0101rtraukt lieto\u0161anu, ja rodas kairin\u0101jums.<br \/>\n\u2022 Nesatur parab\u0113nus.<br \/>\n\u2022 Nesatur SLS.<\/p>\n<p>Uzglab\u0101\u0161anas noteikumi: Uzglab\u0101t temperat\u016br\u0101 no +5 l\u012bdz +39 \u00b0C un relat\u012bvaj\u0101 gaisa mitrum\u0101 no 55% l\u012bdz 70%.<\/p>\n","protected":false},"excerpt":{"rendered":"<p>\u0160\u012b viegl\u0101 sejas mazg\u0101\u0161anas \u017eeleja ir ide\u0101ls l\u012bdzeklis problem\u0101tiskai \u0101dai, kas piem\u0113rots ikdienas lieto\u0161anai. Satur augu ekstraktus un N\u0101ves j\u016bras miner\u0101lus, apvienotus ar maigiem att\u012bro\u0161iem un mitrino\u0161iem komponentiem. \u017deleja saudz\u012bgi no\u0146em net\u012brumus un grimu, atst\u0101jot \u0101du svaigu un sagatavotu turpm\u0101kajai kop\u0161anai. Lieto\u0161ana: Uzkl\u0101jiet uz mitras sejas un kakla \u0101das, maigi iemas\u0113jot ar ap\u013cveida kust\u012bb\u0101m no [&#8230;]\n","protected":false},"featured_media":101073,"template":"","meta":[],"product_cat":[1575],"product_tag":[],"class_list":{"0":"post-65799","1":"product","2":"type-product","3":"status-publish","4":"has-post-thumbnail","6":"product_brand-famirel-il","7":"product_cat-zelejas","9":"first","10":"instock","11":"taxable","12":"shipping-taxable","13":"product-type-simple"},"_links":{"self":[{"href":"https:\/\/e.kosmolat.eu\/lv\/wp-json\/wp\/v2\/product\/65799","targetHints":{"allow":["GET"]}}],"collection":[{"href":"https:\/\/e.kosmolat.eu\/lv\/wp-json\/wp\/v2\/product"}],"about":[{"href":"https:\/\/e.kosmolat.eu\/lv\/wp-json\/wp\/v2\/types\/product"}],"wp:featuredmedia":[{"embeddable":true,"href":"https:\/\/e.kosmolat.eu\/lv\/wp-json\/wp\/v2\/media\/101073"}],"wp:attachment":[{"href":"https:\/\/e.kosmolat.eu\/lv\/wp-json\/wp\/v2\/media?parent=65799"}],"wp:term":[{"taxonomy":"product_cat","embeddable":true,"href":"https:\/\/e.kosmolat.eu\/lv\/wp-json\/wp\/v2\/product_cat?post=65799"},{"taxonomy":"product_tag","embeddable":true,"href":"https:\/\/e.kosmolat.eu\/lv\/wp-json\/wp\/v2\/product_tag?post=65799"}],"curies":[{"name":"wp","href":"https:\/\/api.w.org\/{rel}","templated":true}]}}