{"id":65791,"date":"2025-03-25T05:06:38","date_gmt":"2025-03-25T05:06:38","guid":{"rendered":"https:\/\/e.kosmolat.eu\/product\/famirel-sejas-mazgas-zeleja-gurkis-moringa-un-svaiga-piparmetra-200-ml\/"},"modified":"2026-04-08T13:36:36","modified_gmt":"2026-04-08T13:36:36","slug":"famirel-sejas-mazgas-zeleja-gurkis-moringa-un-svaiga-piparmetra-200-ml","status":"publish","type":"product","link":"https:\/\/e.kosmolat.eu\/lv\/product\/famirel-sejas-mazgas-zeleja-gurkis-moringa-un-svaiga-piparmetra-200-ml\/","title":{"rendered":"Famirel Sejas mazg\u0101\u0161. \u017eeleja Gur\u0137is, moringa un svaig\u0101 piparm\u0113tra, 200 ml"},"content":{"rendered":"<p>Efekt\u012bvs l\u012bdzeklis ikdienas sejas \u0101das att\u012br\u012b\u0161anai no net\u012brumiem, sebuma un grima paliek\u0101m. Pateicoties maigajai formulai, \u017eeleja nodro\u0161ina maigu un delik\u0101tu att\u012br\u012b\u0161anu, neizjaucot \u0101das dabisko mitruma l\u012bmeni. Moringas ekstrakts akt\u012bvi aizsarg\u0101 \u0101du no kait\u012bg\u0101s br\u012bvo radik\u0101\u013cu ietekmes, saglab\u0101jot t\u0101s vesel\u012bbu un jaun\u012bbu. Hialuronsk\u0101bes, B5 vitam\u012bna un E vitam\u012bna kombin\u0101cija nodro\u0161ina dzi\u013cu baro\u0161anu un ilgsto\u0161u mitrin\u0101\u0161anu.<\/p>\n<p>Lieto\u0161ana: Uzkl\u0101jiet uz mitras sejas un kakla \u0101das, maigi iemas\u0113jot ar ap\u013cveida kust\u012bb\u0101m no apak\u0161as uz aug\u0161u, izvairoties no acu zonas. Noskalojiet ar siltu \u016bdeni.<\/p>\n<p>Piesardz\u012bbas pas\u0101kumi:<br \/>\n\u2022 Lietot saska\u0146\u0101 ar nor\u0101d\u012bjumiem.<br \/>\n\u2022 Nenor\u012bt.<br \/>\n\u2022 Izvair\u012bties no saskares ar ac\u012bm.<br \/>\n\u2022 Glab\u0101t b\u0113rniem nepieejam\u0101 viet\u0101.<br \/>\n\u2022 Nelietot, ja ir paaugstin\u0101ta individu\u0101la jut\u012bba pret k\u0101du no sast\u0101vda\u013c\u0101m.<br \/>\n\u2022 Nekav\u0113joties p\u0101rtraukt lieto\u0161anu, ja rodas kairin\u0101jums.<br \/>\n\u2022 Nesatur parab\u0113nus.<br \/>\n\u2022 Nesatur SLS.<\/p>\n<p>Uzglab\u0101\u0161anas noteikumi: Uzglab\u0101t temperat\u016br\u0101 no +5 l\u012bdz +39 \u00b0C un relat\u012bvaj\u0101 gaisa mitrum\u0101 no 55% l\u012bdz 70%.<\/p>\n","protected":false},"excerpt":{"rendered":"<p>Efekt\u012bvs l\u012bdzeklis ikdienas sejas \u0101das att\u012br\u012b\u0161anai no net\u012brumiem, sebuma un grima paliek\u0101m. Pateicoties maigajai formulai, \u017eeleja nodro\u0161ina maigu un delik\u0101tu att\u012br\u012b\u0161anu, neizjaucot \u0101das dabisko mitruma l\u012bmeni. Moringas ekstrakts akt\u012bvi aizsarg\u0101 \u0101du no kait\u012bg\u0101s br\u012bvo radik\u0101\u013cu ietekmes, saglab\u0101jot t\u0101s vesel\u012bbu un jaun\u012bbu. Hialuronsk\u0101bes, B5 vitam\u012bna un E vitam\u012bna kombin\u0101cija nodro\u0161ina dzi\u013cu baro\u0161anu un ilgsto\u0161u mitrin\u0101\u0161anu. Lieto\u0161ana: [&#8230;]\n","protected":false},"featured_media":102375,"template":"","meta":[],"product_cat":[1999],"product_tag":[],"class_list":{"0":"post-65791","1":"product","2":"type-product","3":"status-publish","4":"has-post-thumbnail","6":"product_brand-famirel-il","7":"product_cat-bez-kategorijas","9":"first","10":"instock","11":"taxable","12":"shipping-taxable","13":"product-type-simple"},"_links":{"self":[{"href":"https:\/\/e.kosmolat.eu\/lv\/wp-json\/wp\/v2\/product\/65791","targetHints":{"allow":["GET"]}}],"collection":[{"href":"https:\/\/e.kosmolat.eu\/lv\/wp-json\/wp\/v2\/product"}],"about":[{"href":"https:\/\/e.kosmolat.eu\/lv\/wp-json\/wp\/v2\/types\/product"}],"wp:featuredmedia":[{"embeddable":true,"href":"https:\/\/e.kosmolat.eu\/lv\/wp-json\/wp\/v2\/media\/102375"}],"wp:attachment":[{"href":"https:\/\/e.kosmolat.eu\/lv\/wp-json\/wp\/v2\/media?parent=65791"}],"wp:term":[{"taxonomy":"product_cat","embeddable":true,"href":"https:\/\/e.kosmolat.eu\/lv\/wp-json\/wp\/v2\/product_cat?post=65791"},{"taxonomy":"product_tag","embeddable":true,"href":"https:\/\/e.kosmolat.eu\/lv\/wp-json\/wp\/v2\/product_tag?post=65791"}],"curies":[{"name":"wp","href":"https:\/\/api.w.org\/{rel}","templated":true}]}}