{"id":65783,"date":"2025-03-25T05:06:22","date_gmt":"2025-03-25T05:06:22","guid":{"rendered":"https:\/\/e.kosmolat.eu\/product\/famirel-ikd-sejas-mazg-zeleja-visiem-ad-tip-ar-papainu-ingvera-un-melno-kim-ekst-200-ml\/"},"modified":"2026-04-10T13:47:54","modified_gmt":"2026-04-10T13:47:54","slug":"famirel-ikd-sejas-mazg-zeleja-visiem-ad-tip-ar-papainu-ingvera-un-melno-kim-ekst-200-ml","status":"publish","type":"product","link":"https:\/\/e.kosmolat.eu\/lv\/product\/famirel-ikd-sejas-mazg-zeleja-visiem-ad-tip-ar-papainu-ingvera-un-melno-kim-ekst-200-ml\/","title":{"rendered":"Famirel Ikd. sejas mazg. \u017eeleja visiem \u0101d. tip. ar papa\u012bnu, ingvera un melno \u0137im. ekst, 200 ml"},"content":{"rendered":"<p>Ide\u0101ls l\u012bdzeklis maigai un efekt\u012bvai sejas \u0101das att\u012br\u012b\u0161anai. Satur augu ekstraktus un N\u0101ves j\u016bras miner\u0101lus, kas apvienoti ar maigiem att\u012bro\u0161iem un mitrino\u0161iem komponentiem. \u017deleja saudz\u012bgi att\u012bra \u0101du, no\u0146emot uzkr\u0101ju\u0161os net\u012brumus un lieko sebumu. Atst\u0101j \u0101du svaigu un sagatavotu turpm\u0101kai kop\u0161anai. Piem\u0113rota visiem \u0101das tipiem.<\/p>\n<p>Lieto\u0161ana: Uzkl\u0101jiet uz mitras sejas un kakla \u0101das, maigi iemas\u0113jot ar ap\u013cveida kust\u012bb\u0101m no apak\u0161as uz aug\u0161u, izvairoties no acu zonas. Noskalojiet ar siltu \u016bdeni.<\/p>\n<p>Piesardz\u012bbas pas\u0101kumi:<br \/>\n\u2022 Lietot saska\u0146\u0101 ar nor\u0101d\u012bjumiem.<br \/>\n\u2022 Nenor\u012bt.<br \/>\n\u2022 Izvair\u012bties no saskares ar ac\u012bm.<br \/>\n\u2022 Glab\u0101t b\u0113rniem nepieejam\u0101 viet\u0101.<br \/>\n\u2022 Nelietot, ja ir paaugstin\u0101ta individu\u0101la jut\u012bba pret k\u0101du no sast\u0101vda\u013c\u0101m.<br \/>\n\u2022 Nekav\u0113joties p\u0101rtraukt lieto\u0161anu, ja rodas kairin\u0101jums.<br \/>\n\u2022 Nesatur parab\u0113nus.<br \/>\n\u2022 Nesatur SLS.<\/p>\n<p>Uzglab\u0101\u0161anas noteikumi: Uzglab\u0101t temperat\u016br\u0101 no +5 l\u012bdz +39 \u00b0C un relat\u012bvaj\u0101 gaisa mitrum\u0101 no 55% l\u012bdz 70%.<\/p>\n","protected":false},"excerpt":{"rendered":"<p>Ide\u0101ls l\u012bdzeklis maigai un efekt\u012bvai sejas \u0101das att\u012br\u012b\u0161anai. Satur augu ekstraktus un N\u0101ves j\u016bras miner\u0101lus, kas apvienoti ar maigiem att\u012bro\u0161iem un mitrino\u0161iem komponentiem. \u017deleja saudz\u012bgi att\u012bra \u0101du, no\u0146emot uzkr\u0101ju\u0161os net\u012brumus un lieko sebumu. Atst\u0101j \u0101du svaigu un sagatavotu turpm\u0101kai kop\u0161anai. Piem\u0113rota visiem \u0101das tipiem. Lieto\u0161ana: Uzkl\u0101jiet uz mitras sejas un kakla \u0101das, maigi iemas\u0113jot ar [&#8230;]\n","protected":false},"featured_media":102371,"template":"","meta":[],"product_cat":[1575],"product_tag":[],"class_list":{"0":"post-65783","1":"product","2":"type-product","3":"status-publish","4":"has-post-thumbnail","6":"product_brand-famirel-il","7":"product_cat-zelejas","9":"first","10":"instock","11":"taxable","12":"shipping-taxable","13":"product-type-simple"},"_links":{"self":[{"href":"https:\/\/e.kosmolat.eu\/lv\/wp-json\/wp\/v2\/product\/65783","targetHints":{"allow":["GET"]}}],"collection":[{"href":"https:\/\/e.kosmolat.eu\/lv\/wp-json\/wp\/v2\/product"}],"about":[{"href":"https:\/\/e.kosmolat.eu\/lv\/wp-json\/wp\/v2\/types\/product"}],"wp:featuredmedia":[{"embeddable":true,"href":"https:\/\/e.kosmolat.eu\/lv\/wp-json\/wp\/v2\/media\/102371"}],"wp:attachment":[{"href":"https:\/\/e.kosmolat.eu\/lv\/wp-json\/wp\/v2\/media?parent=65783"}],"wp:term":[{"taxonomy":"product_cat","embeddable":true,"href":"https:\/\/e.kosmolat.eu\/lv\/wp-json\/wp\/v2\/product_cat?post=65783"},{"taxonomy":"product_tag","embeddable":true,"href":"https:\/\/e.kosmolat.eu\/lv\/wp-json\/wp\/v2\/product_tag?post=65783"}],"curies":[{"name":"wp","href":"https:\/\/api.w.org\/{rel}","templated":true}]}}