{"id":65775,"date":"2025-03-25T05:06:05","date_gmt":"2025-03-25T05:06:05","guid":{"rendered":"https:\/\/e.kosmolat.eu\/product\/famirel-barojoss-pretnovec-sejas-serums-30-ml\/"},"modified":"2026-04-20T12:30:40","modified_gmt":"2026-04-20T12:30:40","slug":"famirel-barojoss-pretnovec-sejas-serums-30-ml","status":"publish","type":"product","link":"https:\/\/e.kosmolat.eu\/lv\/product\/famirel-barojoss-pretnovec-sejas-serums-30-ml\/","title":{"rendered":"Famirel Barojo\u0161s pretnovec. sejas serums, 30 ml"},"content":{"rendered":"<p>Serums satur bag\u0101t\u012bgu akt\u012bvo sast\u0101vda\u013cu kompleksu, kas baro \u0101das \u0161\u016bnas. T\u0101 sast\u0101v\u0101 ir hialuronsk\u0101be, kolag\u0113ns, A un E vitam\u012bni, kumel\u012b\u0161u un alvejas ekstrakti, k\u0101 ar\u012b citas vielas, kas kop\u0101 pal\u012bdz nov\u0113rst agr\u012bnu s\u012bko grumbi\u0146u veido\u0161anos un izl\u012bdzina \u0101du.<\/p>\n<p>Lieto\u0161ana: Uzkl\u0101jiet serumu uz \u0101das ar pirkstu galiem, viegli iemas\u0113jiet, l\u012bdz tas piln\u012bb\u0101 ies\u016bcas. Lai sasniegtu optim\u0101lu rezult\u0101tu, lietojiet divas reizes dien\u0101.<\/p>\n<p>Br\u012bdin\u0101jums: Satur A vitam\u012bnu. L\u016bgums pirms lieto\u0161anas p\u0101rdom\u0101t savu dienas devu.<\/p>\n<p>Piesardz\u012bbas pas\u0101kumi:<br \/>\n\u2022 Lietot saska\u0146\u0101 ar nor\u0101d\u012bjumiem.<br \/>\n\u2022 Nenor\u012bt.<br \/>\n\u2022 Izvair\u012bties no saskares ar ac\u012bm.<br \/>\n\u2022 Glab\u0101t b\u0113rniem nepieejam\u0101 viet\u0101.<br \/>\n\u2022 Nelietot, ja ir paaugstin\u0101ta individu\u0101la jut\u012bba pret k\u0101du no sast\u0101vda\u013c\u0101m.<br \/>\n\u2022 Nekav\u0113joties p\u0101rtraukt lieto\u0161anu, ja rodas kairin\u0101jums.<br \/>\n\u2022 Nesatur parab\u0113nus.<\/p>\n<p>Uzglab\u0101\u0161anas noteikumi: Uzglab\u0101t temperat\u016br\u0101 no +5 l\u012bdz +39 \u00b0C un relat\u012bvaj\u0101 gaisa mitrum\u0101 no 55% l\u012bdz 70%.<\/p>\n","protected":false},"excerpt":{"rendered":"<p>Serums satur bag\u0101t\u012bgu akt\u012bvo sast\u0101vda\u013cu kompleksu, kas baro \u0101das \u0161\u016bnas. T\u0101 sast\u0101v\u0101 ir hialuronsk\u0101be, kolag\u0113ns, A un E vitam\u012bni, kumel\u012b\u0161u un alvejas ekstrakti, k\u0101 ar\u012b citas vielas, kas kop\u0101 pal\u012bdz nov\u0113rst agr\u012bnu s\u012bko grumbi\u0146u veido\u0161anos un izl\u012bdzina \u0101du. Lieto\u0161ana: Uzkl\u0101jiet serumu uz \u0101das ar pirkstu galiem, viegli iemas\u0113jiet, l\u012bdz tas piln\u012bb\u0101 ies\u016bcas. Lai sasniegtu optim\u0101lu [&#8230;]\n","protected":false},"featured_media":101442,"template":"","meta":[],"product_cat":[1325],"product_tag":[],"class_list":{"0":"post-65775","1":"product","2":"type-product","3":"status-publish","4":"has-post-thumbnail","6":"product_brand-famirel-il","7":"product_cat-serumi","9":"first","10":"instock","11":"taxable","12":"shipping-taxable","13":"product-type-simple"},"_links":{"self":[{"href":"https:\/\/e.kosmolat.eu\/lv\/wp-json\/wp\/v2\/product\/65775","targetHints":{"allow":["GET"]}}],"collection":[{"href":"https:\/\/e.kosmolat.eu\/lv\/wp-json\/wp\/v2\/product"}],"about":[{"href":"https:\/\/e.kosmolat.eu\/lv\/wp-json\/wp\/v2\/types\/product"}],"wp:featuredmedia":[{"embeddable":true,"href":"https:\/\/e.kosmolat.eu\/lv\/wp-json\/wp\/v2\/media\/101442"}],"wp:attachment":[{"href":"https:\/\/e.kosmolat.eu\/lv\/wp-json\/wp\/v2\/media?parent=65775"}],"wp:term":[{"taxonomy":"product_cat","embeddable":true,"href":"https:\/\/e.kosmolat.eu\/lv\/wp-json\/wp\/v2\/product_cat?post=65775"},{"taxonomy":"product_tag","embeddable":true,"href":"https:\/\/e.kosmolat.eu\/lv\/wp-json\/wp\/v2\/product_tag?post=65775"}],"curies":[{"name":"wp","href":"https:\/\/api.w.org\/{rel}","templated":true}]}}