{"id":65751,"date":"2025-03-25T05:05:17","date_gmt":"2025-03-25T05:05:17","guid":{"rendered":"https:\/\/e.kosmolat.eu\/product\/famirel-liftactive-pretnovec-sejas-kr-ar-peptid-un-niacin-35-50-ml\/"},"modified":"2026-04-23T09:33:25","modified_gmt":"2026-04-23T09:33:25","slug":"famirel-liftactive-pretnovec-sejas-kr-ar-peptid-un-niacin-35-50-ml","status":"publish","type":"product","link":"https:\/\/e.kosmolat.eu\/lv\/product\/famirel-liftactive-pretnovec-sejas-kr-ar-peptid-un-niacin-35-50-ml\/","title":{"rendered":"Famirel Liftactive Pretnovec. sejas kr. ar pept\u012bd. un niacin. 35+, 50 ml"},"content":{"rendered":"<p>Unik\u0101ls, maigs kr\u0113ms samazina grumbas un redzami uzlabo sejas kr\u0101su. Formula ir bag\u0101tin\u0101ta ar akt\u012bvaj\u0101m e\u013c\u013c\u0101m, augu ekstraktiem un N\u0101ves j\u016bras miner\u0101liem. Viegl\u0101 tekst\u016bra \u013cauj kr\u0113mam \u0101tri ies\u016bkties. Lietojiet katru dienu k\u0101 pretnoveco\u0161an\u0101s kop\u0161anas l\u012bdzekli, lai padar\u012btu \u0101du tvirt\u0101ku un pie\u0161\u0137irtu tai jaunekl\u012bgu izskatu un mirdzumu.<\/p>\n<p>Lieto\u0161ana: Uzkl\u0101jiet kr\u0113mu uz t\u012bras sejas un kakla \u0101das, maigi iemas\u0113jot, l\u012bdz tas piln\u012bb\u0101 ies\u016bcas. Lai ieg\u016btu lab\u0101kos rezult\u0101tus, lietojiet katru dienu vismaz 30 dienas.<\/p>\n<p>Br\u012bdin\u0101jums: Satur A vitam\u012bnu. L\u016bgums pirms lieto\u0161anas p\u0101rdom\u0101t savu dienas devu.<\/p>\n<p>Piesardz\u012bbas pas\u0101kumi:<br \/>\n\u2022 Lietot saska\u0146\u0101 ar nor\u0101d\u012bjumiem.<br \/>\n\u2022 Nenor\u012bt.<br \/>\n\u2022 Izvair\u012bties no saskares ar ac\u012bm.<br \/>\n\u2022 Glab\u0101t b\u0113rniem nepieejam\u0101 viet\u0101.<br \/>\n\u2022 Nelietot, ja ir paaugstin\u0101ta individu\u0101la jut\u012bba pret k\u0101du no sast\u0101vda\u013c\u0101m.<br \/>\n\u2022 Nekav\u0113joties p\u0101rtraukt lieto\u0161anu, ja rodas kairin\u0101jums.<br \/>\n\u2022 Nesatur parab\u0113nus.<\/p>\n<p>Uzglab\u0101\u0161anas noteikumi: Uzglab\u0101t temperat\u016br\u0101 no +5 l\u012bdz +39 \u00b0C un relat\u012bvaj\u0101 gaisa mitrum\u0101 no 55% l\u012bdz 70%.<\/p>\n","protected":false},"excerpt":{"rendered":"<p>Unik\u0101ls, maigs kr\u0113ms samazina grumbas un redzami uzlabo sejas kr\u0101su. Formula ir bag\u0101tin\u0101ta ar akt\u012bvaj\u0101m e\u013c\u013c\u0101m, augu ekstraktiem un N\u0101ves j\u016bras miner\u0101liem. Viegl\u0101 tekst\u016bra \u013cauj kr\u0113mam \u0101tri ies\u016bkties. Lietojiet katru dienu k\u0101 pretnoveco\u0161an\u0101s kop\u0161anas l\u012bdzekli, lai padar\u012btu \u0101du tvirt\u0101ku un pie\u0161\u0137irtu tai jaunekl\u012bgu izskatu un mirdzumu. Lieto\u0161ana: Uzkl\u0101jiet kr\u0113mu uz t\u012bras sejas un kakla \u0101das, [&#8230;]\n","protected":false},"featured_media":98908,"template":"","meta":[],"product_cat":[1320],"product_tag":[],"class_list":{"0":"post-65751","1":"product","2":"type-product","3":"status-publish","4":"has-post-thumbnail","6":"product_brand-famirel-il","7":"product_cat-sejas-kremi","9":"first","10":"instock","11":"taxable","12":"shipping-taxable","13":"product-type-simple"},"_links":{"self":[{"href":"https:\/\/e.kosmolat.eu\/lv\/wp-json\/wp\/v2\/product\/65751","targetHints":{"allow":["GET"]}}],"collection":[{"href":"https:\/\/e.kosmolat.eu\/lv\/wp-json\/wp\/v2\/product"}],"about":[{"href":"https:\/\/e.kosmolat.eu\/lv\/wp-json\/wp\/v2\/types\/product"}],"wp:featuredmedia":[{"embeddable":true,"href":"https:\/\/e.kosmolat.eu\/lv\/wp-json\/wp\/v2\/media\/98908"}],"wp:attachment":[{"href":"https:\/\/e.kosmolat.eu\/lv\/wp-json\/wp\/v2\/media?parent=65751"}],"wp:term":[{"taxonomy":"product_cat","embeddable":true,"href":"https:\/\/e.kosmolat.eu\/lv\/wp-json\/wp\/v2\/product_cat?post=65751"},{"taxonomy":"product_tag","embeddable":true,"href":"https:\/\/e.kosmolat.eu\/lv\/wp-json\/wp\/v2\/product_tag?post=65751"}],"curies":[{"name":"wp","href":"https:\/\/api.w.org\/{rel}","templated":true}]}}