{"id":65743,"date":"2025-03-25T05:04:58","date_gmt":"2025-03-25T05:04:58","guid":{"rendered":"https:\/\/e.kosmolat.eu\/product\/famirel-black-caviar-eksfol-kerm-zel-sorbets-ar-meln-ikru-ekst-makadamija-un-argans-500-ml\/"},"modified":"2025-04-28T06:28:18","modified_gmt":"2025-04-28T06:28:18","slug":"famirel-black-caviar-eksfol-kerm-zel-sorbets-ar-meln-ikru-ekst-makadamija-un-argans-500-ml","status":"publish","type":"product","link":"https:\/\/e.kosmolat.eu\/lv\/product\/famirel-black-caviar-eksfol-kerm-zel-sorbets-ar-meln-ikru-ekst-makadamija-un-argans-500-ml\/","title":{"rendered":"Famirel Black Caviar Eksfol. \u0137erm. \u017eel.-sorbets ar meln. ikru ekst. Makad\u0101mija un arg\u0101ns, 500 ml"},"content":{"rendered":"<p>\u0136erme\u0146a du\u0161as \u017eeleja-sorbets apvieno melno ikru ekstraktu, makad\u0101mijas un arg\u0101na e\u013c\u013cu. \u0160is ide\u0101lais eksfoli\u0113jo\u0161s l\u012bdzeklis maigi no\u0146em net\u012brumus, likvid\u0113 atmiru\u0161\u0101s \u0161\u016bnas un uzlabo \u0101das tekst\u016bru, pateicoties t\u0101 att\u012bro\u0161aj\u0101m un mitrino\u0161aj\u0101m sast\u0101vda\u013c\u0101m. Rezult\u0101t\u0101 \u0101da k\u013c\u016bst ide\u0101li gluda, t\u012bra, atjaunota un z\u012bdaina.<\/p>\n<p>Lieto\u0161ana: Uzkl\u0101jiet \u017eeleju-sorbetu uz mitras \u0101das, iemas\u0113jiet \u0137erme\u0146a \u0101d\u0101, p\u0113c tam r\u016bp\u012bgi noskalojiet.<\/p>\n<p>Piesardz\u012bbas pas\u0101kumi:<br \/>\n\u2022 Lietot saska\u0146\u0101 ar nor\u0101d\u012bjumiem.<br \/>\n\u2022 Nenor\u012bt.<br \/>\n\u2022 Izvair\u012bties no saskares ar ac\u012bm.<br \/>\n\u2022 Glab\u0101t b\u0113rniem nepieejam\u0101 viet\u0101.<br \/>\n\u2022 Nelietot, ja ir paaugstin\u0101ta individu\u0101la jut\u012bba pret k\u0101du no sast\u0101vda\u013c\u0101m.<br \/>\n\u2022 Nekav\u0113joties p\u0101rtraukt lieto\u0161anu, ja rodas kairin\u0101jums.<br \/>\n\u2022 Nesatur parab\u0113nus.<\/p>\n<p>Uzglab\u0101\u0161anas noteikumi: Uzglab\u0101t temperat\u016br\u0101 no +5 l\u012bdz +39 \u00b0C un relat\u012bvaj\u0101 gaisa mitrum\u0101 no 55% l\u012bdz 70%.<\/p>\n","protected":false},"excerpt":{"rendered":"<p>\u0136erme\u0146a du\u0161as \u017eeleja-sorbets apvieno melno ikru ekstraktu, makad\u0101mijas un arg\u0101na e\u013c\u013cu. \u0160is ide\u0101lais eksfoli\u0113jo\u0161s l\u012bdzeklis maigi no\u0146em net\u012brumus, likvid\u0113 atmiru\u0161\u0101s \u0161\u016bnas un uzlabo \u0101das tekst\u016bru, pateicoties t\u0101 att\u012bro\u0161aj\u0101m un mitrino\u0161aj\u0101m sast\u0101vda\u013c\u0101m. Rezult\u0101t\u0101 \u0101da k\u013c\u016bst ide\u0101li gluda, t\u012bra, atjaunota un z\u012bdaina. Lieto\u0161ana: Uzkl\u0101jiet \u017eeleju-sorbetu uz mitras \u0101das, iemas\u0113jiet \u0137erme\u0146a \u0101d\u0101, p\u0113c tam r\u016bp\u012bgi noskalojiet. Piesardz\u012bbas pas\u0101kumi: [&#8230;]\n","protected":false},"featured_media":65747,"template":"","meta":[],"product_cat":[1357],"product_tag":[],"class_list":{"0":"post-65743","1":"product","2":"type-product","3":"status-publish","4":"has-post-thumbnail","6":"product_brand-famirel-il","7":"product_cat-skrubji-un-pilingi-kermenim","9":"first","10":"outofstock","11":"taxable","12":"shipping-taxable","13":"product-type-simple"},"_links":{"self":[{"href":"https:\/\/e.kosmolat.eu\/lv\/wp-json\/wp\/v2\/product\/65743","targetHints":{"allow":["GET"]}}],"collection":[{"href":"https:\/\/e.kosmolat.eu\/lv\/wp-json\/wp\/v2\/product"}],"about":[{"href":"https:\/\/e.kosmolat.eu\/lv\/wp-json\/wp\/v2\/types\/product"}],"wp:featuredmedia":[{"embeddable":true,"href":"https:\/\/e.kosmolat.eu\/lv\/wp-json\/wp\/v2\/media\/65747"}],"wp:attachment":[{"href":"https:\/\/e.kosmolat.eu\/lv\/wp-json\/wp\/v2\/media?parent=65743"}],"wp:term":[{"taxonomy":"product_cat","embeddable":true,"href":"https:\/\/e.kosmolat.eu\/lv\/wp-json\/wp\/v2\/product_cat?post=65743"},{"taxonomy":"product_tag","embeddable":true,"href":"https:\/\/e.kosmolat.eu\/lv\/wp-json\/wp\/v2\/product_tag?post=65743"}],"curies":[{"name":"wp","href":"https:\/\/api.w.org\/{rel}","templated":true}]}}