{"id":65735,"date":"2025-03-25T05:04:43","date_gmt":"2025-03-25T05:04:43","guid":{"rendered":"https:\/\/e.kosmolat.eu\/product\/famirel-black-caviar-maska-boj-un-krasotiem-matiem-ar-melno-ikru-ekstr-250-ml\/"},"modified":"2026-04-20T07:14:05","modified_gmt":"2026-04-20T07:14:05","slug":"famirel-black-caviar-maska-boj-un-krasotiem-matiem-ar-melno-ikru-ekstr-250-ml","status":"publish","type":"product","link":"https:\/\/e.kosmolat.eu\/lv\/product\/famirel-black-caviar-maska-boj-un-krasotiem-matiem-ar-melno-ikru-ekstr-250-ml\/","title":{"rendered":"Famirel Black Caviar Maska boj. un kr\u0101sotiem matiem ar melno ikru ekstr., 250 ml"},"content":{"rendered":"<p>Mitrino\u0161a maska boj\u0101tiem un kr\u0101sotiem matiem. Baro galvas \u0101du, atst\u0101jot matus mitrin\u0101tus, m\u012bkstus un vesel\u012bgus. Bag\u0101tin\u0101ta ar melno ikru ekstraktu, N\u0101ves j\u016bras miner\u0101liem, ol\u012bve\u013c\u013cu, kvie\u0161u d\u012bg\u013cu e\u013c\u013cu un inkapus\u0113to E vitam\u012bnu.<\/p>\n<p>Lieto\u0161ana: P\u0113c matu mazg\u0101\u0161anas nosusiniet tos ar dvieli. Uzkl\u0101jiet masku, k\u0101rt\u012bgi iemas\u0113jot galvas \u0101d\u0101, atst\u0101jiet uz 5-10 min\u016bt\u0113m, p\u0113c tam r\u016bp\u012bgi noskalojiet.<\/p>\n<p>Br\u012bdin\u0101jums: Satur A vitam\u012bnu. L\u016bgums pirms lieto\u0161anas p\u0101rdom\u0101t savu dienas devu.<\/p>\n<p>Piesardz\u012bbas pas\u0101kumi:<br \/>\n\u2022 Lietot saska\u0146\u0101 ar nor\u0101d\u012bjumiem.<br \/>\n\u2022 Nenor\u012bt.<br \/>\n\u2022 Izvair\u012bties no saskares ar ac\u012bm.<br \/>\n\u2022 Glab\u0101t b\u0113rniem nepieejam\u0101 viet\u0101.<br \/>\n\u2022 Nelietot, ja ir paaugstin\u0101ta individu\u0101la jut\u012bba pret k\u0101du no sast\u0101vda\u013c\u0101m.<br \/>\n\u2022 Nekav\u0113joties p\u0101rtraukt lieto\u0161anu, ja rodas kairin\u0101jums.<br \/>\n\u2022 Nesatur parab\u0113nus.<\/p>\n<p>Uzglab\u0101\u0161anas noteikumi: Uzglab\u0101t temperat\u016br\u0101 no +5 l\u012bdz +39 \u00b0C un relat\u012bvaj\u0101 gaisa mitrum\u0101 no 55% l\u012bdz 70%.<\/p>\n","protected":false},"excerpt":{"rendered":"<p>Mitrino\u0161a maska boj\u0101tiem un kr\u0101sotiem matiem. Baro galvas \u0101du, atst\u0101jot matus mitrin\u0101tus, m\u012bkstus un vesel\u012bgus. Bag\u0101tin\u0101ta ar melno ikru ekstraktu, N\u0101ves j\u016bras miner\u0101liem, ol\u012bve\u013c\u013cu, kvie\u0161u d\u012bg\u013cu e\u013c\u013cu un inkapus\u0113to E vitam\u012bnu. Lieto\u0161ana: P\u0113c matu mazg\u0101\u0161anas nosusiniet tos ar dvieli. Uzkl\u0101jiet masku, k\u0101rt\u012bgi iemas\u0113jot galvas \u0101d\u0101, atst\u0101jiet uz 5-10 min\u016bt\u0113m, p\u0113c tam r\u016bp\u012bgi noskalojiet. Br\u012bdin\u0101jums: Satur [&#8230;]\n","protected":false},"featured_media":107615,"template":"","meta":[],"product_cat":[1256],"product_tag":[],"class_list":{"0":"post-65735","1":"product","2":"type-product","3":"status-publish","4":"has-post-thumbnail","6":"product_brand-famirel-il","7":"product_cat-plauku-kaukes","9":"first","10":"instock","11":"taxable","12":"shipping-taxable","13":"product-type-simple"},"_links":{"self":[{"href":"https:\/\/e.kosmolat.eu\/lv\/wp-json\/wp\/v2\/product\/65735","targetHints":{"allow":["GET"]}}],"collection":[{"href":"https:\/\/e.kosmolat.eu\/lv\/wp-json\/wp\/v2\/product"}],"about":[{"href":"https:\/\/e.kosmolat.eu\/lv\/wp-json\/wp\/v2\/types\/product"}],"wp:featuredmedia":[{"embeddable":true,"href":"https:\/\/e.kosmolat.eu\/lv\/wp-json\/wp\/v2\/media\/107615"}],"wp:attachment":[{"href":"https:\/\/e.kosmolat.eu\/lv\/wp-json\/wp\/v2\/media?parent=65735"}],"wp:term":[{"taxonomy":"product_cat","embeddable":true,"href":"https:\/\/e.kosmolat.eu\/lv\/wp-json\/wp\/v2\/product_cat?post=65735"},{"taxonomy":"product_tag","embeddable":true,"href":"https:\/\/e.kosmolat.eu\/lv\/wp-json\/wp\/v2\/product_tag?post=65735"}],"curies":[{"name":"wp","href":"https:\/\/api.w.org\/{rel}","templated":true}]}}