{"id":65727,"date":"2025-03-25T05:04:28","date_gmt":"2025-03-25T05:04:28","guid":{"rendered":"https:\/\/e.kosmolat.eu\/product\/famirel-black-caviar-atjaun-matu-kondic-ar-melno-ikru-ekstraktu-intens-kops-500\/"},"modified":"2026-04-20T07:13:47","modified_gmt":"2026-04-20T07:13:47","slug":"famirel-black-caviar-atjaun-matu-kondic-ar-melno-ikru-ekstraktu-intens-kops-500","status":"publish","type":"product","link":"https:\/\/e.kosmolat.eu\/lv\/product\/famirel-black-caviar-atjaun-matu-kondic-ar-melno-ikru-ekstraktu-intens-kops-500\/","title":{"rendered":"Famirel Black Caviar Atjaun. matu kondic. ar melno ikru ekstraktu Intens. kop\u0161., 500"},"content":{"rendered":"<p>Atjaunojo\u0161s kondicionieris intens\u012bvai kop\u0161anai. Satur melno ikru ekstraktu, bag\u0101tin\u0101ts ar B5 vitam\u012bnu un antioksidanta gran\u0101t\u0101bola ekstraktu. Smilts\u0113rk\u0161\u0137u e\u013c\u013ca un kvie\u0161u d\u012bgstu e\u013c\u013ca aizsarg\u0101 matus, pie\u0161\u0137ir tiem sp\u012bdumu un stiprina tos.<\/p>\n<p>Lieto\u0161ana: P\u0113c \u0161amp\u016bna lieto\u0161anas vienm\u0113r\u012bgi uzkl\u0101jiet kondicionieri uz matiem un maigi iemas\u0113jiet. Atst\u0101jiet uz 2-3 min\u016bt\u0113m, p\u0113c tam r\u016bp\u012bgi noskalojiet.<\/p>\n<p>Piesardz\u012bbas pas\u0101kumi:<br \/>\n\u2022 Lietot saska\u0146\u0101 ar nor\u0101d\u012bjumiem.<br \/>\n\u2022 Nenor\u012bt.<br \/>\n\u2022 Izvair\u012bties no saskares ar ac\u012bm.<br \/>\n\u2022 Glab\u0101t b\u0113rniem nepieejam\u0101 viet\u0101.<br \/>\n\u2022 Nelietot, ja ir paaugstin\u0101ta individu\u0101la jut\u012bba pret k\u0101du no sast\u0101vda\u013c\u0101m.<br \/>\n\u2022 Nekav\u0113joties p\u0101rtraukt lieto\u0161anu, ja rodas kairin\u0101jums.<br \/>\n\u2022 Nesatur parab\u0113nus.<\/p>\n<p>Uzglab\u0101\u0161anas noteikumi: Uzglab\u0101t temperat\u016br\u0101 no +5 l\u012bdz +39 \u00b0C un relat\u012bvaj\u0101 gaisa mitrum\u0101 no 55% l\u012bdz 70%.<\/p>\n","protected":false},"excerpt":{"rendered":"<p>Atjaunojo\u0161s kondicionieris intens\u012bvai kop\u0161anai. Satur melno ikru ekstraktu, bag\u0101tin\u0101ts ar B5 vitam\u012bnu un antioksidanta gran\u0101t\u0101bola ekstraktu. Smilts\u0113rk\u0161\u0137u e\u013c\u013ca un kvie\u0161u d\u012bgstu e\u013c\u013ca aizsarg\u0101 matus, pie\u0161\u0137ir tiem sp\u012bdumu un stiprina tos. Lieto\u0161ana: P\u0113c \u0161amp\u016bna lieto\u0161anas vienm\u0113r\u012bgi uzkl\u0101jiet kondicionieri uz matiem un maigi iemas\u0113jiet. Atst\u0101jiet uz 2-3 min\u016bt\u0113m, p\u0113c tam r\u016bp\u012bgi noskalojiet. Piesardz\u012bbas pas\u0101kumi: \u2022 Lietot saska\u0146\u0101 [&#8230;]\n","protected":false},"featured_media":107221,"template":"","meta":[],"product_cat":[1638],"product_tag":[],"class_list":{"0":"post-65727","1":"product","2":"type-product","3":"status-publish","4":"has-post-thumbnail","6":"product_brand-famirel-il","7":"product_cat-balzami","9":"first","10":"instock","11":"taxable","12":"shipping-taxable","13":"product-type-simple"},"_links":{"self":[{"href":"https:\/\/e.kosmolat.eu\/lv\/wp-json\/wp\/v2\/product\/65727","targetHints":{"allow":["GET"]}}],"collection":[{"href":"https:\/\/e.kosmolat.eu\/lv\/wp-json\/wp\/v2\/product"}],"about":[{"href":"https:\/\/e.kosmolat.eu\/lv\/wp-json\/wp\/v2\/types\/product"}],"wp:featuredmedia":[{"embeddable":true,"href":"https:\/\/e.kosmolat.eu\/lv\/wp-json\/wp\/v2\/media\/107221"}],"wp:attachment":[{"href":"https:\/\/e.kosmolat.eu\/lv\/wp-json\/wp\/v2\/media?parent=65727"}],"wp:term":[{"taxonomy":"product_cat","embeddable":true,"href":"https:\/\/e.kosmolat.eu\/lv\/wp-json\/wp\/v2\/product_cat?post=65727"},{"taxonomy":"product_tag","embeddable":true,"href":"https:\/\/e.kosmolat.eu\/lv\/wp-json\/wp\/v2\/product_tag?post=65727"}],"curies":[{"name":"wp","href":"https:\/\/api.w.org\/{rel}","templated":true}]}}