{"id":65719,"date":"2025-03-25T05:04:13","date_gmt":"2025-03-25T05:04:13","guid":{"rendered":"https:\/\/e.kosmolat.eu\/product\/famirel-black-caviar-atjaun-samp-ar-meln-ikru-ekstr-taukain-matiem-500-ml\/"},"modified":"2026-04-20T07:13:30","modified_gmt":"2026-04-20T07:13:30","slug":"famirel-black-caviar-atjaun-samp-ar-meln-ikru-ekstr-taukain-matiem-500-ml","status":"publish","type":"product","link":"https:\/\/e.kosmolat.eu\/lv\/product\/famirel-black-caviar-atjaun-samp-ar-meln-ikru-ekstr-taukain-matiem-500-ml\/","title":{"rendered":"Famirel Black Caviar Atjaun. \u0161amp. ar meln. ikru ekstr, taukain. matiem, 500 ml"},"content":{"rendered":"<p>\u0160amp\u016bns ir paredz\u0113ts taukainas galvas \u0101das un matu att\u012br\u012b\u0161anai un baro\u0161anai. Tas satur melno ikru, gran\u0101t\u0101bola un rozmar\u012bna ekstraktus. pH l\u012bmenis 5,5. Atst\u0101j matus m\u012bkstus, t\u012brus un ide\u0101l\u0101 st\u0101vokl\u012b turpm\u0101kai kop\u0161anai ar kondicionieri un\/vai matu masku.<\/p>\n<p>Lieto\u0161ana: Uzkl\u0101jiet \u0161amp\u016bnu uz matiem, intens\u012bvi iemas\u0113jot to galvas \u0101d\u0101. Noskalojiet ar siltu \u016bdeni. Lai ieg\u016btu lab\u0101ku rezult\u0101tu, turpiniet ar kondicionieri vai matu masku.<\/p>\n<p>Piesardz\u012bbas pas\u0101kumi:<br \/>\n\u2022 Lietot saska\u0146\u0101 ar nor\u0101d\u012bjumiem.<br \/>\n\u2022 Nenor\u012bt.<br \/>\n\u2022 Izvair\u012bties no saskares ar ac\u012bm.<br \/>\n\u2022 Glab\u0101t b\u0113rniem nepieejam\u0101 viet\u0101.<br \/>\n\u2022 Nelietot, ja ir paaugstin\u0101ta individu\u0101la jut\u012bba pret k\u0101du no sast\u0101vda\u013c\u0101m.<br \/>\n\u2022 Nekav\u0113joties p\u0101rtraukt lieto\u0161anu, ja rodas kairin\u0101jums.<br \/>\n\u2022 Nesatur parab\u0113nus.<\/p>\n<p>Uzglab\u0101\u0161anas noteikumi: Uzglab\u0101t temperat\u016br\u0101 no +5 l\u012bdz +39 \u00b0C un relat\u012bvaj\u0101 gaisa mitrum\u0101 no 55% l\u012bdz 70%.<\/p>\n","protected":false},"excerpt":{"rendered":"<p>\u0160amp\u016bns ir paredz\u0113ts taukainas galvas \u0101das un matu att\u012br\u012b\u0161anai un baro\u0161anai. Tas satur melno ikru, gran\u0101t\u0101bola un rozmar\u012bna ekstraktus. pH l\u012bmenis 5,5. Atst\u0101j matus m\u012bkstus, t\u012brus un ide\u0101l\u0101 st\u0101vokl\u012b turpm\u0101kai kop\u0161anai ar kondicionieri un\/vai matu masku. Lieto\u0161ana: Uzkl\u0101jiet \u0161amp\u016bnu uz matiem, intens\u012bvi iemas\u0113jot to galvas \u0101d\u0101. Noskalojiet ar siltu \u016bdeni. Lai ieg\u016btu lab\u0101ku rezult\u0101tu, turpiniet [&#8230;]\n","protected":false},"featured_media":107611,"template":"","meta":[],"product_cat":[1248],"product_tag":[],"class_list":{"0":"post-65719","1":"product","2":"type-product","3":"status-publish","4":"has-post-thumbnail","6":"product_brand-famirel-il","7":"product_cat-sampuni","9":"first","10":"instock","11":"taxable","12":"shipping-taxable","13":"product-type-simple"},"_links":{"self":[{"href":"https:\/\/e.kosmolat.eu\/lv\/wp-json\/wp\/v2\/product\/65719","targetHints":{"allow":["GET"]}}],"collection":[{"href":"https:\/\/e.kosmolat.eu\/lv\/wp-json\/wp\/v2\/product"}],"about":[{"href":"https:\/\/e.kosmolat.eu\/lv\/wp-json\/wp\/v2\/types\/product"}],"wp:featuredmedia":[{"embeddable":true,"href":"https:\/\/e.kosmolat.eu\/lv\/wp-json\/wp\/v2\/media\/107611"}],"wp:attachment":[{"href":"https:\/\/e.kosmolat.eu\/lv\/wp-json\/wp\/v2\/media?parent=65719"}],"wp:term":[{"taxonomy":"product_cat","embeddable":true,"href":"https:\/\/e.kosmolat.eu\/lv\/wp-json\/wp\/v2\/product_cat?post=65719"},{"taxonomy":"product_tag","embeddable":true,"href":"https:\/\/e.kosmolat.eu\/lv\/wp-json\/wp\/v2\/product_tag?post=65719"}],"curies":[{"name":"wp","href":"https:\/\/api.w.org\/{rel}","templated":true}]}}